{"id":3967,"date":"2024-07-12T09:37:54","date_gmt":"2024-07-12T07:37:54","guid":{"rendered":"http:\/\/www.ihr-ferienpartner.de\/mobil\/?page_id=3967"},"modified":"2024-07-12T09:37:54","modified_gmt":"2024-07-12T07:37:54","slug":"bahia-princess","status":"publish","type":"page","link":"https:\/\/www.ihr-ferienpartner.de\/mobil\/bahia-princess\/","title":{"rendered":"Princess Inspire Tenerife"},"content":{"rendered":"<div style=\"background-color: #ffffff; padding: 20px 20px 20px 20px;\">\n<h1>Princess Inspire Tenerife<\/h1>\n<p>Costa Adeje &#8211; Teneriffa<\/p>\n<p><img decoding=\"async\" src=\"https:\/\/www.ihr-ferienpartner.de\/Angebot\/BahiaPrincess.jpg\" alt=\"Hotel Princess Inspire Tenerife auf Teneriffa billig buchen\" title=\"Reisen nach Teneriffa ins Hotel Princess Inspire Tenerife \"><br \/>\n<font size=\"-1\">Das klassische Komforthotel Princess Inspire Tenerife (ehemals Bahia Princess) liegt in Costa Adeje <strong>nur 250m vom Strand<\/strong> Playa de Fanabe entfernt und bietet eine h\u00fcbsche Gartenanlage. Auf mehreren Ebenen werden <strong>drei Pools<\/strong> (1 beheizbar) und eine <strong>gro\u00dfe Sonnenterasse<\/strong> mit Liegen, Schirmen und Badet\u00fcchern angeboten. Buchbar ist das Hotel mit <strong>Halbpension<\/strong>. In der direkten Umgebung sorgen Gesch\u00e4fte, Bars und Restaurants f\u00fcr Abwechslung, nach Playa de las Americas sind es ca. 2 km. <\/font><\/p>\n<hr>\n<p><font size=\"-1\"><b><font color=\"b62b31\">weitere Hotel-Tipps auf Teneriffa:<\/font><\/b> <a href=\"https:\/\/www.ihr-ferienpartner.de\/mobil\/riu-palace-tenerife\/\">Riu Palace Tenerife<\/a>, Playa del Duque &#8211; <a href=\"https:\/\/www.ihr-ferienpartner.de\/mobil\/riu-arecas\/\">Riu Arecas<\/a>, Playa del Duque &#8211; <a href=\"https:\/\/www.ihr-ferienpartner.de\/mobil\/riu-buenavista\/\">Riu Buenavista<\/a>, Playa Paraiso &#8211; <a href=\"https:\/\/www.ihr-ferienpartner.de\/mobil\/bahia-principe\/\">Bahia Principe Costa Adeje &amp; Tenerife Resort<\/a>, Playa Paraiso &#8211; <a href=\"https:\/\/www.ihr-ferienpartner.de\/mobil\/iberostar-selection-anthelia\/\">Iberostar Selection Anthelia<\/a>, Playa de Fanabe &#8211; <a href=\"https:\/\/www.ihr-ferienpartner.de\/mobil\/gran-melia-palacia-de-isora\/\">Gran Melia Palacia de Isora<\/a>, Alcala<\/font><\/p>\n<p><b><font color=\"b62b31\">alle Hotels auf:<\/font><\/b> <a href=\"https:\/\/www.ihr-ferienpartner.de\/mobil\/teneriffa\">Teneriffa &gt;&gt;<\/a><\/p>\n<hr>\n<div id=\"ypsnet-ibe\" data-src=\"https:\/\/b2b.specials.de\/index\/jump\/119\/2780\/991880\/?action=dates&amp;regionId=135&amp;from=15&amp;to=316&amp;duration=7-7&amp;maxPrice=5000&amp;adults=2&amp;giataId=8433\"><\/div>\n<p><script src=\"https:\/\/webmedia.ypsilon.net\/spl_js\/ypsnet-ibe.js\"><\/script><\/p>\n<\/div>\n<div style=\"background-color: #ffffff; padding: 20px 20px 20px 20px;\">\n<hr>\n<p><b>Urlaub im Princess Inspire Tenerife:<\/b><br \/>\nBuchen Sie Ihre Teneriffa-Reise und profitieren Sie u.a. vom Anbieter-Preisvergleich und Hotel-Rankings aus \u00fcber 1.000.000 authentischen Hotelbewertungen.<\/p>\n<p><img decoding=\"async\" src=\"https:\/\/www.ihr-ferienpartner.de\/Angebot\/Anbietervergleich.jpg\" alt=\"Reisen nach Teneriffa ins Princess Inspire Tenerife \" title=\"Reisen nach Teneriffa, Hotel Princess Inspire Tenerife \"><\/p>\n<\/div>\n","protected":false},"excerpt":{"rendered":"<p>Princess Inspire Tenerife Costa Adeje &#8211; Teneriffa Das klassische Komforthotel Princess Inspire Tenerife (ehemals Bahia Princess) liegt in Costa Adeje nur 250m vom Strand Playa de Fanabe entfernt und bietet eine h\u00fcbsche Gartenanlage. Auf mehreren Ebenen werden drei Pools (1 beheizbar) und eine gro\u00dfe Sonnenterasse mit Liegen, Schirmen und Badet\u00fcchern angeboten. Buchbar ist das Hotel [&hellip;]<\/p>\n","protected":false},"author":1,"featured_media":0,"parent":0,"menu_order":0,"comment_status":"closed","ping_status":"closed","template":"","meta":{"footnotes":""},"yoast_head":"<!-- This site is optimized with the Yoast SEO plugin v22.8 - https:\/\/yoast.com\/wordpress\/plugins\/seo\/ -->\n<title>Princess Inspire Tenerife, Costa Adeje - Teneriffa g\u00fcnstig buchen!<\/title>\n<meta name=\"description\" content=\"Sparen Sie bei Ihrer Kanaren-Reise durch Anbieter-Preisvergleich, flexible Terminauswahl, alle Abflughafen, Hotelbewertungen.\" \/>\n<meta name=\"robots\" content=\"index, follow, max-snippet:-1, max-image-preview:large, max-video-preview:-1\" \/>\n<link rel=\"canonical\" href=\"https:\/\/www.ihr-ferienpartner.de\/mobil\/bahia-princess\/\" \/>\n<meta property=\"og:locale\" content=\"de_DE\" \/>\n<meta property=\"og:type\" content=\"article\" \/>\n<meta property=\"og:title\" content=\"Princess Inspire Tenerife, Costa Adeje - Teneriffa g\u00fcnstig buchen!\" \/>\n<meta property=\"og:description\" content=\"Sparen Sie bei Ihrer Kanaren-Reise durch Anbieter-Preisvergleich, flexible Terminauswahl, alle Abflughafen, Hotelbewertungen.\" \/>\n<meta property=\"og:url\" content=\"https:\/\/www.ihr-ferienpartner.de\/mobil\/bahia-princess\/\" \/>\n<meta property=\"og:site_name\" content=\"FINDE DEIN SPONTANIEN - Reisen g\u00fcnstig buchen\" \/>\n<meta property=\"og:image\" content=\"https:\/\/www.ihr-ferienpartner.de\/Angebot\/BahiaPrincess.jpg\" \/>\n<meta name=\"twitter:card\" content=\"summary_large_image\" \/>\n<meta name=\"twitter:label1\" content=\"Gesch\u00e4tzte Lesezeit\" \/>\n\t<meta name=\"twitter:data1\" content=\"2\u00a0Minuten\" \/>\n<script type=\"application\/ld+json\" class=\"yoast-schema-graph\">{\"@context\":\"https:\/\/schema.org\",\"@graph\":[{\"@type\":\"WebPage\",\"@id\":\"https:\/\/www.ihr-ferienpartner.de\/mobil\/bahia-princess\/\",\"url\":\"https:\/\/www.ihr-ferienpartner.de\/mobil\/bahia-princess\/\",\"name\":\"Princess Inspire Tenerife, Costa Adeje - Teneriffa g\u00fcnstig buchen!\",\"isPartOf\":{\"@id\":\"https:\/\/www.ihr-ferienpartner.de\/mobil\/#website\"},\"primaryImageOfPage\":{\"@id\":\"https:\/\/www.ihr-ferienpartner.de\/mobil\/bahia-princess\/#primaryimage\"},\"image\":{\"@id\":\"https:\/\/www.ihr-ferienpartner.de\/mobil\/bahia-princess\/#primaryimage\"},\"thumbnailUrl\":\"https:\/\/www.ihr-ferienpartner.de\/Angebot\/BahiaPrincess.jpg\",\"datePublished\":\"2024-07-12T07:37:54+00:00\",\"dateModified\":\"2024-07-12T07:37:54+00:00\",\"description\":\"Sparen Sie bei Ihrer Kanaren-Reise durch Anbieter-Preisvergleich, flexible Terminauswahl, alle Abflughafen, Hotelbewertungen.\",\"breadcrumb\":{\"@id\":\"https:\/\/www.ihr-ferienpartner.de\/mobil\/bahia-princess\/#breadcrumb\"},\"inLanguage\":\"de\",\"potentialAction\":[{\"@type\":\"ReadAction\",\"target\":[\"https:\/\/www.ihr-ferienpartner.de\/mobil\/bahia-princess\/\"]}]},{\"@type\":\"ImageObject\",\"inLanguage\":\"de\",\"@id\":\"https:\/\/www.ihr-ferienpartner.de\/mobil\/bahia-princess\/#primaryimage\",\"url\":\"https:\/\/www.ihr-ferienpartner.de\/Angebot\/BahiaPrincess.jpg\",\"contentUrl\":\"https:\/\/www.ihr-ferienpartner.de\/Angebot\/BahiaPrincess.jpg\"},{\"@type\":\"BreadcrumbList\",\"@id\":\"https:\/\/www.ihr-ferienpartner.de\/mobil\/bahia-princess\/#breadcrumb\",\"itemListElement\":[{\"@type\":\"ListItem\",\"position\":1,\"name\":\"Startseite\",\"item\":\"https:\/\/www.ihr-ferienpartner.de\/mobil\/\"},{\"@type\":\"ListItem\",\"position\":2,\"name\":\"Princess Inspire Tenerife\"}]},{\"@type\":\"WebSite\",\"@id\":\"https:\/\/www.ihr-ferienpartner.de\/mobil\/#website\",\"url\":\"https:\/\/www.ihr-ferienpartner.de\/mobil\/\",\"name\":\"FINDE DEIN SPONTANIEN - Reisen g\u00fcnstig buchen\",\"description\":\"Flugreisen im Preisvergleich mit flexiblen Terminen &amp; Abflughafen.\",\"publisher\":{\"@id\":\"https:\/\/www.ihr-ferienpartner.de\/mobil\/#organization\"},\"potentialAction\":[{\"@type\":\"SearchAction\",\"target\":{\"@type\":\"EntryPoint\",\"urlTemplate\":\"https:\/\/www.ihr-ferienpartner.de\/mobil\/?s={search_term_string}\"},\"query-input\":\"required name=search_term_string\"}],\"inLanguage\":\"de\"},{\"@type\":\"Organization\",\"@id\":\"https:\/\/www.ihr-ferienpartner.de\/mobil\/#organization\",\"name\":\"FINDE DEIN SPONTANIEN - Reisen g\u00fcnstig buchen\",\"url\":\"https:\/\/www.ihr-ferienpartner.de\/mobil\/\",\"logo\":{\"@type\":\"ImageObject\",\"inLanguage\":\"de\",\"@id\":\"https:\/\/www.ihr-ferienpartner.de\/mobil\/#\/schema\/logo\/image\/\",\"url\":\"https:\/\/www.ihr-ferienpartner.de\/mobil\/wp-content\/uploads\/2019\/10\/spontanien.jpg\",\"contentUrl\":\"https:\/\/www.ihr-ferienpartner.de\/mobil\/wp-content\/uploads\/2019\/10\/spontanien.jpg\",\"width\":818,\"height\":200,\"caption\":\"FINDE DEIN SPONTANIEN - Reisen g\u00fcnstig buchen\"},\"image\":{\"@id\":\"https:\/\/www.ihr-ferienpartner.de\/mobil\/#\/schema\/logo\/image\/\"}}]}<\/script>\n<!-- \/ Yoast SEO plugin. -->","yoast_head_json":{"title":"Princess Inspire Tenerife, Costa Adeje - Teneriffa g\u00fcnstig buchen!","description":"Sparen Sie bei Ihrer Kanaren-Reise durch Anbieter-Preisvergleich, flexible Terminauswahl, alle Abflughafen, Hotelbewertungen.","robots":{"index":"index","follow":"follow","max-snippet":"max-snippet:-1","max-image-preview":"max-image-preview:large","max-video-preview":"max-video-preview:-1"},"canonical":"https:\/\/www.ihr-ferienpartner.de\/mobil\/bahia-princess\/","og_locale":"de_DE","og_type":"article","og_title":"Princess Inspire Tenerife, Costa Adeje - Teneriffa g\u00fcnstig buchen!","og_description":"Sparen Sie bei Ihrer Kanaren-Reise durch Anbieter-Preisvergleich, flexible Terminauswahl, alle Abflughafen, Hotelbewertungen.","og_url":"https:\/\/www.ihr-ferienpartner.de\/mobil\/bahia-princess\/","og_site_name":"FINDE DEIN SPONTANIEN - Reisen g\u00fcnstig buchen","og_image":[{"url":"https:\/\/www.ihr-ferienpartner.de\/Angebot\/BahiaPrincess.jpg"}],"twitter_card":"summary_large_image","twitter_misc":{"Gesch\u00e4tzte Lesezeit":"2\u00a0Minuten"},"schema":{"@context":"https:\/\/schema.org","@graph":[{"@type":"WebPage","@id":"https:\/\/www.ihr-ferienpartner.de\/mobil\/bahia-princess\/","url":"https:\/\/www.ihr-ferienpartner.de\/mobil\/bahia-princess\/","name":"Princess Inspire Tenerife, Costa Adeje - Teneriffa g\u00fcnstig buchen!","isPartOf":{"@id":"https:\/\/www.ihr-ferienpartner.de\/mobil\/#website"},"primaryImageOfPage":{"@id":"https:\/\/www.ihr-ferienpartner.de\/mobil\/bahia-princess\/#primaryimage"},"image":{"@id":"https:\/\/www.ihr-ferienpartner.de\/mobil\/bahia-princess\/#primaryimage"},"thumbnailUrl":"https:\/\/www.ihr-ferienpartner.de\/Angebot\/BahiaPrincess.jpg","datePublished":"2024-07-12T07:37:54+00:00","dateModified":"2024-07-12T07:37:54+00:00","description":"Sparen Sie bei Ihrer Kanaren-Reise durch Anbieter-Preisvergleich, flexible Terminauswahl, alle Abflughafen, Hotelbewertungen.","breadcrumb":{"@id":"https:\/\/www.ihr-ferienpartner.de\/mobil\/bahia-princess\/#breadcrumb"},"inLanguage":"de","potentialAction":[{"@type":"ReadAction","target":["https:\/\/www.ihr-ferienpartner.de\/mobil\/bahia-princess\/"]}]},{"@type":"ImageObject","inLanguage":"de","@id":"https:\/\/www.ihr-ferienpartner.de\/mobil\/bahia-princess\/#primaryimage","url":"https:\/\/www.ihr-ferienpartner.de\/Angebot\/BahiaPrincess.jpg","contentUrl":"https:\/\/www.ihr-ferienpartner.de\/Angebot\/BahiaPrincess.jpg"},{"@type":"BreadcrumbList","@id":"https:\/\/www.ihr-ferienpartner.de\/mobil\/bahia-princess\/#breadcrumb","itemListElement":[{"@type":"ListItem","position":1,"name":"Startseite","item":"https:\/\/www.ihr-ferienpartner.de\/mobil\/"},{"@type":"ListItem","position":2,"name":"Princess Inspire Tenerife"}]},{"@type":"WebSite","@id":"https:\/\/www.ihr-ferienpartner.de\/mobil\/#website","url":"https:\/\/www.ihr-ferienpartner.de\/mobil\/","name":"FINDE DEIN SPONTANIEN - Reisen g\u00fcnstig buchen","description":"Flugreisen im Preisvergleich mit flexiblen Terminen &amp; Abflughafen.","publisher":{"@id":"https:\/\/www.ihr-ferienpartner.de\/mobil\/#organization"},"potentialAction":[{"@type":"SearchAction","target":{"@type":"EntryPoint","urlTemplate":"https:\/\/www.ihr-ferienpartner.de\/mobil\/?s={search_term_string}"},"query-input":"required name=search_term_string"}],"inLanguage":"de"},{"@type":"Organization","@id":"https:\/\/www.ihr-ferienpartner.de\/mobil\/#organization","name":"FINDE DEIN SPONTANIEN - Reisen g\u00fcnstig buchen","url":"https:\/\/www.ihr-ferienpartner.de\/mobil\/","logo":{"@type":"ImageObject","inLanguage":"de","@id":"https:\/\/www.ihr-ferienpartner.de\/mobil\/#\/schema\/logo\/image\/","url":"https:\/\/www.ihr-ferienpartner.de\/mobil\/wp-content\/uploads\/2019\/10\/spontanien.jpg","contentUrl":"https:\/\/www.ihr-ferienpartner.de\/mobil\/wp-content\/uploads\/2019\/10\/spontanien.jpg","width":818,"height":200,"caption":"FINDE DEIN SPONTANIEN - Reisen g\u00fcnstig buchen"},"image":{"@id":"https:\/\/www.ihr-ferienpartner.de\/mobil\/#\/schema\/logo\/image\/"}}]}},"_links":{"self":[{"href":"https:\/\/www.ihr-ferienpartner.de\/mobil\/wp-json\/wp\/v2\/pages\/3967"}],"collection":[{"href":"https:\/\/www.ihr-ferienpartner.de\/mobil\/wp-json\/wp\/v2\/pages"}],"about":[{"href":"https:\/\/www.ihr-ferienpartner.de\/mobil\/wp-json\/wp\/v2\/types\/page"}],"author":[{"embeddable":true,"href":"https:\/\/www.ihr-ferienpartner.de\/mobil\/wp-json\/wp\/v2\/users\/1"}],"replies":[{"embeddable":true,"href":"https:\/\/www.ihr-ferienpartner.de\/mobil\/wp-json\/wp\/v2\/comments?post=3967"}],"version-history":[{"count":7,"href":"https:\/\/www.ihr-ferienpartner.de\/mobil\/wp-json\/wp\/v2\/pages\/3967\/revisions"}],"predecessor-version":[{"id":5386,"href":"https:\/\/www.ihr-ferienpartner.de\/mobil\/wp-json\/wp\/v2\/pages\/3967\/revisions\/5386"}],"wp:attachment":[{"href":"https:\/\/www.ihr-ferienpartner.de\/mobil\/wp-json\/wp\/v2\/media?parent=3967"}],"curies":[{"name":"wp","href":"https:\/\/api.w.org\/{rel}","templated":true}]}}