{"id":4,"date":"2015-07-12T16:27:18","date_gmt":"2015-07-12T14:27:18","guid":{"rendered":"http:\/\/www.ihr-ferienpartner.de\/mobil\/?page_id=4"},"modified":"2023-10-26T08:57:42","modified_gmt":"2023-10-26T06:57:42","slug":"impressum","status":"publish","type":"page","link":"https:\/\/www.ihr-ferienpartner.de\/mobil\/impressum\/","title":{"rendered":"Impressum \/ AGB"},"content":{"rendered":"<div style=\"background-color: #ffffff; padding: 20px 20px 20px 20px;\">\n<h1>Impressum:<\/h1>\n<hr>\n<h2>Betreiber der Webseite:<\/h2>\n<p>Reiseb\u00fcro Selzer<br \/>\nInhaber: Michael Selzer<br \/>\nHaslacher Str. 52<br \/>\n79115 Freiburg<br \/>\nE-Mail: info@ihr-ferienpartner.de<br \/>\nUmsatzsteuer ID: DE 142069942<br \/>\nwww.ihr-ferienpartner.de \/ www.spontanien.de<\/p>\n<hr>\n<h2>Kontaktdaten f\u00fcr Ihre Buchungen:<\/h2>\n<p>Bitte nutzen Sie die Kontaktdaten unseres touristischen Fulfillmentdienstleisters &#8222;RMK nurflug.de GmbH&#8220; f\u00fcr alle Buchungen:<\/p>\n<p><font size=\"+1\"><b>Telefon: 06109 \/ 505 45880<\/b><\/font>*<br \/>\n*zum normalen Telefontarif<br \/>\n<b>E-Mail: buchung@specials.de<\/b><\/p>\n<p>RMK Nurflug.de GmbH<br \/>\nVilbeler Landstra\u00dfe 203<br \/>\nD-60388 Frankfurt\/ Main<br \/>\nGesch\u00e4ftsf\u00fchrerin: Rita Maria Klenz<br \/>\nAmtsgericht Frankfurt am Main HRB 90510<br \/>\nUmsatzsteuer-ID: DE273188472<\/p>\n<hr>\n<h1>Allgemeine Gesch\u00e4ftsbedingungen:<\/h1>\n<p>Auf unserer Webseite bieten wir Ihnen die M\u00f6glichkeit sich \u00fcber Urlaubsm\u00f6glichkeiten zu informieren. Als Webseiten-Betreiber pr\u00fcfen und aktualisieren wir die Informationen auf dieser Webseite regelm\u00e4\u00dfig. Trotz aller Sorgfalt k\u00f6nnen sich Daten jedoch kurzfristig ver\u00e4ndert haben. Eine Haftung oder Garantie f\u00fcr Aktualit\u00e4t, Korrektheit und Vollst\u00e4ndigkeit der zur Verf\u00fcgung gestellten Informationen kann nicht \u00fcbernommen werden. Alle Informationen sind urheberrechtlich gesch\u00fctzt und dienen zur pers\u00f6nlichen Information &#8211; eine kommerzielle Nutzung der Inhalte ist untersagt. F\u00fcr die Inhalte der gefundenen Angebote sind die jeweiligen Betreiber bzw. Leistungstr\u00e4ger verantwortlich.<br \/>\nNach einem komfortablen Preisvergleich \u00fcber zahlreiche Reiseveranstalter k\u00f6nnen Sie die Angebote auf dieser Webseite buchen. Beim Buchungsabschluss werden die Reisevertr\u00e4ge nicht zwischen dem Webseiten-Betreiber und dem Buchenden sondern stets mit dem jeweils angegebenen Leistungstr\u00e4ger abgeschlossen. Zwischen Ihnen und unserem touristischen Dienstleister &#8222;RMK Nurflug.de GmbH&#8220; entsteht ein Vermittlungsvertrag. Mit Ihrer Buchung akzeptieren Sie die Allgemeinen Gesch\u00e4ftsbedingungen des jeweiligen Reiseveranstalters bzw. Leistungstr\u00e4gers, welche Sie bei Buchung auf dem Buchungsformular einsehen k\u00f6nnen und akzeptieren m\u00fcssen. <b>Die AGB unseres als Vermittler auftretenden touristischen Dienstleisters RMK Nurflug.de GmbH finden Sie <a href=\"http:\/\/b2b.specials.de\/index\/jump\/78\/442\/991880\/\" target=\"blank\" rel=\"noopener noreferrer\"><em>hier<\/em><\/a><\/b><\/p>\n<hr>\n<h2>Datenschutz:<\/h2>\n<p>Datenschutz und -sicherheit sind uns als Webseiten-Betreiber sehr wichtig, Details finden Sie in unserer Datenschutzerkl\u00e4rung: <a href=\"https:\/\/www.ihr-ferienpartner.de\/mobil\/datenschutz\/\"><strong>hier<\/strong><\/a><br \/>\nDie Datenschutzerkl\u00e4rung unseres touristischen Dienstleisters RMK Nurflug.de GmbH finden Sie <a href=\"https:\/\/b2b.specials.de\/index\/jump\/78\/441\/991880\/\" target=\"blank\" rel=\"noopener noreferrer\"><strong>hier<\/strong><\/a><\/p>\n<hr>\n<h2>Informationen zur Online-Streitbeilegung:<\/h2>\n<p>Die Plattform der EU-Kommission zur Online Streitbeilegung erreichen Sie unter: <a class=\"textlinkbold\" href=\"http:\/\/www.ec.europa.eu\/consumers\/odr\" target=\"_blank\" rel=\"noopener noreferrer\">http:\/\/www.ec.europa.eu\/consumers\/odr<\/a><br \/>\nWir weisen Sie darauf hin, dass wir nicht zur Teilnahme an Streitbeilegungsverfahren vor einer Verbraucherschlichtungsstelle verpflichtet und bereit sind.<\/p>\n<hr>\n<h2>Wichtiger Hinweis:<\/h2>\n<p>Mit Urteil vom 12. Mai 1998 &#8211; 312 O 85\/98 &#8211; &#8222;Haftung f\u00fcr Links&#8220; hat das Landgericht (LG) Hamburg entschieden, dass man durch die Anbringung eines Links, die Inhalte der gelinkten Seite ggf. mit zu verantworten hat. Dies kann &#8211; so das LG &#8211; nur dadurch verhindert werden, dass man sich ausdr\u00fccklich von diesen Inhalten distanziert.<br \/>\n<strong>Hiermit distanzieren wir uns ausdr\u00fccklich von allen Inhalten aller verlinkten Seiten auf unserer Homepage.<\/strong> Wir haben keinerlei Einfluss auf die Inhalte und machen uns die Inhalte auch nicht zu eigen. Diese Erkl\u00e4rung gilt f\u00fcr alle Links auf unseren Seiten.<\/p>\n<hr>\n<h2>Flugsicherheit &#8211; Blacklist Airlines:<\/h2>\n<p>Die EU hat eine Liste mit Fluggesellschaften vorgelegt, die als unsicher einstuft wurden und deswegen von allen Flugh\u00e4fen der Europ\u00e4ischen Union verbannt wurden. Eine \u00dcbersicht sowie weitere Information zu diesem Thema finden Sie <a class=\"textlink\" href=\"https:\/\/ec.europa.eu\/transport\/modes\/air\/safety\/air-ban_de\" target=\"_blank\" rel=\"noopener noreferrer\"><b>hier<\/b><\/a><\/p>\n<hr>\n<div align=\"right\"><img decoding=\"async\" src=\"https:\/\/www.ihr-ferienpartner.de\/mobil\/wp-content\/uploads\/2019\/10\/spontanien.jpg\" alt=\"spontanien.de\" width=\"250\"><\/p>\n<\/div>\n<\/div>\n","protected":false},"excerpt":{"rendered":"<p>Impressum: Betreiber der Webseite: Reiseb\u00fcro Selzer Inhaber: Michael Selzer Haslacher Str. 52 79115 Freiburg E-Mail: info@ihr-ferienpartner.de Umsatzsteuer ID: DE 142069942 www.ihr-ferienpartner.de \/ www.spontanien.de Kontaktdaten f\u00fcr Ihre Buchungen: Bitte nutzen Sie die Kontaktdaten unseres touristischen Fulfillmentdienstleisters &#8222;RMK nurflug.de GmbH&#8220; f\u00fcr alle Buchungen: Telefon: 06109 \/ 505 45880* *zum normalen Telefontarif E-Mail: buchung@specials.de RMK Nurflug.de GmbH Vilbeler [&hellip;]<\/p>\n","protected":false},"author":1,"featured_media":0,"parent":0,"menu_order":0,"comment_status":"closed","ping_status":"closed","template":"","meta":{"footnotes":""},"yoast_head":"<!-- This site is optimized with the Yoast SEO plugin v22.8 - https:\/\/yoast.com\/wordpress\/plugins\/seo\/ -->\n<title>Impressum \/ AGB - FINDE DEIN SPONTANIEN - Reisen g\u00fcnstig buchen<\/title>\n<meta name=\"robots\" content=\"index, follow, max-snippet:-1, max-image-preview:large, max-video-preview:-1\" \/>\n<link rel=\"canonical\" href=\"https:\/\/www.ihr-ferienpartner.de\/mobil\/impressum\/\" \/>\n<meta property=\"og:locale\" content=\"de_DE\" \/>\n<meta property=\"og:type\" content=\"article\" \/>\n<meta property=\"og:title\" content=\"Impressum \/ AGB - FINDE DEIN SPONTANIEN - Reisen g\u00fcnstig buchen\" \/>\n<meta property=\"og:description\" content=\"Impressum: Betreiber der Webseite: Reiseb\u00fcro Selzer Inhaber: Michael Selzer Haslacher Str. 52 79115 Freiburg E-Mail: info@ihr-ferienpartner.de Umsatzsteuer ID: DE 142069942 www.ihr-ferienpartner.de \/ www.spontanien.de Kontaktdaten f\u00fcr Ihre Buchungen: Bitte nutzen Sie die Kontaktdaten unseres touristischen Fulfillmentdienstleisters &#8222;RMK nurflug.de GmbH&#8220; f\u00fcr alle Buchungen: Telefon: 06109 \/ 505 45880* *zum normalen Telefontarif E-Mail: buchung@specials.de RMK Nurflug.de GmbH Vilbeler [&hellip;]\" \/>\n<meta property=\"og:url\" content=\"https:\/\/www.ihr-ferienpartner.de\/mobil\/impressum\/\" \/>\n<meta property=\"og:site_name\" content=\"FINDE DEIN SPONTANIEN - Reisen g\u00fcnstig buchen\" \/>\n<meta property=\"article:modified_time\" content=\"2023-10-26T06:57:42+00:00\" \/>\n<meta property=\"og:image\" content=\"https:\/\/www.ihr-ferienpartner.de\/mobil\/wp-content\/uploads\/2019\/10\/spontanien.jpg\" \/>\n<meta name=\"twitter:card\" content=\"summary_large_image\" \/>\n<meta name=\"twitter:label1\" content=\"Gesch\u00e4tzte Lesezeit\" \/>\n\t<meta name=\"twitter:data1\" content=\"3\u00a0Minuten\" \/>\n<script type=\"application\/ld+json\" class=\"yoast-schema-graph\">{\"@context\":\"https:\/\/schema.org\",\"@graph\":[{\"@type\":\"WebPage\",\"@id\":\"https:\/\/www.ihr-ferienpartner.de\/mobil\/impressum\/\",\"url\":\"https:\/\/www.ihr-ferienpartner.de\/mobil\/impressum\/\",\"name\":\"Impressum \/ AGB - FINDE DEIN SPONTANIEN - Reisen g\u00fcnstig buchen\",\"isPartOf\":{\"@id\":\"https:\/\/www.ihr-ferienpartner.de\/mobil\/#website\"},\"primaryImageOfPage\":{\"@id\":\"https:\/\/www.ihr-ferienpartner.de\/mobil\/impressum\/#primaryimage\"},\"image\":{\"@id\":\"https:\/\/www.ihr-ferienpartner.de\/mobil\/impressum\/#primaryimage\"},\"thumbnailUrl\":\"https:\/\/www.ihr-ferienpartner.de\/mobil\/wp-content\/uploads\/2019\/10\/spontanien.jpg\",\"datePublished\":\"2015-07-12T14:27:18+00:00\",\"dateModified\":\"2023-10-26T06:57:42+00:00\",\"breadcrumb\":{\"@id\":\"https:\/\/www.ihr-ferienpartner.de\/mobil\/impressum\/#breadcrumb\"},\"inLanguage\":\"de\",\"potentialAction\":[{\"@type\":\"ReadAction\",\"target\":[\"https:\/\/www.ihr-ferienpartner.de\/mobil\/impressum\/\"]}]},{\"@type\":\"ImageObject\",\"inLanguage\":\"de\",\"@id\":\"https:\/\/www.ihr-ferienpartner.de\/mobil\/impressum\/#primaryimage\",\"url\":\"https:\/\/www.ihr-ferienpartner.de\/mobil\/wp-content\/uploads\/2019\/10\/spontanien.jpg\",\"contentUrl\":\"https:\/\/www.ihr-ferienpartner.de\/mobil\/wp-content\/uploads\/2019\/10\/spontanien.jpg\",\"width\":818,\"height\":200,\"caption\":\"spontanien.de - FINE DEIN SPONTANIEN\"},{\"@type\":\"BreadcrumbList\",\"@id\":\"https:\/\/www.ihr-ferienpartner.de\/mobil\/impressum\/#breadcrumb\",\"itemListElement\":[{\"@type\":\"ListItem\",\"position\":1,\"name\":\"Startseite\",\"item\":\"https:\/\/www.ihr-ferienpartner.de\/mobil\/\"},{\"@type\":\"ListItem\",\"position\":2,\"name\":\"Impressum \/ AGB\"}]},{\"@type\":\"WebSite\",\"@id\":\"https:\/\/www.ihr-ferienpartner.de\/mobil\/#website\",\"url\":\"https:\/\/www.ihr-ferienpartner.de\/mobil\/\",\"name\":\"FINDE DEIN SPONTANIEN - Reisen g\u00fcnstig buchen\",\"description\":\"Flugreisen im Preisvergleich mit flexiblen Terminen &amp; Abflughafen.\",\"publisher\":{\"@id\":\"https:\/\/www.ihr-ferienpartner.de\/mobil\/#organization\"},\"potentialAction\":[{\"@type\":\"SearchAction\",\"target\":{\"@type\":\"EntryPoint\",\"urlTemplate\":\"https:\/\/www.ihr-ferienpartner.de\/mobil\/?s={search_term_string}\"},\"query-input\":\"required name=search_term_string\"}],\"inLanguage\":\"de\"},{\"@type\":\"Organization\",\"@id\":\"https:\/\/www.ihr-ferienpartner.de\/mobil\/#organization\",\"name\":\"FINDE DEIN SPONTANIEN - Reisen g\u00fcnstig buchen\",\"url\":\"https:\/\/www.ihr-ferienpartner.de\/mobil\/\",\"logo\":{\"@type\":\"ImageObject\",\"inLanguage\":\"de\",\"@id\":\"https:\/\/www.ihr-ferienpartner.de\/mobil\/#\/schema\/logo\/image\/\",\"url\":\"https:\/\/www.ihr-ferienpartner.de\/mobil\/wp-content\/uploads\/2019\/10\/spontanien.jpg\",\"contentUrl\":\"https:\/\/www.ihr-ferienpartner.de\/mobil\/wp-content\/uploads\/2019\/10\/spontanien.jpg\",\"width\":818,\"height\":200,\"caption\":\"FINDE DEIN SPONTANIEN - Reisen g\u00fcnstig buchen\"},\"image\":{\"@id\":\"https:\/\/www.ihr-ferienpartner.de\/mobil\/#\/schema\/logo\/image\/\"}}]}<\/script>\n<!-- \/ Yoast SEO plugin. -->","yoast_head_json":{"title":"Impressum \/ AGB - FINDE DEIN SPONTANIEN - Reisen g\u00fcnstig buchen","robots":{"index":"index","follow":"follow","max-snippet":"max-snippet:-1","max-image-preview":"max-image-preview:large","max-video-preview":"max-video-preview:-1"},"canonical":"https:\/\/www.ihr-ferienpartner.de\/mobil\/impressum\/","og_locale":"de_DE","og_type":"article","og_title":"Impressum \/ AGB - FINDE DEIN SPONTANIEN - Reisen g\u00fcnstig buchen","og_description":"Impressum: Betreiber der Webseite: Reiseb\u00fcro Selzer Inhaber: Michael Selzer Haslacher Str. 52 79115 Freiburg E-Mail: info@ihr-ferienpartner.de Umsatzsteuer ID: DE 142069942 www.ihr-ferienpartner.de \/ www.spontanien.de Kontaktdaten f\u00fcr Ihre Buchungen: Bitte nutzen Sie die Kontaktdaten unseres touristischen Fulfillmentdienstleisters &#8222;RMK nurflug.de GmbH&#8220; f\u00fcr alle Buchungen: Telefon: 06109 \/ 505 45880* *zum normalen Telefontarif E-Mail: buchung@specials.de RMK Nurflug.de GmbH Vilbeler [&hellip;]","og_url":"https:\/\/www.ihr-ferienpartner.de\/mobil\/impressum\/","og_site_name":"FINDE DEIN SPONTANIEN - Reisen g\u00fcnstig buchen","article_modified_time":"2023-10-26T06:57:42+00:00","og_image":[{"url":"https:\/\/www.ihr-ferienpartner.de\/mobil\/wp-content\/uploads\/2019\/10\/spontanien.jpg"}],"twitter_card":"summary_large_image","twitter_misc":{"Gesch\u00e4tzte Lesezeit":"3\u00a0Minuten"},"schema":{"@context":"https:\/\/schema.org","@graph":[{"@type":"WebPage","@id":"https:\/\/www.ihr-ferienpartner.de\/mobil\/impressum\/","url":"https:\/\/www.ihr-ferienpartner.de\/mobil\/impressum\/","name":"Impressum \/ AGB - FINDE DEIN SPONTANIEN - Reisen g\u00fcnstig buchen","isPartOf":{"@id":"https:\/\/www.ihr-ferienpartner.de\/mobil\/#website"},"primaryImageOfPage":{"@id":"https:\/\/www.ihr-ferienpartner.de\/mobil\/impressum\/#primaryimage"},"image":{"@id":"https:\/\/www.ihr-ferienpartner.de\/mobil\/impressum\/#primaryimage"},"thumbnailUrl":"https:\/\/www.ihr-ferienpartner.de\/mobil\/wp-content\/uploads\/2019\/10\/spontanien.jpg","datePublished":"2015-07-12T14:27:18+00:00","dateModified":"2023-10-26T06:57:42+00:00","breadcrumb":{"@id":"https:\/\/www.ihr-ferienpartner.de\/mobil\/impressum\/#breadcrumb"},"inLanguage":"de","potentialAction":[{"@type":"ReadAction","target":["https:\/\/www.ihr-ferienpartner.de\/mobil\/impressum\/"]}]},{"@type":"ImageObject","inLanguage":"de","@id":"https:\/\/www.ihr-ferienpartner.de\/mobil\/impressum\/#primaryimage","url":"https:\/\/www.ihr-ferienpartner.de\/mobil\/wp-content\/uploads\/2019\/10\/spontanien.jpg","contentUrl":"https:\/\/www.ihr-ferienpartner.de\/mobil\/wp-content\/uploads\/2019\/10\/spontanien.jpg","width":818,"height":200,"caption":"spontanien.de - FINE DEIN SPONTANIEN"},{"@type":"BreadcrumbList","@id":"https:\/\/www.ihr-ferienpartner.de\/mobil\/impressum\/#breadcrumb","itemListElement":[{"@type":"ListItem","position":1,"name":"Startseite","item":"https:\/\/www.ihr-ferienpartner.de\/mobil\/"},{"@type":"ListItem","position":2,"name":"Impressum \/ AGB"}]},{"@type":"WebSite","@id":"https:\/\/www.ihr-ferienpartner.de\/mobil\/#website","url":"https:\/\/www.ihr-ferienpartner.de\/mobil\/","name":"FINDE DEIN SPONTANIEN - Reisen g\u00fcnstig buchen","description":"Flugreisen im Preisvergleich mit flexiblen Terminen &amp; Abflughafen.","publisher":{"@id":"https:\/\/www.ihr-ferienpartner.de\/mobil\/#organization"},"potentialAction":[{"@type":"SearchAction","target":{"@type":"EntryPoint","urlTemplate":"https:\/\/www.ihr-ferienpartner.de\/mobil\/?s={search_term_string}"},"query-input":"required name=search_term_string"}],"inLanguage":"de"},{"@type":"Organization","@id":"https:\/\/www.ihr-ferienpartner.de\/mobil\/#organization","name":"FINDE DEIN SPONTANIEN - Reisen g\u00fcnstig buchen","url":"https:\/\/www.ihr-ferienpartner.de\/mobil\/","logo":{"@type":"ImageObject","inLanguage":"de","@id":"https:\/\/www.ihr-ferienpartner.de\/mobil\/#\/schema\/logo\/image\/","url":"https:\/\/www.ihr-ferienpartner.de\/mobil\/wp-content\/uploads\/2019\/10\/spontanien.jpg","contentUrl":"https:\/\/www.ihr-ferienpartner.de\/mobil\/wp-content\/uploads\/2019\/10\/spontanien.jpg","width":818,"height":200,"caption":"FINDE DEIN SPONTANIEN - Reisen g\u00fcnstig buchen"},"image":{"@id":"https:\/\/www.ihr-ferienpartner.de\/mobil\/#\/schema\/logo\/image\/"}}]}},"_links":{"self":[{"href":"https:\/\/www.ihr-ferienpartner.de\/mobil\/wp-json\/wp\/v2\/pages\/4"}],"collection":[{"href":"https:\/\/www.ihr-ferienpartner.de\/mobil\/wp-json\/wp\/v2\/pages"}],"about":[{"href":"https:\/\/www.ihr-ferienpartner.de\/mobil\/wp-json\/wp\/v2\/types\/page"}],"author":[{"embeddable":true,"href":"https:\/\/www.ihr-ferienpartner.de\/mobil\/wp-json\/wp\/v2\/users\/1"}],"replies":[{"embeddable":true,"href":"https:\/\/www.ihr-ferienpartner.de\/mobil\/wp-json\/wp\/v2\/comments?post=4"}],"version-history":[{"count":59,"href":"https:\/\/www.ihr-ferienpartner.de\/mobil\/wp-json\/wp\/v2\/pages\/4\/revisions"}],"predecessor-version":[{"id":5457,"href":"https:\/\/www.ihr-ferienpartner.de\/mobil\/wp-json\/wp\/v2\/pages\/4\/revisions\/5457"}],"wp:attachment":[{"href":"https:\/\/www.ihr-ferienpartner.de\/mobil\/wp-json\/wp\/v2\/media?parent=4"}],"curies":[{"name":"wp","href":"https:\/\/api.w.org\/{rel}","templated":true}]}}