{"id":4000,"date":"2024-07-12T09:54:02","date_gmt":"2024-07-12T07:54:02","guid":{"rendered":"http:\/\/www.ihr-ferienpartner.de\/mobil\/?page_id=4000"},"modified":"2024-07-12T09:54:03","modified_gmt":"2024-07-12T07:54:03","slug":"riu-palace-bavaro","status":"publish","type":"page","link":"https:\/\/www.ihr-ferienpartner.de\/mobil\/riu-palace-bavaro\/","title":{"rendered":"Riu Palace Bavaro"},"content":{"rendered":"<div style=\"background-color: #ffffff; padding: 20px 20px 20px 20px;\">\n<h1>Riu Palace Bavaro<\/h1>\n<p>Playa Bavaro (Punta Cana) &#8211; Dominikanische Republik<\/p>\n<p><img decoding=\"async\" src=\"https:\/\/www.ihr-ferienpartner.de\/Angebot\/RiuPalaceBavaro.jpg\" alt=\"Urlaub im Hotel Riu Palace Bavaro in der DomRep g\u00fcnstig buchen\" title=\"Reisen in die DomRep ins Hotel Riu Palace Bavaro\"><br \/>\n<font size=\"-1\"><b><font color=\"b62b31\">Unser Hotel-Tipp<\/font><\/b> &#8211; Selbstverst\u00e4ndlich bietet die Anlage <strong>all inclusive<\/strong> in bew\u00e4hrter Riu-Qualit\u00e4t. Das Riu Palace Hotel liegt in der weitl\u00e4ufigen Anlage des RIU Resorts in Punta Cana, <strong>direkt am langen, wei\u00dfen Traumstrand<\/strong>. In der weitl\u00e4ufigen Gartenanlage findet man zwei gro\u00dfe Pools, Sonnenterrasse, in vielen Bereichen WLAN, eine Einkaufsstra\u00dfe und eine Menge Sport- und Fitnessangebote. Die Unterkunft bietet den gewohnt hohen Standard der Riu-Hotels, was die bisherigen G\u00e4ste durch die sehr guten Bewertungen unterstreichen.<\/font><\/p>\n<hr>\n<p><b><font color=\"b62b31\">alle Hotels in der:<\/font><\/b> <a href=\"https:\/\/www.ihr-ferienpartner.de\/mobil\/dominikanische-republik\">Dominikanischen Republik &gt;&gt;<\/a><\/p>\n<hr>\n<div id=\"ypsnet-ibe\" data-src=\"https:\/\/b2b.specials.de\/index\/jump\/119\/2780\/991880\/?action=dates&amp;regionId=710&amp;from=15&amp;to=316&amp;duration=7-7&amp;maxPrice=5000&amp;adults=2&amp;giataId=237749\"><\/div>\n<p><script src=\"https:\/\/webmedia.ypsilon.net\/spl_js\/ypsnet-ibe.js\"><\/script><\/p>\n<\/div>\n<div style=\"background-color: #ffffff; padding: 20px 20px 20px 20px;\">\n<hr>\n<p><b>Urlaub im Riu Palace Bavaro:<\/b><br \/>\nBuchen Sie Ihre DomRep-Reise und profitieren Sie u.a. vom Anbieter-Preisvergleich und Hotel-Rankings aus \u00fcber 1.000.000 authentischen Hotelbewertungen.<\/p>\n<p><img decoding=\"async\" src=\"https:\/\/www.ihr-ferienpartner.de\/Angebot\/Anbietervergleich.jpg\" alt=\"Reisen in die Dominikanische Republik in das Hotel Riu Palace Bavaro\" title=\"Reisen nach Dominikanische Republik, Hotel Riu Palace Bavaro\"><\/p>\n<\/div>\n","protected":false},"excerpt":{"rendered":"<p>Riu Palace Bavaro Playa Bavaro (Punta Cana) &#8211; Dominikanische Republik Unser Hotel-Tipp &#8211; Selbstverst\u00e4ndlich bietet die Anlage all inclusive in bew\u00e4hrter Riu-Qualit\u00e4t. Das Riu Palace Hotel liegt in der weitl\u00e4ufigen Anlage des RIU Resorts in Punta Cana, direkt am langen, wei\u00dfen Traumstrand. In der weitl\u00e4ufigen Gartenanlage findet man zwei gro\u00dfe Pools, Sonnenterrasse, in vielen Bereichen [&hellip;]<\/p>\n","protected":false},"author":1,"featured_media":0,"parent":0,"menu_order":0,"comment_status":"closed","ping_status":"closed","template":"","meta":{"footnotes":""},"yoast_head":"<!-- This site is optimized with the Yoast SEO plugin v22.8 - https:\/\/yoast.com\/wordpress\/plugins\/seo\/ -->\n<title>RIU PALACE BAVARO, Punta Cana - Karibik g\u00fcnstig buchen!<\/title>\n<meta name=\"description\" content=\"Flug-Pauschalreise in die Dominikanische Republik buchen: mit Preisvergleich, flexiblen Termine, alle Abflughafen, Hotelbewertungen.\" \/>\n<meta name=\"robots\" content=\"index, follow, max-snippet:-1, max-image-preview:large, max-video-preview:-1\" \/>\n<link rel=\"canonical\" href=\"https:\/\/www.ihr-ferienpartner.de\/mobil\/riu-palace-bavaro\/\" \/>\n<meta property=\"og:locale\" content=\"de_DE\" \/>\n<meta property=\"og:type\" content=\"article\" \/>\n<meta property=\"og:title\" content=\"RIU PALACE BAVARO, Punta Cana - Karibik g\u00fcnstig buchen!\" \/>\n<meta property=\"og:description\" content=\"Flug-Pauschalreise in die Dominikanische Republik buchen: mit Preisvergleich, flexiblen Termine, alle Abflughafen, Hotelbewertungen.\" \/>\n<meta property=\"og:url\" content=\"https:\/\/www.ihr-ferienpartner.de\/mobil\/riu-palace-bavaro\/\" \/>\n<meta property=\"og:site_name\" content=\"FINDE DEIN SPONTANIEN - Reisen g\u00fcnstig buchen\" \/>\n<meta property=\"article:modified_time\" content=\"2024-07-12T07:54:03+00:00\" \/>\n<meta property=\"og:image\" content=\"https:\/\/www.ihr-ferienpartner.de\/Angebot\/RiuPalaceBavaro.jpg\" \/>\n<meta name=\"twitter:card\" content=\"summary_large_image\" \/>\n<meta name=\"twitter:label1\" content=\"Gesch\u00e4tzte Lesezeit\" \/>\n\t<meta name=\"twitter:data1\" content=\"2\u00a0Minuten\" \/>\n<script type=\"application\/ld+json\" class=\"yoast-schema-graph\">{\"@context\":\"https:\/\/schema.org\",\"@graph\":[{\"@type\":\"WebPage\",\"@id\":\"https:\/\/www.ihr-ferienpartner.de\/mobil\/riu-palace-bavaro\/\",\"url\":\"https:\/\/www.ihr-ferienpartner.de\/mobil\/riu-palace-bavaro\/\",\"name\":\"RIU PALACE BAVARO, Punta Cana - Karibik g\u00fcnstig buchen!\",\"isPartOf\":{\"@id\":\"https:\/\/www.ihr-ferienpartner.de\/mobil\/#website\"},\"primaryImageOfPage\":{\"@id\":\"https:\/\/www.ihr-ferienpartner.de\/mobil\/riu-palace-bavaro\/#primaryimage\"},\"image\":{\"@id\":\"https:\/\/www.ihr-ferienpartner.de\/mobil\/riu-palace-bavaro\/#primaryimage\"},\"thumbnailUrl\":\"https:\/\/www.ihr-ferienpartner.de\/Angebot\/RiuPalaceBavaro.jpg\",\"datePublished\":\"2024-07-12T07:54:02+00:00\",\"dateModified\":\"2024-07-12T07:54:03+00:00\",\"description\":\"Flug-Pauschalreise in die Dominikanische Republik buchen: mit Preisvergleich, flexiblen Termine, alle Abflughafen, Hotelbewertungen.\",\"breadcrumb\":{\"@id\":\"https:\/\/www.ihr-ferienpartner.de\/mobil\/riu-palace-bavaro\/#breadcrumb\"},\"inLanguage\":\"de\",\"potentialAction\":[{\"@type\":\"ReadAction\",\"target\":[\"https:\/\/www.ihr-ferienpartner.de\/mobil\/riu-palace-bavaro\/\"]}]},{\"@type\":\"ImageObject\",\"inLanguage\":\"de\",\"@id\":\"https:\/\/www.ihr-ferienpartner.de\/mobil\/riu-palace-bavaro\/#primaryimage\",\"url\":\"https:\/\/www.ihr-ferienpartner.de\/Angebot\/RiuPalaceBavaro.jpg\",\"contentUrl\":\"https:\/\/www.ihr-ferienpartner.de\/Angebot\/RiuPalaceBavaro.jpg\"},{\"@type\":\"BreadcrumbList\",\"@id\":\"https:\/\/www.ihr-ferienpartner.de\/mobil\/riu-palace-bavaro\/#breadcrumb\",\"itemListElement\":[{\"@type\":\"ListItem\",\"position\":1,\"name\":\"Startseite\",\"item\":\"https:\/\/www.ihr-ferienpartner.de\/mobil\/\"},{\"@type\":\"ListItem\",\"position\":2,\"name\":\"Riu Palace Bavaro\"}]},{\"@type\":\"WebSite\",\"@id\":\"https:\/\/www.ihr-ferienpartner.de\/mobil\/#website\",\"url\":\"https:\/\/www.ihr-ferienpartner.de\/mobil\/\",\"name\":\"FINDE DEIN SPONTANIEN - Reisen g\u00fcnstig buchen\",\"description\":\"Flugreisen im Preisvergleich mit flexiblen Terminen &amp; Abflughafen.\",\"publisher\":{\"@id\":\"https:\/\/www.ihr-ferienpartner.de\/mobil\/#organization\"},\"potentialAction\":[{\"@type\":\"SearchAction\",\"target\":{\"@type\":\"EntryPoint\",\"urlTemplate\":\"https:\/\/www.ihr-ferienpartner.de\/mobil\/?s={search_term_string}\"},\"query-input\":\"required name=search_term_string\"}],\"inLanguage\":\"de\"},{\"@type\":\"Organization\",\"@id\":\"https:\/\/www.ihr-ferienpartner.de\/mobil\/#organization\",\"name\":\"FINDE DEIN SPONTANIEN - Reisen g\u00fcnstig buchen\",\"url\":\"https:\/\/www.ihr-ferienpartner.de\/mobil\/\",\"logo\":{\"@type\":\"ImageObject\",\"inLanguage\":\"de\",\"@id\":\"https:\/\/www.ihr-ferienpartner.de\/mobil\/#\/schema\/logo\/image\/\",\"url\":\"https:\/\/www.ihr-ferienpartner.de\/mobil\/wp-content\/uploads\/2019\/10\/spontanien.jpg\",\"contentUrl\":\"https:\/\/www.ihr-ferienpartner.de\/mobil\/wp-content\/uploads\/2019\/10\/spontanien.jpg\",\"width\":818,\"height\":200,\"caption\":\"FINDE DEIN SPONTANIEN - Reisen g\u00fcnstig buchen\"},\"image\":{\"@id\":\"https:\/\/www.ihr-ferienpartner.de\/mobil\/#\/schema\/logo\/image\/\"}}]}<\/script>\n<!-- \/ Yoast SEO plugin. -->","yoast_head_json":{"title":"RIU PALACE BAVARO, Punta Cana - Karibik g\u00fcnstig buchen!","description":"Flug-Pauschalreise in die Dominikanische Republik buchen: mit Preisvergleich, flexiblen Termine, alle Abflughafen, Hotelbewertungen.","robots":{"index":"index","follow":"follow","max-snippet":"max-snippet:-1","max-image-preview":"max-image-preview:large","max-video-preview":"max-video-preview:-1"},"canonical":"https:\/\/www.ihr-ferienpartner.de\/mobil\/riu-palace-bavaro\/","og_locale":"de_DE","og_type":"article","og_title":"RIU PALACE BAVARO, Punta Cana - Karibik g\u00fcnstig buchen!","og_description":"Flug-Pauschalreise in die Dominikanische Republik buchen: mit Preisvergleich, flexiblen Termine, alle Abflughafen, Hotelbewertungen.","og_url":"https:\/\/www.ihr-ferienpartner.de\/mobil\/riu-palace-bavaro\/","og_site_name":"FINDE DEIN SPONTANIEN - Reisen g\u00fcnstig buchen","article_modified_time":"2024-07-12T07:54:03+00:00","og_image":[{"url":"https:\/\/www.ihr-ferienpartner.de\/Angebot\/RiuPalaceBavaro.jpg"}],"twitter_card":"summary_large_image","twitter_misc":{"Gesch\u00e4tzte Lesezeit":"2\u00a0Minuten"},"schema":{"@context":"https:\/\/schema.org","@graph":[{"@type":"WebPage","@id":"https:\/\/www.ihr-ferienpartner.de\/mobil\/riu-palace-bavaro\/","url":"https:\/\/www.ihr-ferienpartner.de\/mobil\/riu-palace-bavaro\/","name":"RIU PALACE BAVARO, Punta Cana - Karibik g\u00fcnstig buchen!","isPartOf":{"@id":"https:\/\/www.ihr-ferienpartner.de\/mobil\/#website"},"primaryImageOfPage":{"@id":"https:\/\/www.ihr-ferienpartner.de\/mobil\/riu-palace-bavaro\/#primaryimage"},"image":{"@id":"https:\/\/www.ihr-ferienpartner.de\/mobil\/riu-palace-bavaro\/#primaryimage"},"thumbnailUrl":"https:\/\/www.ihr-ferienpartner.de\/Angebot\/RiuPalaceBavaro.jpg","datePublished":"2024-07-12T07:54:02+00:00","dateModified":"2024-07-12T07:54:03+00:00","description":"Flug-Pauschalreise in die Dominikanische Republik buchen: mit Preisvergleich, flexiblen Termine, alle Abflughafen, Hotelbewertungen.","breadcrumb":{"@id":"https:\/\/www.ihr-ferienpartner.de\/mobil\/riu-palace-bavaro\/#breadcrumb"},"inLanguage":"de","potentialAction":[{"@type":"ReadAction","target":["https:\/\/www.ihr-ferienpartner.de\/mobil\/riu-palace-bavaro\/"]}]},{"@type":"ImageObject","inLanguage":"de","@id":"https:\/\/www.ihr-ferienpartner.de\/mobil\/riu-palace-bavaro\/#primaryimage","url":"https:\/\/www.ihr-ferienpartner.de\/Angebot\/RiuPalaceBavaro.jpg","contentUrl":"https:\/\/www.ihr-ferienpartner.de\/Angebot\/RiuPalaceBavaro.jpg"},{"@type":"BreadcrumbList","@id":"https:\/\/www.ihr-ferienpartner.de\/mobil\/riu-palace-bavaro\/#breadcrumb","itemListElement":[{"@type":"ListItem","position":1,"name":"Startseite","item":"https:\/\/www.ihr-ferienpartner.de\/mobil\/"},{"@type":"ListItem","position":2,"name":"Riu Palace Bavaro"}]},{"@type":"WebSite","@id":"https:\/\/www.ihr-ferienpartner.de\/mobil\/#website","url":"https:\/\/www.ihr-ferienpartner.de\/mobil\/","name":"FINDE DEIN SPONTANIEN - Reisen g\u00fcnstig buchen","description":"Flugreisen im Preisvergleich mit flexiblen Terminen &amp; Abflughafen.","publisher":{"@id":"https:\/\/www.ihr-ferienpartner.de\/mobil\/#organization"},"potentialAction":[{"@type":"SearchAction","target":{"@type":"EntryPoint","urlTemplate":"https:\/\/www.ihr-ferienpartner.de\/mobil\/?s={search_term_string}"},"query-input":"required name=search_term_string"}],"inLanguage":"de"},{"@type":"Organization","@id":"https:\/\/www.ihr-ferienpartner.de\/mobil\/#organization","name":"FINDE DEIN SPONTANIEN - Reisen g\u00fcnstig buchen","url":"https:\/\/www.ihr-ferienpartner.de\/mobil\/","logo":{"@type":"ImageObject","inLanguage":"de","@id":"https:\/\/www.ihr-ferienpartner.de\/mobil\/#\/schema\/logo\/image\/","url":"https:\/\/www.ihr-ferienpartner.de\/mobil\/wp-content\/uploads\/2019\/10\/spontanien.jpg","contentUrl":"https:\/\/www.ihr-ferienpartner.de\/mobil\/wp-content\/uploads\/2019\/10\/spontanien.jpg","width":818,"height":200,"caption":"FINDE DEIN SPONTANIEN - Reisen g\u00fcnstig buchen"},"image":{"@id":"https:\/\/www.ihr-ferienpartner.de\/mobil\/#\/schema\/logo\/image\/"}}]}},"_links":{"self":[{"href":"https:\/\/www.ihr-ferienpartner.de\/mobil\/wp-json\/wp\/v2\/pages\/4000"}],"collection":[{"href":"https:\/\/www.ihr-ferienpartner.de\/mobil\/wp-json\/wp\/v2\/pages"}],"about":[{"href":"https:\/\/www.ihr-ferienpartner.de\/mobil\/wp-json\/wp\/v2\/types\/page"}],"author":[{"embeddable":true,"href":"https:\/\/www.ihr-ferienpartner.de\/mobil\/wp-json\/wp\/v2\/users\/1"}],"replies":[{"embeddable":true,"href":"https:\/\/www.ihr-ferienpartner.de\/mobil\/wp-json\/wp\/v2\/comments?post=4000"}],"version-history":[{"count":4,"href":"https:\/\/www.ihr-ferienpartner.de\/mobil\/wp-json\/wp\/v2\/pages\/4000\/revisions"}],"predecessor-version":[{"id":5327,"href":"https:\/\/www.ihr-ferienpartner.de\/mobil\/wp-json\/wp\/v2\/pages\/4000\/revisions\/5327"}],"wp:attachment":[{"href":"https:\/\/www.ihr-ferienpartner.de\/mobil\/wp-json\/wp\/v2\/media?parent=4000"}],"curies":[{"name":"wp","href":"https:\/\/api.w.org\/{rel}","templated":true}]}}