{"id":42,"date":"2026-01-28T16:23:05","date_gmt":"2026-01-28T15:23:05","guid":{"rendered":"http:\/\/www.ihr-ferienpartner.de\/mobil\/?page_id=42"},"modified":"2026-01-28T16:23:05","modified_gmt":"2026-01-28T15:23:05","slug":"last-minute-fruehbucher-urlaub","status":"publish","type":"page","link":"https:\/\/www.ihr-ferienpartner.de\/mobil\/","title":{"rendered":"Last Minute und Fr\u00fchbucher Pauschalreisen g\u00fcnstig buchen"},"content":{"rendered":"<div style=\"background-color: #ffffff; padding: 20px 20px 20px 20px;\">\n<p>Von Schulferien abh\u00e4ngig? Buchen Sie schnell die <a href=\"https:\/\/www.ihr-ferienpartner.de\/mobil\/reisen-in-den-schulferien\/\" title=\"Urlaub in den Schulferien\"><b>Ferientermine 2026<\/b><\/a>!<\/p>\n<hr>\n<h3><a href=\"https:\/\/www.ihr-ferienpartner.de\/mobil\/griechische-inseln\/\" title=\"Urlaub auf den griechischen Inseln\"><strong>Griechische Inseln<\/strong> &#8211; haben ihren eigenen Charakter <strong>&gt;&gt;<\/strong><\/a><\/h3>\n<p><a href=\"https:\/\/www.ihr-ferienpartner.de\/mobil\/griechische-inseln\/\" title=\"Urlaub auf den griechischen Inseln\"><img decoding=\"async\" src=\"https:\/\/www.ihr-ferienpartner.de\/Griechenland\/GriechischeInseln4.jpg\" alt=\"Griechische Inseln\"><\/a><br \/>\n<strong>WE \u2665 GREEK ISLANDS<\/strong><br \/>\nDie Vielfalt Griechenlands wird ausgemacht von wundersch\u00f6nen Str\u00e4nden, geschichtstr\u00e4chtigen Kulturen und beeindruckenden Landschaften.<\/p>\n<hr>\n<h3><a href=\"https:\/\/www.ihr-ferienpartner.de\/mobil\/balearische-inseln\/\" title=\"Urlaub auf den Balearen\"><strong>Balearische Inseln<\/strong> &#8211; nur gut 2 Flugstunden bis ins Paradies <strong>&gt;&gt;<\/strong><\/a><\/h3>\n<p><a href=\"https:\/\/www.ihr-ferienpartner.de\/mobil\/balearische-inseln\/\" title=\"Urlaub auf den Balearen\"><img decoding=\"async\" src=\"https:\/\/www.ihr-ferienpartner.de\/Balearen\/Balearen3.jpg\" alt=\"Balearische Inseln\"><\/a><br \/>\n<strong>WE \u2665 BALEARIC ISLANDS<\/strong><br \/>\nEin kurzer Flug, tolle K\u00fcsten, klares Meer und sch\u00f6ne Orte machen <a href=\"https:\/\/www.ihr-ferienpartner.de\/mobil\/mallorca\/\" title=\"Urlaub auf Mallorca\">Mallorca<\/a>, <a href=\"https:\/\/www.ihr-ferienpartner.de\/mobil\/ibiza\/\" title=\"Urlaub auf Ibiza\">Ibiza<\/a>, <a href=\"https:\/\/www.ihr-ferienpartner.de\/mobil\/menorca\/\" title=\"Urlaub auf Menorca\">Menorca<\/a> und <a href=\"https:\/\/www.ihr-ferienpartner.de\/mobil\/formentera\/\" title=\"Urlaub auf Formentera\">Formentera<\/a> aus.<\/p>\n<hr>\n<h3><a href=\"https:\/\/www.ihr-ferienpartner.de\/mobil\/kanarische-inseln\/\" title=\"Urlaub auf den Kanaren\"><strong>Kanarische Inseln<\/strong> &#8211; traumhaft mildes Klima das ganze Jahr<strong> &gt;&gt;<\/strong><\/a><\/h3>\n<p><a href=\"https:\/\/www.ihr-ferienpartner.de\/mobil\/kanarische-inseln\/\" title=\"Urlaub auf den Kanaren\"><img decoding=\"async\" src=\"https:\/\/www.ihr-ferienpartner.de\/Kanaren\/Kanaren3.jpg\" alt=\"Kanarische Inseln\"><\/a><br \/>\n<strong>WE \u2665 CANARY ISLANDS<\/strong><br \/>\nAufgrund des perfekten Klimas sind die Kanaren <b>eines der beliebtesten Ganzjahres-Reiseziele<\/b> der Welt. Ob <a href=\"https:\/\/www.ihr-ferienpartner.de\/mobil\/gran-canaria\/\" title=\"Urlaub auf Gran Canaria\">Gran Canaria<\/a>, <a href=\"https:\/\/www.ihr-ferienpartner.de\/mobil\/Teneriffa\/\" title=\"Urlaub auf Teneriffa\">Teneriffa<\/a>, <a href=\"https:\/\/www.ihr-ferienpartner.de\/mobil\/fuerteventura\/\" title=\"Urlaub auf Fuerteventura\">Fuerteventura<\/a> oder <a href=\"https:\/\/www.ihr-ferienpartner.de\/mobil\/lanzarote\/\" title=\"Urlaub auf Lanzarote\">Lanzarote<\/a>, jede Insel hat ihre ganz eigenen Highlights.<\/p>\n<hr>\n<h4><a href=\"https:\/\/www.ihr-ferienpartner.de\/mobil\/fernreisen-traumurlaub\/\" alt=\"Fernreisen\" title=\"Fernreisen\"><strong>Fernreisen<\/strong> &#8211; Vom Fernweh geplagt?<strong> &gt;&gt;<\/strong><\/a><\/h4>\n<p><a href=\"https:\/\/www.ihr-ferienpartner.de\/mobil\/fernreisen-traumurlaub\/\" alt=\"Fernreisen\" title=\"Fernreisen\"><img decoding=\"async\" src=\"https:\/\/www.ihr-ferienpartner.de\/Fernreisen\/Fernreisen2.jpg\" alt=\"Fernreisen, u.a Mexiko &amp; Karibik\"><\/a><br \/>\n<strong>WE \u2665 PARADISE<\/strong><br \/>\nWer tr\u00e4umt nicht von einsamen Inseln und von Palmen ges\u00e4umten Sandstr\u00e4nden? Fernweh wird <strong>z.B. in Mexiko, in der Karibik, auf Mauritius oder auf den Malediven<\/strong> gestillt.<\/p>\n<hr>\n<h3><a href=\"https:\/\/www.ihr-ferienpartner.de\/mobil\/tuerkei\/\" title=\"T\u00fcrkei Urlaub\"><strong>T\u00fcrkei<\/strong> &#8211; komfortable Clubs an traumhaften K\u00fcsten <strong>&gt;&gt;<\/strong><\/a><\/h3>\n<p><a href=\"https:\/\/www.ihr-ferienpartner.de\/mobil\/tuerkei\/\" title=\"Urlaub auf den Balearen\"><img decoding=\"async\" src=\"https:\/\/www.ihr-ferienpartner.de\/Reisen\/Tuerkei.jpg\" alt=\"T\u00fcrkei\"><\/a><br \/>\nTraumhafte K\u00fcsten, unber\u00fchrte Berglandschaften, antike Ausgrabungsst\u00e4tten, pulsierende Metropolen und herzliche Menschen machen die <a href=\"https:\/\/www.ihr-ferienpartner.de\/mobil\/tuerkei\/\" title=\"T\u00fcrkei Urlaub\">T\u00fcrkei<\/a> zum idealen Reiseland.<\/p>\n<hr>\n<h4><a href=\"https:\/\/www.ihr-ferienpartner.de\/mobil\/spanien\/\" title=\"Urlaub in Spanien\"><strong>Spanien<\/strong> &#8211; u.a. Andalusien, Barcelona &amp; Madrid<strong> &gt;&gt;<\/strong><\/a><\/h4>\n<p><a href=\"https:\/\/www.ihr-ferienpartner.de\/mobil\/spanien\/\" title=\"Urlaub in Spanien\"><img decoding=\"async\" src=\"https:\/\/www.ihr-ferienpartner.de\/Reisen\/Spanien_940.jpg\" alt=\"Spanien\"><\/a><br \/>\n<strong>WE \u2665 SPAIN<\/strong><br \/>\nDas Festland bietet tollen K\u00fcsten, vielf\u00e4ltiges Hinterland und wundersch\u00f6ne St\u00e4dte.<\/p>\n<hr>\n<h4><a href=\"https:\/\/www.ihr-ferienpartner.de\/mobil\/griechenland\/\" title=\"Urlaub in Griechenland\"><strong>Griechenland<\/strong> &#8211; u.a. Athen, Olympische Riviera &amp; Peleponnes<strong> &gt;&gt;<\/strong><\/a><\/h4>\n<p><a href=\"https:\/\/www.ihr-ferienpartner.de\/mobil\/griechenland\/\" title=\"Urlaub in Griechenland\"><img decoding=\"async\" src=\"https:\/\/www.ihr-ferienpartner.de\/Reisen\/Griechenland_940.jpg\" alt=\"Griechenland\"><\/a><br \/>\n<strong>WE \u2665 GREECE<\/strong><br \/>\nTraumhafte Landschaften, Bergwelten, wunderbare Str\u00e4nde und eine  geschichtstr\u00e4chtige Kultur machen u.a. das <b>griechische Festland<\/b> zum optimalen Urlaubsziel.<\/p>\n<hr>\n<h4><a href=\"https:\/\/www.ihr-ferienpartner.de\/mobil\/kapverdische-inseln\/\" alt=\"Kapverdische Inseln\" title=\"Urlaub auf den kapverdischen Inseln\"><strong>Kapverdische Inseln<\/strong> &#8211; 365 Tage Strandwetter pro Jahr<strong> &gt;&gt;<\/strong><\/a><\/h4>\n<p><a href=\"https:\/\/www.ihr-ferienpartner.de\/mobil\/kapverdische-inseln\/\" alt=\"Kapverdische Inseln\" title=\"Urlaub auf den kapverdischen Inseln\"><img decoding=\"async\" src=\"https:\/\/www.ihr-ferienpartner.de\/Reisen\/KapverdischeInseln2.jpg\" alt=\"Kapverdische Inseln\"><\/a><br \/>\n<strong>WE \u2665 CABO VERDE<\/strong><br \/>\nFantastische Bergwelten und traumhafte Sandstr\u00e4nde &#8211; ideal f\u00fcr erholsame Badeferien oder Aktivurlaub.<\/p>\n<hr>\n<h4><a href=\"https:\/\/www.ihr-ferienpartner.de\/mobil\/italien\/\" alt=\"Bella Italia - Reisen nach Italien\" title=\"Urlaub in Italien\"><strong>Bella Italia <\/strong>&#8211; u.a. Kalabrien, Sardinien, Sizilien, Rom &amp; Florenz <strong>&gt;&gt;<\/strong><\/a><\/h4>\n<p><a href=\"https:\/\/www.ihr-ferienpartner.de\/mobil\/italien\/\" alt=\"Bella Italia - Reisen nach Italien\" title=\"Urlaub in Italien\"><img decoding=\"async\" src=\"\/Reisen\/Italien.jpg\" alt=\"Bella Italia - Reisen nach Italien\"><\/a><br \/>\nKulinarische, landschaftliche, kulturelle und menschliche Highlights zeichnen Italien als Reiseland aus. Egal ob St\u00e4dtetrips, Bade- oder Aktivurlaub.<\/p>\n<hr>\n<p><b>LASS DICH INSPIRIEREN<\/b> und melde dich f\u00fcr unseren <a href=\"https:\/\/www.ihr-ferienpartner.de\/mobil\/newsletter\/\" title=\"Newsletter-Anmeldung\">Newsletter &gt;&gt;<\/a> an.<\/p>\n<p><!--\n\n\n\n<hr>\n\n\n\n\n\n<h4><a href=\"https:\/\/www.ihr-ferienpartner.de\/mobil\/aegypten\/\" alt=\"Aegypten\" title=\"Urlaub in \u00c4gypten\"><strong>\u00c4gypten<\/strong> - Strandurlaub am Roten Meer &amp; mehr <strong> &gt;&gt;<\/strong><\/a><\/h4>\n\n\n<a href=\"https:\/\/www.ihr-ferienpartner.de\/mobil\/aegypten\/\" alt=\"Aegypten\" title=\"Urlaub in \u00c4gypten\"><img decoding=\"async\" src=\"https:\/\/www.ihr-ferienpartner.de\/Reisen\/Aegypten.jpg\" alt=\"Aegypten\"><\/a>\n<strong>REISEN INS LAND DER PHARAONEN<\/strong>\nGeschichtstr\u00e4chtige Sehensw\u00fcrdigkeiten, beeindruckende Wasserwelten, Zauber des Orients oder unendliche W\u00fcste.\n\n\n\n<hr>\n\n\n\n\n\n<h4><a href=\"https:\/\/www.ihr-ferienpartner.de\/mobil\/dl-hotel\/?duration=7-7&amp;from=15&amp;to=316&amp;countryId=DE\" title=\"Urlaub in Deutschland\"><strong>Urlaub in Deutschland<\/strong> - eigene Anreise <strong>&gt;&gt;<\/strong><\/a><\/h4>\n\n\n<a href=\"https:\/\/www.ihr-ferienpartner.de\/mobil\/dl-hotel\/?duration=7-7&amp;from=15&amp;to=316&amp;countryId=DE\" title=\"Urlaub in Deutschland\"><img decoding=\"async\" src=\"https:\/\/www.ihr-ferienpartner.de\/Reisen\/Deutschland.jpg\" alt=\"Urlaub in Deutschland\"><\/a>\n<strong>\"Urlaub im Inland\" - sch\u00f6nes ganz nah!<\/strong>\nOb z.B. an der Nordsee, an der Ostsee, im Schwarzwald, in Bayern oder an der Mosel, ganz Deutschland bietet tolle Voraussetzungen f\u00fcr einen wundersch\u00f6nen Urlaub.\n--><\/p>\n<hr>\n<h4><a href=\"https:\/\/www.ihr-ferienpartner.de\/mobil\/reisen-in-den-schulferien\/\" alt=\"Reisen in den Schulferien\" title=\"Urlaub in den Schulferien 2026\"><strong>Schulferien<\/strong> &#8211; jetzt Angebote sichern<strong> &gt;&gt;<\/strong><\/a><\/h4>\n<p><a href=\"https:\/\/www.ihr-ferienpartner.de\/mobil\/reisen-in-den-schulferien\/\" alt=\"Reisen in den Schulferien\" title=\"Urlaub in den Schulferien\"><img decoding=\"async\" src=\"https:\/\/www.ihr-ferienpartner.de\/Reisen\/Schulferien4.jpg\" alt=\"Urlaub in den Schulferien\"><\/a><br \/>\n<strong>Fr\u00fchzeitig den Urlaub zu planen hat mehrere Vorteile:<\/strong> mehr Zeit f\u00fcr Vorfreude, mehr Auswahl &amp; Fr\u00fchbucher-Rabatte.<\/p>\n<hr>\n<h4><a href=\"https:\/\/www.ihr-ferienpartner.de\/mobil\/beliebte-Reiseziele\/\" alt=\"Beliebte und sichere Reiseziele\" title=\"die beliebtesten Reiseziele\"><strong>Beliebte &amp; sichere Reiseziele <\/strong><strong>&gt;&gt;<\/strong><\/a><\/h4>\n<p><a href=\"https:\/\/www.ihr-ferienpartner.de\/mobil\/beliebte-Reiseziele\/\" alt=\"Beliebte und sichere Reiseziele\" title=\"die beliebtesten Reiseziele\"><img decoding=\"async\" src=\"\/Reisen\/BeliebteSichereReiseziele2.jpg\" alt=\"Beliebte und sichere Reiseziele\"><\/a><br \/>\nUm die Wahl des richtigen Reiseziels zu unterst\u00fctzen, <strong>zeigen wir Ihnen beliebte und sichere Reiseziele,<\/strong> u.a. Spanien, Griechenland und Portugal.<\/p>\n<hr>\n<h4><a href=\"https:\/\/www.ihr-ferienpartner.de\/mobil\/cluburlaub\/\" alt=\"Cluburlaub\" title=\"all inclusive Cluburlaub\"><strong>Cluburlaub<\/strong> &#8211; all inclusive<strong> &gt;&gt;<\/strong><\/a><\/h4>\n<p><a href=\"https:\/\/www.ihr-ferienpartner.de\/mobil\/cluburlaub\/\" alt=\"Cluburlaub\" title=\"all inclusive Cluburlaub\"><img decoding=\"async\" src=\"https:\/\/www.ihr-ferienpartner.de\/Reisen\/Cluburlaub2.jpg\" alt=\"Cluburlaub\"><\/a><br \/>\n<strong>WE \u2665 &#8222;CLUBURLAUB&#8220;<\/strong><br \/>\nBesonders beliebt f\u00fcr unbeschwerten Cluburlaub sind u.a. die Clubs von <b>ROBINSON<\/b> und <b>MAGIC LIFE<\/b>.<\/p>\n<hr>\n<p><font size=\"+1\"><strong>spontanien.de &#8211; Ihre Vorteile:<\/strong><\/font><\/p>\n<ul>\n<li class=\"uns\"><strong>G\u00fcnstig:<\/strong> \u00fcber 40 <a href=\"https:\/\/www.ihr-ferienpartner.de\/mobil\/unser-angebot\/\" title=\"unser Angebot\">Reiseanbieter<strong> &gt;<\/strong><\/a> im unabh\u00e4ngigen Vergleich<\/li>\n<li class=\"uns\"><strong>Erfahren:<\/strong> <a href=\"https:\/\/www.ihr-ferienpartner.de\/mobil\/beliebte-hotels\/\" title=\"beliebte Hotels\">Hotel- und Reiseempfehlungen<strong> &gt;<\/strong><\/a> auf Basis pers\u00f6nlicher Erfahrungen<strong><br \/>\n<\/strong><\/li>\n<li class=\"uns\"><strong>Authentisch:<\/strong> mit Hotelbewertungen anderer G\u00e4ste<\/li>\n<li class=\"uns\"><strong>Vielf\u00e4ltig:<\/strong> Badeferien, St\u00e4dtereisen und mehr<\/li>\n<\/ul>\n<hr>\n<div align=\"center\">\n<span style=\"color: #000000;\"><strong>Follow us:<\/strong><\/span><br \/>\n<a href=\"https:\/\/www.facebook.com\/spontanien\" target=\"_blank\" rel=\"noopener noreferrer\" title=\"Folge uns auf Facebook\"><img loading=\"lazy\" decoding=\"async\" src=\"\/mobil\/wp-content\/uploads\/2015\/07\/facebook.png\" alt=\"Facebook\" width=\"32\" height=\"32\"><\/a> <a href=\"https:\/\/www.instagram.com\/spontanien.de\" target=\"_blank\" rel=\"noopener noreferrer\" title=\"Folge uns auf Instagram\"><img loading=\"lazy\" decoding=\"async\" src=\"\/mobil\/wp-content\/uploads\/2015\/07\/instagram.png\" alt=\"Instagram\" width=\"32\" height=\"32\"><\/a><\/div>\n<hr>\n<div align=\"right\"><img decoding=\"async\" src=\"https:\/\/www.ihr-ferienpartner.de\/mobil\/wp-content\/uploads\/2019\/10\/spontanien.jpg\" alt=\"spontanien.de\" width=\"250\"><\/div>\n<\/div>\n","protected":false},"excerpt":{"rendered":"<p>Von Schulferien abh\u00e4ngig? Buchen Sie schnell die Ferientermine 2026! Griechische Inseln &#8211; haben ihren eigenen Charakter &gt;&gt; WE \u2665 GREEK ISLANDS Die Vielfalt Griechenlands wird ausgemacht von wundersch\u00f6nen Str\u00e4nden, geschichtstr\u00e4chtigen Kulturen und beeindruckenden Landschaften. Balearische Inseln &#8211; nur gut 2 Flugstunden bis ins Paradies &gt;&gt; WE \u2665 BALEARIC ISLANDS Ein kurzer Flug, tolle K\u00fcsten, klares [&hellip;]<\/p>\n","protected":false},"author":1,"featured_media":0,"parent":0,"menu_order":0,"comment_status":"closed","ping_status":"closed","template":"","meta":{"footnotes":""},"yoast_head":"<!-- This site is optimized with the Yoast SEO plugin v22.8 - https:\/\/yoast.com\/wordpress\/plugins\/seo\/ -->\n<title>Last Minute &amp; Fr\u00fchbucher Urlaub g\u00fcnstig buchen<\/title>\n<meta name=\"description\" content=\"Reisen clever buchen: Preisvergleich, Hotelbewertungen, pers\u00f6nliche Hotel-Tipps, alle Abflughafen, flexible Termine - FINDE DEIN SPONTANIEN\" \/>\n<meta name=\"robots\" content=\"index, follow, max-snippet:-1, max-image-preview:large, max-video-preview:-1\" \/>\n<link rel=\"canonical\" href=\"https:\/\/www.ihr-ferienpartner.de\" \/>\n<meta property=\"og:locale\" content=\"de_DE\" \/>\n<meta property=\"og:type\" content=\"article\" \/>\n<meta property=\"og:title\" content=\"Last Minute &amp; Fr\u00fchbucher Urlaub g\u00fcnstig buchen\" \/>\n<meta property=\"og:description\" content=\"Reisen clever buchen: Preisvergleich, Hotelbewertungen, pers\u00f6nliche Hotel-Tipps, alle Abflughafen, flexible Termine - FINDE DEIN SPONTANIEN\" \/>\n<meta property=\"og:url\" content=\"https:\/\/www.ihr-ferienpartner.de\" \/>\n<meta property=\"og:site_name\" content=\"FINDE DEIN SPONTANIEN - Reisen g\u00fcnstig buchen\" \/>\n<meta property=\"og:image\" content=\"https:\/\/www.ihr-ferienpartner.de\/Griechenland\/GriechischeInseln4.jpg\" \/>\n<meta name=\"twitter:card\" content=\"summary_large_image\" \/>\n<meta name=\"twitter:label1\" content=\"Gesch\u00e4tzte Lesezeit\" \/>\n\t<meta name=\"twitter:data1\" content=\"5\u00a0Minuten\" \/>\n<script type=\"application\/ld+json\" class=\"yoast-schema-graph\">{\"@context\":\"https:\/\/schema.org\",\"@graph\":[{\"@type\":\"WebPage\",\"@id\":\"https:\/\/www.ihr-ferienpartner.de\/mobil\/\",\"url\":\"https:\/\/www.ihr-ferienpartner.de\",\"name\":\"Last Minute & Fr\u00fchbucher Urlaub g\u00fcnstig buchen\",\"isPartOf\":{\"@id\":\"https:\/\/www.ihr-ferienpartner.de\/mobil\/#website\"},\"primaryImageOfPage\":{\"@id\":\"https:\/\/www.ihr-ferienpartner.de#primaryimage\"},\"image\":{\"@id\":\"https:\/\/www.ihr-ferienpartner.de#primaryimage\"},\"thumbnailUrl\":\"https:\/\/www.ihr-ferienpartner.de\/Griechenland\/GriechischeInseln4.jpg\",\"datePublished\":\"2026-01-28T15:23:05+00:00\",\"dateModified\":\"2026-01-28T15:23:05+00:00\",\"description\":\"Reisen clever buchen: Preisvergleich, Hotelbewertungen, pers\u00f6nliche Hotel-Tipps, alle Abflughafen, flexible Termine - FINDE DEIN SPONTANIEN\",\"breadcrumb\":{\"@id\":\"https:\/\/www.ihr-ferienpartner.de#breadcrumb\"},\"inLanguage\":\"de\",\"potentialAction\":[{\"@type\":\"ReadAction\",\"target\":[\"https:\/\/www.ihr-ferienpartner.de\"]}]},{\"@type\":\"ImageObject\",\"inLanguage\":\"de\",\"@id\":\"https:\/\/www.ihr-ferienpartner.de#primaryimage\",\"url\":\"https:\/\/www.ihr-ferienpartner.de\/Griechenland\/GriechischeInseln4.jpg\",\"contentUrl\":\"https:\/\/www.ihr-ferienpartner.de\/Griechenland\/GriechischeInseln4.jpg\"},{\"@type\":\"BreadcrumbList\",\"@id\":\"https:\/\/www.ihr-ferienpartner.de#breadcrumb\",\"itemListElement\":[{\"@type\":\"ListItem\",\"position\":1,\"name\":\"Startseite\",\"item\":\"https:\/\/www.ihr-ferienpartner.de\/mobil\/\"},{\"@type\":\"ListItem\",\"position\":2,\"name\":\"Last Minute und Fr\u00fchbucher Pauschalreisen g\u00fcnstig buchen\"}]},{\"@type\":\"WebSite\",\"@id\":\"https:\/\/www.ihr-ferienpartner.de\/mobil\/#website\",\"url\":\"https:\/\/www.ihr-ferienpartner.de\/mobil\/\",\"name\":\"FINDE DEIN SPONTANIEN - Reisen g\u00fcnstig buchen\",\"description\":\"Flugreisen im Preisvergleich mit flexiblen Terminen &amp; Abflughafen.\",\"publisher\":{\"@id\":\"https:\/\/www.ihr-ferienpartner.de\/mobil\/#organization\"},\"potentialAction\":[{\"@type\":\"SearchAction\",\"target\":{\"@type\":\"EntryPoint\",\"urlTemplate\":\"https:\/\/www.ihr-ferienpartner.de\/mobil\/?s={search_term_string}\"},\"query-input\":\"required name=search_term_string\"}],\"inLanguage\":\"de\"},{\"@type\":\"Organization\",\"@id\":\"https:\/\/www.ihr-ferienpartner.de\/mobil\/#organization\",\"name\":\"FINDE DEIN SPONTANIEN - Reisen g\u00fcnstig buchen\",\"url\":\"https:\/\/www.ihr-ferienpartner.de\/mobil\/\",\"logo\":{\"@type\":\"ImageObject\",\"inLanguage\":\"de\",\"@id\":\"https:\/\/www.ihr-ferienpartner.de\/mobil\/#\/schema\/logo\/image\/\",\"url\":\"https:\/\/www.ihr-ferienpartner.de\/mobil\/wp-content\/uploads\/2019\/10\/spontanien.jpg\",\"contentUrl\":\"https:\/\/www.ihr-ferienpartner.de\/mobil\/wp-content\/uploads\/2019\/10\/spontanien.jpg\",\"width\":818,\"height\":200,\"caption\":\"FINDE DEIN SPONTANIEN - Reisen g\u00fcnstig buchen\"},\"image\":{\"@id\":\"https:\/\/www.ihr-ferienpartner.de\/mobil\/#\/schema\/logo\/image\/\"}}]}<\/script>\n<!-- \/ Yoast SEO plugin. -->","yoast_head_json":{"title":"Last Minute & Fr\u00fchbucher Urlaub g\u00fcnstig buchen","description":"Reisen clever buchen: Preisvergleich, Hotelbewertungen, pers\u00f6nliche Hotel-Tipps, alle Abflughafen, flexible Termine - FINDE DEIN SPONTANIEN","robots":{"index":"index","follow":"follow","max-snippet":"max-snippet:-1","max-image-preview":"max-image-preview:large","max-video-preview":"max-video-preview:-1"},"canonical":"https:\/\/www.ihr-ferienpartner.de","og_locale":"de_DE","og_type":"article","og_title":"Last Minute & Fr\u00fchbucher Urlaub g\u00fcnstig buchen","og_description":"Reisen clever buchen: Preisvergleich, Hotelbewertungen, pers\u00f6nliche Hotel-Tipps, alle Abflughafen, flexible Termine - FINDE DEIN SPONTANIEN","og_url":"https:\/\/www.ihr-ferienpartner.de","og_site_name":"FINDE DEIN SPONTANIEN - Reisen g\u00fcnstig buchen","og_image":[{"url":"https:\/\/www.ihr-ferienpartner.de\/Griechenland\/GriechischeInseln4.jpg"}],"twitter_card":"summary_large_image","twitter_misc":{"Gesch\u00e4tzte Lesezeit":"5\u00a0Minuten"},"schema":{"@context":"https:\/\/schema.org","@graph":[{"@type":"WebPage","@id":"https:\/\/www.ihr-ferienpartner.de\/mobil\/","url":"https:\/\/www.ihr-ferienpartner.de","name":"Last Minute & Fr\u00fchbucher Urlaub g\u00fcnstig buchen","isPartOf":{"@id":"https:\/\/www.ihr-ferienpartner.de\/mobil\/#website"},"primaryImageOfPage":{"@id":"https:\/\/www.ihr-ferienpartner.de#primaryimage"},"image":{"@id":"https:\/\/www.ihr-ferienpartner.de#primaryimage"},"thumbnailUrl":"https:\/\/www.ihr-ferienpartner.de\/Griechenland\/GriechischeInseln4.jpg","datePublished":"2026-01-28T15:23:05+00:00","dateModified":"2026-01-28T15:23:05+00:00","description":"Reisen clever buchen: Preisvergleich, Hotelbewertungen, pers\u00f6nliche Hotel-Tipps, alle Abflughafen, flexible Termine - FINDE DEIN SPONTANIEN","breadcrumb":{"@id":"https:\/\/www.ihr-ferienpartner.de#breadcrumb"},"inLanguage":"de","potentialAction":[{"@type":"ReadAction","target":["https:\/\/www.ihr-ferienpartner.de"]}]},{"@type":"ImageObject","inLanguage":"de","@id":"https:\/\/www.ihr-ferienpartner.de#primaryimage","url":"https:\/\/www.ihr-ferienpartner.de\/Griechenland\/GriechischeInseln4.jpg","contentUrl":"https:\/\/www.ihr-ferienpartner.de\/Griechenland\/GriechischeInseln4.jpg"},{"@type":"BreadcrumbList","@id":"https:\/\/www.ihr-ferienpartner.de#breadcrumb","itemListElement":[{"@type":"ListItem","position":1,"name":"Startseite","item":"https:\/\/www.ihr-ferienpartner.de\/mobil\/"},{"@type":"ListItem","position":2,"name":"Last Minute und Fr\u00fchbucher Pauschalreisen g\u00fcnstig buchen"}]},{"@type":"WebSite","@id":"https:\/\/www.ihr-ferienpartner.de\/mobil\/#website","url":"https:\/\/www.ihr-ferienpartner.de\/mobil\/","name":"FINDE DEIN SPONTANIEN - Reisen g\u00fcnstig buchen","description":"Flugreisen im Preisvergleich mit flexiblen Terminen &amp; Abflughafen.","publisher":{"@id":"https:\/\/www.ihr-ferienpartner.de\/mobil\/#organization"},"potentialAction":[{"@type":"SearchAction","target":{"@type":"EntryPoint","urlTemplate":"https:\/\/www.ihr-ferienpartner.de\/mobil\/?s={search_term_string}"},"query-input":"required name=search_term_string"}],"inLanguage":"de"},{"@type":"Organization","@id":"https:\/\/www.ihr-ferienpartner.de\/mobil\/#organization","name":"FINDE DEIN SPONTANIEN - Reisen g\u00fcnstig buchen","url":"https:\/\/www.ihr-ferienpartner.de\/mobil\/","logo":{"@type":"ImageObject","inLanguage":"de","@id":"https:\/\/www.ihr-ferienpartner.de\/mobil\/#\/schema\/logo\/image\/","url":"https:\/\/www.ihr-ferienpartner.de\/mobil\/wp-content\/uploads\/2019\/10\/spontanien.jpg","contentUrl":"https:\/\/www.ihr-ferienpartner.de\/mobil\/wp-content\/uploads\/2019\/10\/spontanien.jpg","width":818,"height":200,"caption":"FINDE DEIN SPONTANIEN - Reisen g\u00fcnstig buchen"},"image":{"@id":"https:\/\/www.ihr-ferienpartner.de\/mobil\/#\/schema\/logo\/image\/"}}]}},"_links":{"self":[{"href":"https:\/\/www.ihr-ferienpartner.de\/mobil\/wp-json\/wp\/v2\/pages\/42"}],"collection":[{"href":"https:\/\/www.ihr-ferienpartner.de\/mobil\/wp-json\/wp\/v2\/pages"}],"about":[{"href":"https:\/\/www.ihr-ferienpartner.de\/mobil\/wp-json\/wp\/v2\/types\/page"}],"author":[{"embeddable":true,"href":"https:\/\/www.ihr-ferienpartner.de\/mobil\/wp-json\/wp\/v2\/users\/1"}],"replies":[{"embeddable":true,"href":"https:\/\/www.ihr-ferienpartner.de\/mobil\/wp-json\/wp\/v2\/comments?post=42"}],"version-history":[{"count":418,"href":"https:\/\/www.ihr-ferienpartner.de\/mobil\/wp-json\/wp\/v2\/pages\/42\/revisions"}],"predecessor-version":[{"id":5850,"href":"https:\/\/www.ihr-ferienpartner.de\/mobil\/wp-json\/wp\/v2\/pages\/42\/revisions\/5850"}],"wp:attachment":[{"href":"https:\/\/www.ihr-ferienpartner.de\/mobil\/wp-json\/wp\/v2\/media?parent=42"}],"curies":[{"name":"wp","href":"https:\/\/api.w.org\/{rel}","templated":true}]}}