{"id":4261,"date":"2024-07-12T09:50:38","date_gmt":"2024-07-12T07:50:38","guid":{"rendered":"https:\/\/www.ihr-ferienpartner.de\/mobil\/?page_id=4261"},"modified":"2024-07-12T09:50:38","modified_gmt":"2024-07-12T07:50:38","slug":"riu-buenavista","status":"publish","type":"page","link":"https:\/\/www.ihr-ferienpartner.de\/mobil\/riu-buenavista\/","title":{"rendered":"Riu Buenavista"},"content":{"rendered":"<div style=\"background-color: #ffffff; padding: 20px 20px 20px 20px;\">\n<h1>Riu Buenavista<\/h1>\n<p>Playa Paraiso, Costa Adeje (Teneriffa)<\/p>\n<p><img decoding=\"async\" src=\"https:\/\/www.ihr-ferienpartner.de\/Teneriffa\/Riu-Buenavista.jpg\" alt=\"Riu Buenavista auf Teneriffa billig buchen\" title=\"Reisen nach Teneriffa ins Hotel Riu Buenavista\"><br \/>\n<font size=\"-1\">Das Clubhotel in beliebter <strong>RIU-Qualit\u00e4t<\/strong> hat eine <strong>gro\u00dfe Poollandschaft<\/strong>, bietet <strong>all inclusive<\/strong> und liegt mit tollem Ausblick <strong>direkt am Meer<\/strong>. Sehr gute M\u00f6glichkeiten f\u00fcr Sport und Familien sind gegeben &#8211; top Preis-Leistungs-Verh\u00e4ltnis!<\/font><\/p>\n<hr>\n<p><font size=\"-1\"><b><font color=\"b62b31\">weitere Hotel-Tipps auf Teneriffa:<\/font><\/b> <a href=\"https:\/\/www.ihr-ferienpartner.de\/mobil\/riu-palace-tenerife\/\">Riu Palace Tenerife<\/a>, Playa del Duque &#8211; <a href=\"https:\/\/www.ihr-ferienpartner.de\/mobil\/riu-arecas\/\">Riu Arecas<\/a>, Playa del Duque &#8211; <a href=\"https:\/\/www.ihr-ferienpartner.de\/mobil\/bahia-principe\/\">Bahia Principe Costa Adeje &amp; Tenerife Resort<\/a>, Playa Paraiso &#8211; <a href=\"https:\/\/www.ihr-ferienpartner.de\/mobil\/bahia-princess\/\">Bahia Princess<\/a>, Costa Adeje &#8211; <a href=\"https:\/\/www.ihr-ferienpartner.de\/mobil\/gran-melia-palacia-de-isora\/\">Gran Melia Palacia de Isora<\/a>, Alcala &#8211; <a href=\"https:\/\/www.ihr-ferienpartner.de\/mobil\/iberostar-selection-anthelia\/\">Iberostar Selection Anthelia<\/a>, Playa De Fanabe<br \/>\n<b><font color=\"b62b31\">alle Hotels auf:<\/font><\/b> <a href=\"https:\/\/www.ihr-ferienpartner.de\/mobil\/teneriffa\">Teneriffa &gt;&gt;<\/a><\/font><\/p>\n<hr>\n<div id=\"ypsnet-ibe\" data-src=\"https:\/\/b2b.specials.de\/index\/jump\/119\/2780\/991880\/?action=dates&amp;regionId=135&amp;from=15&amp;to=316&amp;duration=7-7&amp;maxPrice=5000&amp;adults=2&amp;giataId=62419\"><\/div>\n<p><script src=\"https:\/\/webmedia.ypsilon.net\/spl_js\/ypsnet-ibe.js\"><\/script><\/p>\n<\/div>\n<div style=\"background-color: #ffffff; padding: 20px 20px 20px 20px;\">\n<hr>\n<p><b>Urlaub im Riu Buenavista an der Playa Paraiso:<\/b><br \/>\nBuchen Sie Ihre Teneriffa-Reise und profitieren Sie u.a. vom Anbieter-Preisvergleich und Hotel-Rankings aus \u00fcber 1.000.000 authentischen Hotelbewertungen.<\/p>\n<p><img decoding=\"async\" src=\"https:\/\/www.ihr-ferienpartner.de\/Angebot\/Anbietervergleich.jpg\" alt=\"Reisen nach Teneriffa in Riu Buenavista\" title=\"Reisen nach Teneriffa ins Riu Buenavista\"><\/p>\n<\/div>\n","protected":false},"excerpt":{"rendered":"<p>Riu Buenavista Playa Paraiso, Costa Adeje (Teneriffa) Das Clubhotel in beliebter RIU-Qualit\u00e4t hat eine gro\u00dfe Poollandschaft, bietet all inclusive und liegt mit tollem Ausblick direkt am Meer. Sehr gute M\u00f6glichkeiten f\u00fcr Sport und Familien sind gegeben &#8211; top Preis-Leistungs-Verh\u00e4ltnis! weitere Hotel-Tipps auf Teneriffa: Riu Palace Tenerife, Playa del Duque &#8211; Riu Arecas, Playa del Duque [&hellip;]<\/p>\n","protected":false},"author":1,"featured_media":0,"parent":0,"menu_order":0,"comment_status":"closed","ping_status":"closed","template":"","meta":{"footnotes":""},"yoast_head":"<!-- This site is optimized with the Yoast SEO plugin v22.8 - https:\/\/yoast.com\/wordpress\/plugins\/seo\/ -->\n<title>Riu Buenavista, Playa Paraiso - Teneriffa Urlaub billig buchen!<\/title>\n<meta name=\"description\" content=\"Flugreisen clever buchen mit Preisvergleich, Hotelbewertungen, Last Minute &amp; Fr\u00fchbucher-Rabatten, ab allen Flughafen.\" \/>\n<meta name=\"robots\" content=\"index, follow, max-snippet:-1, max-image-preview:large, max-video-preview:-1\" \/>\n<link rel=\"canonical\" href=\"https:\/\/www.ihr-ferienpartner.de\/mobil\/riu-buenavista\/\" \/>\n<meta property=\"og:locale\" content=\"de_DE\" \/>\n<meta property=\"og:type\" content=\"article\" \/>\n<meta property=\"og:title\" content=\"Riu Buenavista, Playa Paraiso - Teneriffa Urlaub billig buchen!\" \/>\n<meta property=\"og:description\" content=\"Flugreisen clever buchen mit Preisvergleich, Hotelbewertungen, Last Minute &amp; Fr\u00fchbucher-Rabatten, ab allen Flughafen.\" \/>\n<meta property=\"og:url\" content=\"https:\/\/www.ihr-ferienpartner.de\/mobil\/riu-buenavista\/\" \/>\n<meta property=\"og:site_name\" content=\"FINDE DEIN SPONTANIEN - Reisen g\u00fcnstig buchen\" \/>\n<meta property=\"og:image\" content=\"https:\/\/www.ihr-ferienpartner.de\/Teneriffa\/Riu-Buenavista.jpg\" \/>\n<meta name=\"twitter:card\" content=\"summary_large_image\" \/>\n<meta name=\"twitter:label1\" content=\"Gesch\u00e4tzte Lesezeit\" \/>\n\t<meta name=\"twitter:data1\" content=\"1\u00a0Minute\" \/>\n<script type=\"application\/ld+json\" class=\"yoast-schema-graph\">{\"@context\":\"https:\/\/schema.org\",\"@graph\":[{\"@type\":\"WebPage\",\"@id\":\"https:\/\/www.ihr-ferienpartner.de\/mobil\/riu-buenavista\/\",\"url\":\"https:\/\/www.ihr-ferienpartner.de\/mobil\/riu-buenavista\/\",\"name\":\"Riu Buenavista, Playa Paraiso - Teneriffa Urlaub billig buchen!\",\"isPartOf\":{\"@id\":\"https:\/\/www.ihr-ferienpartner.de\/mobil\/#website\"},\"primaryImageOfPage\":{\"@id\":\"https:\/\/www.ihr-ferienpartner.de\/mobil\/riu-buenavista\/#primaryimage\"},\"image\":{\"@id\":\"https:\/\/www.ihr-ferienpartner.de\/mobil\/riu-buenavista\/#primaryimage\"},\"thumbnailUrl\":\"https:\/\/www.ihr-ferienpartner.de\/Teneriffa\/Riu-Buenavista.jpg\",\"datePublished\":\"2024-07-12T07:50:38+00:00\",\"dateModified\":\"2024-07-12T07:50:38+00:00\",\"description\":\"Flugreisen clever buchen mit Preisvergleich, Hotelbewertungen, Last Minute & Fr\u00fchbucher-Rabatten, ab allen Flughafen.\",\"breadcrumb\":{\"@id\":\"https:\/\/www.ihr-ferienpartner.de\/mobil\/riu-buenavista\/#breadcrumb\"},\"inLanguage\":\"de\",\"potentialAction\":[{\"@type\":\"ReadAction\",\"target\":[\"https:\/\/www.ihr-ferienpartner.de\/mobil\/riu-buenavista\/\"]}]},{\"@type\":\"ImageObject\",\"inLanguage\":\"de\",\"@id\":\"https:\/\/www.ihr-ferienpartner.de\/mobil\/riu-buenavista\/#primaryimage\",\"url\":\"https:\/\/www.ihr-ferienpartner.de\/Teneriffa\/Riu-Buenavista.jpg\",\"contentUrl\":\"https:\/\/www.ihr-ferienpartner.de\/Teneriffa\/Riu-Buenavista.jpg\"},{\"@type\":\"BreadcrumbList\",\"@id\":\"https:\/\/www.ihr-ferienpartner.de\/mobil\/riu-buenavista\/#breadcrumb\",\"itemListElement\":[{\"@type\":\"ListItem\",\"position\":1,\"name\":\"Startseite\",\"item\":\"https:\/\/www.ihr-ferienpartner.de\/mobil\/\"},{\"@type\":\"ListItem\",\"position\":2,\"name\":\"Riu Buenavista\"}]},{\"@type\":\"WebSite\",\"@id\":\"https:\/\/www.ihr-ferienpartner.de\/mobil\/#website\",\"url\":\"https:\/\/www.ihr-ferienpartner.de\/mobil\/\",\"name\":\"FINDE DEIN SPONTANIEN - Reisen g\u00fcnstig buchen\",\"description\":\"Flugreisen im Preisvergleich mit flexiblen Terminen &amp; Abflughafen.\",\"publisher\":{\"@id\":\"https:\/\/www.ihr-ferienpartner.de\/mobil\/#organization\"},\"potentialAction\":[{\"@type\":\"SearchAction\",\"target\":{\"@type\":\"EntryPoint\",\"urlTemplate\":\"https:\/\/www.ihr-ferienpartner.de\/mobil\/?s={search_term_string}\"},\"query-input\":\"required name=search_term_string\"}],\"inLanguage\":\"de\"},{\"@type\":\"Organization\",\"@id\":\"https:\/\/www.ihr-ferienpartner.de\/mobil\/#organization\",\"name\":\"FINDE DEIN SPONTANIEN - Reisen g\u00fcnstig buchen\",\"url\":\"https:\/\/www.ihr-ferienpartner.de\/mobil\/\",\"logo\":{\"@type\":\"ImageObject\",\"inLanguage\":\"de\",\"@id\":\"https:\/\/www.ihr-ferienpartner.de\/mobil\/#\/schema\/logo\/image\/\",\"url\":\"https:\/\/www.ihr-ferienpartner.de\/mobil\/wp-content\/uploads\/2019\/10\/spontanien.jpg\",\"contentUrl\":\"https:\/\/www.ihr-ferienpartner.de\/mobil\/wp-content\/uploads\/2019\/10\/spontanien.jpg\",\"width\":818,\"height\":200,\"caption\":\"FINDE DEIN SPONTANIEN - Reisen g\u00fcnstig buchen\"},\"image\":{\"@id\":\"https:\/\/www.ihr-ferienpartner.de\/mobil\/#\/schema\/logo\/image\/\"}}]}<\/script>\n<!-- \/ Yoast SEO plugin. -->","yoast_head_json":{"title":"Riu Buenavista, Playa Paraiso - Teneriffa Urlaub billig buchen!","description":"Flugreisen clever buchen mit Preisvergleich, Hotelbewertungen, Last Minute & Fr\u00fchbucher-Rabatten, ab allen Flughafen.","robots":{"index":"index","follow":"follow","max-snippet":"max-snippet:-1","max-image-preview":"max-image-preview:large","max-video-preview":"max-video-preview:-1"},"canonical":"https:\/\/www.ihr-ferienpartner.de\/mobil\/riu-buenavista\/","og_locale":"de_DE","og_type":"article","og_title":"Riu Buenavista, Playa Paraiso - Teneriffa Urlaub billig buchen!","og_description":"Flugreisen clever buchen mit Preisvergleich, Hotelbewertungen, Last Minute & Fr\u00fchbucher-Rabatten, ab allen Flughafen.","og_url":"https:\/\/www.ihr-ferienpartner.de\/mobil\/riu-buenavista\/","og_site_name":"FINDE DEIN SPONTANIEN - Reisen g\u00fcnstig buchen","og_image":[{"url":"https:\/\/www.ihr-ferienpartner.de\/Teneriffa\/Riu-Buenavista.jpg"}],"twitter_card":"summary_large_image","twitter_misc":{"Gesch\u00e4tzte Lesezeit":"1\u00a0Minute"},"schema":{"@context":"https:\/\/schema.org","@graph":[{"@type":"WebPage","@id":"https:\/\/www.ihr-ferienpartner.de\/mobil\/riu-buenavista\/","url":"https:\/\/www.ihr-ferienpartner.de\/mobil\/riu-buenavista\/","name":"Riu Buenavista, Playa Paraiso - Teneriffa Urlaub billig buchen!","isPartOf":{"@id":"https:\/\/www.ihr-ferienpartner.de\/mobil\/#website"},"primaryImageOfPage":{"@id":"https:\/\/www.ihr-ferienpartner.de\/mobil\/riu-buenavista\/#primaryimage"},"image":{"@id":"https:\/\/www.ihr-ferienpartner.de\/mobil\/riu-buenavista\/#primaryimage"},"thumbnailUrl":"https:\/\/www.ihr-ferienpartner.de\/Teneriffa\/Riu-Buenavista.jpg","datePublished":"2024-07-12T07:50:38+00:00","dateModified":"2024-07-12T07:50:38+00:00","description":"Flugreisen clever buchen mit Preisvergleich, Hotelbewertungen, Last Minute & Fr\u00fchbucher-Rabatten, ab allen Flughafen.","breadcrumb":{"@id":"https:\/\/www.ihr-ferienpartner.de\/mobil\/riu-buenavista\/#breadcrumb"},"inLanguage":"de","potentialAction":[{"@type":"ReadAction","target":["https:\/\/www.ihr-ferienpartner.de\/mobil\/riu-buenavista\/"]}]},{"@type":"ImageObject","inLanguage":"de","@id":"https:\/\/www.ihr-ferienpartner.de\/mobil\/riu-buenavista\/#primaryimage","url":"https:\/\/www.ihr-ferienpartner.de\/Teneriffa\/Riu-Buenavista.jpg","contentUrl":"https:\/\/www.ihr-ferienpartner.de\/Teneriffa\/Riu-Buenavista.jpg"},{"@type":"BreadcrumbList","@id":"https:\/\/www.ihr-ferienpartner.de\/mobil\/riu-buenavista\/#breadcrumb","itemListElement":[{"@type":"ListItem","position":1,"name":"Startseite","item":"https:\/\/www.ihr-ferienpartner.de\/mobil\/"},{"@type":"ListItem","position":2,"name":"Riu Buenavista"}]},{"@type":"WebSite","@id":"https:\/\/www.ihr-ferienpartner.de\/mobil\/#website","url":"https:\/\/www.ihr-ferienpartner.de\/mobil\/","name":"FINDE DEIN SPONTANIEN - Reisen g\u00fcnstig buchen","description":"Flugreisen im Preisvergleich mit flexiblen Terminen &amp; Abflughafen.","publisher":{"@id":"https:\/\/www.ihr-ferienpartner.de\/mobil\/#organization"},"potentialAction":[{"@type":"SearchAction","target":{"@type":"EntryPoint","urlTemplate":"https:\/\/www.ihr-ferienpartner.de\/mobil\/?s={search_term_string}"},"query-input":"required name=search_term_string"}],"inLanguage":"de"},{"@type":"Organization","@id":"https:\/\/www.ihr-ferienpartner.de\/mobil\/#organization","name":"FINDE DEIN SPONTANIEN - Reisen g\u00fcnstig buchen","url":"https:\/\/www.ihr-ferienpartner.de\/mobil\/","logo":{"@type":"ImageObject","inLanguage":"de","@id":"https:\/\/www.ihr-ferienpartner.de\/mobil\/#\/schema\/logo\/image\/","url":"https:\/\/www.ihr-ferienpartner.de\/mobil\/wp-content\/uploads\/2019\/10\/spontanien.jpg","contentUrl":"https:\/\/www.ihr-ferienpartner.de\/mobil\/wp-content\/uploads\/2019\/10\/spontanien.jpg","width":818,"height":200,"caption":"FINDE DEIN SPONTANIEN - Reisen g\u00fcnstig buchen"},"image":{"@id":"https:\/\/www.ihr-ferienpartner.de\/mobil\/#\/schema\/logo\/image\/"}}]}},"_links":{"self":[{"href":"https:\/\/www.ihr-ferienpartner.de\/mobil\/wp-json\/wp\/v2\/pages\/4261"}],"collection":[{"href":"https:\/\/www.ihr-ferienpartner.de\/mobil\/wp-json\/wp\/v2\/pages"}],"about":[{"href":"https:\/\/www.ihr-ferienpartner.de\/mobil\/wp-json\/wp\/v2\/types\/page"}],"author":[{"embeddable":true,"href":"https:\/\/www.ihr-ferienpartner.de\/mobil\/wp-json\/wp\/v2\/users\/1"}],"replies":[{"embeddable":true,"href":"https:\/\/www.ihr-ferienpartner.de\/mobil\/wp-json\/wp\/v2\/comments?post=4261"}],"version-history":[{"count":5,"href":"https:\/\/www.ihr-ferienpartner.de\/mobil\/wp-json\/wp\/v2\/pages\/4261\/revisions"}],"predecessor-version":[{"id":5324,"href":"https:\/\/www.ihr-ferienpartner.de\/mobil\/wp-json\/wp\/v2\/pages\/4261\/revisions\/5324"}],"wp:attachment":[{"href":"https:\/\/www.ihr-ferienpartner.de\/mobil\/wp-json\/wp\/v2\/media?parent=4261"}],"curies":[{"name":"wp","href":"https:\/\/api.w.org\/{rel}","templated":true}]}}