{"id":4295,"date":"2024-07-15T16:45:58","date_gmt":"2024-07-15T14:45:58","guid":{"rendered":"https:\/\/www.ihr-ferienpartner.de\/mobil\/?page_id=4295"},"modified":"2024-07-15T16:45:58","modified_gmt":"2024-07-15T14:45:58","slug":"seaside-palm-beach","status":"publish","type":"page","link":"https:\/\/www.ihr-ferienpartner.de\/mobil\/seaside-palm-beach\/","title":{"rendered":"Seaside Palm Beach"},"content":{"rendered":"<div style=\"background-color: rgba(255,255,255,1);\">\n<div style=\"background-color: #ffffff; padding: 20px 20px 20px 20px;\">\n<h1>Seaside Palm Beach<\/h1>\n<p>Maspalomas (Gran Canaria)<\/p>\n<p><img decoding=\"async\" src=\"https:\/\/www.ihr-ferienpartner.de\/Gran-Canaria\/PalmBeach.jpg\" alt=\"Seaside Palm Beach billig buchen\" title=\"Reisen nach Gran Canaria ins Hotel Seaside Palm Beacht\"><br \/>\n<font size=\"-1\"><b><font color=\"b62b31\">Unser Hotel-Tipp<\/font><\/b> &#8211; Das Hotel Palm Beach ist eines der best gelegenen Hotels in unmittelbarer N\u00e4he zum D\u00fcnenstrand von Maspalomes. Die vor einigen Jahren komplett renovierte Hotelanlage bietet eine sch\u00f6ne, gro\u00dfz\u00fcgige Poolterasse, einen Spa-Bereich, ein Buffetrestaurant und zwei \u00e1-la-carte-Restaurants. Die Weiterempfehlungsrate von weit \u00fcber 90% spricht f\u00fcr sich selbst, viele G\u00e4ste werden zu Stammg\u00e4sten<\/font><\/p>\n<hr>\n<p><font size=\"-1\"><b><font color=\"b62b31\">Hotel-Tipps auf Gran Canaria:<\/font><\/b> <a href=\"https:\/\/www.ihr-ferienpartner.de\/mobil\/costa-meloneras\">Costa Meloneras &gt;&gt;<\/a> &#8211; <a href=\"https:\/\/www.ihr-ferienpartner.de\/mobil\/villa-del-conde\/\">Villa del Conde &gt;&gt;<\/a> &#8211; <a href=\"https:\/\/www.ihr-ferienpartner.de\/mobil\/corallium-beach\">Corallium Beach &gt;&gt;<\/a> &#8211; <a href=\"https:\/\/www.ihr-ferienpartner.de\/mobil\/cordial-mogan-playa\/\">Cordial Mogan Playa &gt;&gt;<\/a> &#8211; <a href=\"https:\/\/www.ihr-ferienpartner.de\/mobil\/riu-palace-meloneras\">Riu Palace Meloneras &gt;&gt;<\/a> &#8211; <a href=\"https:\/\/www.ihr-ferienpartner.de\/mobil\/riu-gran-canaria\/\">Riu Gran Canaria &gt;&gt;<\/a> &#8211; <a href=\"https:\/\/www.ihr-ferienpartner.de\/mobil\/baobab-resort\/\">Baobab Resort &gt;&gt;<\/a><\/font><br \/>\n<font size=\"-1\"><b><font color=\"b62b31\">alle Hotels auf:<\/font><\/b> <a href=\"https:\/\/www.ihr-ferienpartner.de\/mobil\/gran-canaria\">Gran Canaria &gt;&gt;<\/a><\/font><\/p>\n<hr>\n<div id=\"ypsnet-ibe\" data-src=\"https:\/\/b2b.specials.de\/index\/jump\/119\/2780\/991880\/?action=dates&amp;regionId=128&amp;from=15&amp;to=316&amp;duration=7-7&amp;maxPrice=5000&amp;adults=2&amp;giataId=2694\"><\/div>\n<p><script src=\"https:\/\/webmedia.ypsilon.net\/spl_js\/ypsnet-ibe.js\"><\/script><\/p>\n<\/div>\n<div style=\"background-color: #ffffff; padding: 20px 20px 20px 20px;\">\n<hr>\n<p><b>Urlaub im Seaside Palm Beach auf Gran Canaria:<\/b><br \/>\nBuchen Sie Ihre Gran Canaria-Reise und profitieren Sie u.a. vom Anbieter-Preisvergleich und Hotel-Rankings aus \u00fcber 1.000.000 authentischen Hotelbewertungen.<\/p>\n<p><img decoding=\"async\" src=\"https:\/\/www.ihr-ferienpartner.de\/Angebot\/Anbietervergleich.jpg\" alt=\"Reisen nach Gran Canaria ins Seaside Palm Beach\" title=\"Reisen nach Gran Canaria, Hotel Seaside Palm Beach\"><\/p>\n<\/div>\n<\/div>\n","protected":false},"excerpt":{"rendered":"<p>Seaside Palm Beach Maspalomas (Gran Canaria) Unser Hotel-Tipp &#8211; Das Hotel Palm Beach ist eines der best gelegenen Hotels in unmittelbarer N\u00e4he zum D\u00fcnenstrand von Maspalomes. Die vor einigen Jahren komplett renovierte Hotelanlage bietet eine sch\u00f6ne, gro\u00dfz\u00fcgige Poolterasse, einen Spa-Bereich, ein Buffetrestaurant und zwei \u00e1-la-carte-Restaurants. Die Weiterempfehlungsrate von weit \u00fcber 90% spricht f\u00fcr sich selbst, [&hellip;]<\/p>\n","protected":false},"author":1,"featured_media":0,"parent":0,"menu_order":0,"comment_status":"closed","ping_status":"closed","template":"","meta":{"footnotes":""},"yoast_head":"<!-- This site is optimized with the Yoast SEO plugin v22.8 - https:\/\/yoast.com\/wordpress\/plugins\/seo\/ -->\n<title>Seaside Palm Beach, Maspalomas - Gran Canaria Urlaub buchen!<\/title>\n<meta name=\"description\" content=\"Pauschalreisen g\u00fcnstig buchen: Fr\u00fchbucher- &amp; Last Minute-Rabatt, Hotelbewertungen, flexiblen Reiseterminen &amp; Anbieter-Preisvergleich.\" \/>\n<meta name=\"robots\" content=\"index, follow, max-snippet:-1, max-image-preview:large, max-video-preview:-1\" \/>\n<link rel=\"canonical\" href=\"https:\/\/www.ihr-ferienpartner.de\/mobil\/seaside-palm-beach\/\" \/>\n<meta property=\"og:locale\" content=\"de_DE\" \/>\n<meta property=\"og:type\" content=\"article\" \/>\n<meta property=\"og:title\" content=\"Seaside Palm Beach, Maspalomas - Gran Canaria Urlaub buchen!\" \/>\n<meta property=\"og:description\" content=\"Pauschalreisen g\u00fcnstig buchen: Fr\u00fchbucher- &amp; Last Minute-Rabatt, Hotelbewertungen, flexiblen Reiseterminen &amp; Anbieter-Preisvergleich.\" \/>\n<meta property=\"og:url\" content=\"https:\/\/www.ihr-ferienpartner.de\/mobil\/seaside-palm-beach\/\" \/>\n<meta property=\"og:site_name\" content=\"FINDE DEIN SPONTANIEN - Reisen g\u00fcnstig buchen\" \/>\n<meta property=\"og:image\" content=\"https:\/\/www.ihr-ferienpartner.de\/Gran-Canaria\/PalmBeach.jpg\" \/>\n<meta name=\"twitter:card\" content=\"summary_large_image\" \/>\n<meta name=\"twitter:label1\" content=\"Gesch\u00e4tzte Lesezeit\" \/>\n\t<meta name=\"twitter:data1\" content=\"2\u00a0Minuten\" \/>\n<script type=\"application\/ld+json\" class=\"yoast-schema-graph\">{\"@context\":\"https:\/\/schema.org\",\"@graph\":[{\"@type\":\"WebPage\",\"@id\":\"https:\/\/www.ihr-ferienpartner.de\/mobil\/seaside-palm-beach\/\",\"url\":\"https:\/\/www.ihr-ferienpartner.de\/mobil\/seaside-palm-beach\/\",\"name\":\"Seaside Palm Beach, Maspalomas - Gran Canaria Urlaub buchen!\",\"isPartOf\":{\"@id\":\"https:\/\/www.ihr-ferienpartner.de\/mobil\/#website\"},\"primaryImageOfPage\":{\"@id\":\"https:\/\/www.ihr-ferienpartner.de\/mobil\/seaside-palm-beach\/#primaryimage\"},\"image\":{\"@id\":\"https:\/\/www.ihr-ferienpartner.de\/mobil\/seaside-palm-beach\/#primaryimage\"},\"thumbnailUrl\":\"https:\/\/www.ihr-ferienpartner.de\/Gran-Canaria\/PalmBeach.jpg\",\"datePublished\":\"2024-07-15T14:45:58+00:00\",\"dateModified\":\"2024-07-15T14:45:58+00:00\",\"description\":\"Pauschalreisen g\u00fcnstig buchen: Fr\u00fchbucher- & Last Minute-Rabatt, Hotelbewertungen, flexiblen Reiseterminen & Anbieter-Preisvergleich.\",\"breadcrumb\":{\"@id\":\"https:\/\/www.ihr-ferienpartner.de\/mobil\/seaside-palm-beach\/#breadcrumb\"},\"inLanguage\":\"de\",\"potentialAction\":[{\"@type\":\"ReadAction\",\"target\":[\"https:\/\/www.ihr-ferienpartner.de\/mobil\/seaside-palm-beach\/\"]}]},{\"@type\":\"ImageObject\",\"inLanguage\":\"de\",\"@id\":\"https:\/\/www.ihr-ferienpartner.de\/mobil\/seaside-palm-beach\/#primaryimage\",\"url\":\"https:\/\/www.ihr-ferienpartner.de\/Gran-Canaria\/PalmBeach.jpg\",\"contentUrl\":\"https:\/\/www.ihr-ferienpartner.de\/Gran-Canaria\/PalmBeach.jpg\"},{\"@type\":\"BreadcrumbList\",\"@id\":\"https:\/\/www.ihr-ferienpartner.de\/mobil\/seaside-palm-beach\/#breadcrumb\",\"itemListElement\":[{\"@type\":\"ListItem\",\"position\":1,\"name\":\"Startseite\",\"item\":\"https:\/\/www.ihr-ferienpartner.de\/mobil\/\"},{\"@type\":\"ListItem\",\"position\":2,\"name\":\"Seaside Palm Beach\"}]},{\"@type\":\"WebSite\",\"@id\":\"https:\/\/www.ihr-ferienpartner.de\/mobil\/#website\",\"url\":\"https:\/\/www.ihr-ferienpartner.de\/mobil\/\",\"name\":\"FINDE DEIN SPONTANIEN - Reisen g\u00fcnstig buchen\",\"description\":\"Flugreisen im Preisvergleich mit flexiblen Terminen &amp; Abflughafen.\",\"publisher\":{\"@id\":\"https:\/\/www.ihr-ferienpartner.de\/mobil\/#organization\"},\"potentialAction\":[{\"@type\":\"SearchAction\",\"target\":{\"@type\":\"EntryPoint\",\"urlTemplate\":\"https:\/\/www.ihr-ferienpartner.de\/mobil\/?s={search_term_string}\"},\"query-input\":\"required name=search_term_string\"}],\"inLanguage\":\"de\"},{\"@type\":\"Organization\",\"@id\":\"https:\/\/www.ihr-ferienpartner.de\/mobil\/#organization\",\"name\":\"FINDE DEIN SPONTANIEN - Reisen g\u00fcnstig buchen\",\"url\":\"https:\/\/www.ihr-ferienpartner.de\/mobil\/\",\"logo\":{\"@type\":\"ImageObject\",\"inLanguage\":\"de\",\"@id\":\"https:\/\/www.ihr-ferienpartner.de\/mobil\/#\/schema\/logo\/image\/\",\"url\":\"https:\/\/www.ihr-ferienpartner.de\/mobil\/wp-content\/uploads\/2019\/10\/spontanien.jpg\",\"contentUrl\":\"https:\/\/www.ihr-ferienpartner.de\/mobil\/wp-content\/uploads\/2019\/10\/spontanien.jpg\",\"width\":818,\"height\":200,\"caption\":\"FINDE DEIN SPONTANIEN - Reisen g\u00fcnstig buchen\"},\"image\":{\"@id\":\"https:\/\/www.ihr-ferienpartner.de\/mobil\/#\/schema\/logo\/image\/\"}}]}<\/script>\n<!-- \/ Yoast SEO plugin. -->","yoast_head_json":{"title":"Seaside Palm Beach, Maspalomas - Gran Canaria Urlaub buchen!","description":"Pauschalreisen g\u00fcnstig buchen: Fr\u00fchbucher- & Last Minute-Rabatt, Hotelbewertungen, flexiblen Reiseterminen & Anbieter-Preisvergleich.","robots":{"index":"index","follow":"follow","max-snippet":"max-snippet:-1","max-image-preview":"max-image-preview:large","max-video-preview":"max-video-preview:-1"},"canonical":"https:\/\/www.ihr-ferienpartner.de\/mobil\/seaside-palm-beach\/","og_locale":"de_DE","og_type":"article","og_title":"Seaside Palm Beach, Maspalomas - Gran Canaria Urlaub buchen!","og_description":"Pauschalreisen g\u00fcnstig buchen: Fr\u00fchbucher- & Last Minute-Rabatt, Hotelbewertungen, flexiblen Reiseterminen & Anbieter-Preisvergleich.","og_url":"https:\/\/www.ihr-ferienpartner.de\/mobil\/seaside-palm-beach\/","og_site_name":"FINDE DEIN SPONTANIEN - Reisen g\u00fcnstig buchen","og_image":[{"url":"https:\/\/www.ihr-ferienpartner.de\/Gran-Canaria\/PalmBeach.jpg"}],"twitter_card":"summary_large_image","twitter_misc":{"Gesch\u00e4tzte Lesezeit":"2\u00a0Minuten"},"schema":{"@context":"https:\/\/schema.org","@graph":[{"@type":"WebPage","@id":"https:\/\/www.ihr-ferienpartner.de\/mobil\/seaside-palm-beach\/","url":"https:\/\/www.ihr-ferienpartner.de\/mobil\/seaside-palm-beach\/","name":"Seaside Palm Beach, Maspalomas - Gran Canaria Urlaub buchen!","isPartOf":{"@id":"https:\/\/www.ihr-ferienpartner.de\/mobil\/#website"},"primaryImageOfPage":{"@id":"https:\/\/www.ihr-ferienpartner.de\/mobil\/seaside-palm-beach\/#primaryimage"},"image":{"@id":"https:\/\/www.ihr-ferienpartner.de\/mobil\/seaside-palm-beach\/#primaryimage"},"thumbnailUrl":"https:\/\/www.ihr-ferienpartner.de\/Gran-Canaria\/PalmBeach.jpg","datePublished":"2024-07-15T14:45:58+00:00","dateModified":"2024-07-15T14:45:58+00:00","description":"Pauschalreisen g\u00fcnstig buchen: Fr\u00fchbucher- & Last Minute-Rabatt, Hotelbewertungen, flexiblen Reiseterminen & Anbieter-Preisvergleich.","breadcrumb":{"@id":"https:\/\/www.ihr-ferienpartner.de\/mobil\/seaside-palm-beach\/#breadcrumb"},"inLanguage":"de","potentialAction":[{"@type":"ReadAction","target":["https:\/\/www.ihr-ferienpartner.de\/mobil\/seaside-palm-beach\/"]}]},{"@type":"ImageObject","inLanguage":"de","@id":"https:\/\/www.ihr-ferienpartner.de\/mobil\/seaside-palm-beach\/#primaryimage","url":"https:\/\/www.ihr-ferienpartner.de\/Gran-Canaria\/PalmBeach.jpg","contentUrl":"https:\/\/www.ihr-ferienpartner.de\/Gran-Canaria\/PalmBeach.jpg"},{"@type":"BreadcrumbList","@id":"https:\/\/www.ihr-ferienpartner.de\/mobil\/seaside-palm-beach\/#breadcrumb","itemListElement":[{"@type":"ListItem","position":1,"name":"Startseite","item":"https:\/\/www.ihr-ferienpartner.de\/mobil\/"},{"@type":"ListItem","position":2,"name":"Seaside Palm Beach"}]},{"@type":"WebSite","@id":"https:\/\/www.ihr-ferienpartner.de\/mobil\/#website","url":"https:\/\/www.ihr-ferienpartner.de\/mobil\/","name":"FINDE DEIN SPONTANIEN - Reisen g\u00fcnstig buchen","description":"Flugreisen im Preisvergleich mit flexiblen Terminen &amp; Abflughafen.","publisher":{"@id":"https:\/\/www.ihr-ferienpartner.de\/mobil\/#organization"},"potentialAction":[{"@type":"SearchAction","target":{"@type":"EntryPoint","urlTemplate":"https:\/\/www.ihr-ferienpartner.de\/mobil\/?s={search_term_string}"},"query-input":"required name=search_term_string"}],"inLanguage":"de"},{"@type":"Organization","@id":"https:\/\/www.ihr-ferienpartner.de\/mobil\/#organization","name":"FINDE DEIN SPONTANIEN - Reisen g\u00fcnstig buchen","url":"https:\/\/www.ihr-ferienpartner.de\/mobil\/","logo":{"@type":"ImageObject","inLanguage":"de","@id":"https:\/\/www.ihr-ferienpartner.de\/mobil\/#\/schema\/logo\/image\/","url":"https:\/\/www.ihr-ferienpartner.de\/mobil\/wp-content\/uploads\/2019\/10\/spontanien.jpg","contentUrl":"https:\/\/www.ihr-ferienpartner.de\/mobil\/wp-content\/uploads\/2019\/10\/spontanien.jpg","width":818,"height":200,"caption":"FINDE DEIN SPONTANIEN - Reisen g\u00fcnstig buchen"},"image":{"@id":"https:\/\/www.ihr-ferienpartner.de\/mobil\/#\/schema\/logo\/image\/"}}]}},"_links":{"self":[{"href":"https:\/\/www.ihr-ferienpartner.de\/mobil\/wp-json\/wp\/v2\/pages\/4295"}],"collection":[{"href":"https:\/\/www.ihr-ferienpartner.de\/mobil\/wp-json\/wp\/v2\/pages"}],"about":[{"href":"https:\/\/www.ihr-ferienpartner.de\/mobil\/wp-json\/wp\/v2\/types\/page"}],"author":[{"embeddable":true,"href":"https:\/\/www.ihr-ferienpartner.de\/mobil\/wp-json\/wp\/v2\/users\/1"}],"replies":[{"embeddable":true,"href":"https:\/\/www.ihr-ferienpartner.de\/mobil\/wp-json\/wp\/v2\/comments?post=4295"}],"version-history":[{"count":2,"href":"https:\/\/www.ihr-ferienpartner.de\/mobil\/wp-json\/wp\/v2\/pages\/4295\/revisions"}],"predecessor-version":[{"id":5140,"href":"https:\/\/www.ihr-ferienpartner.de\/mobil\/wp-json\/wp\/v2\/pages\/4295\/revisions\/5140"}],"wp:attachment":[{"href":"https:\/\/www.ihr-ferienpartner.de\/mobil\/wp-json\/wp\/v2\/media?parent=4295"}],"curies":[{"name":"wp","href":"https:\/\/api.w.org\/{rel}","templated":true}]}}