{"id":5513,"date":"2025-09-01T12:45:53","date_gmt":"2025-09-01T10:45:53","guid":{"rendered":"https:\/\/www.ihr-ferienpartner.de\/mobil\/?page_id=5513"},"modified":"2025-09-01T12:45:59","modified_gmt":"2025-09-01T10:45:59","slug":"osterferien-ab-nrw","status":"publish","type":"page","link":"https:\/\/www.ihr-ferienpartner.de\/mobil\/osterferien-ab-nrw\/","title":{"rendered":"Osterferien 2026 \u2013 ab NRW Flughafen, z.B. ab K\u00f6ln &amp; D\u00fcsseldorf"},"content":{"rendered":"<div style=\"background-color: #ffffff; padding: 20px 20px 20px 20px;\">\n<h1>Osterferien 2026 \u2013 ab NRW Flughafen, z.B. ab K\u00f6ln &#038; D\u00fcsseldorf<\/h1>\n<hr>\n<div style=\"background-color: #e1eaed; padding: 5px 10px 10px 10px;\">\n<strong>Urlaub in den Osterferien (Sa. 28.03.- So. 12.04.2026 f\u00fcr NRW) bedeutet nach dem Winter meist die erste W\u00e4rme genie\u00dfen zu k\u00f6nnen.<\/strong> Aufgrund der Beliebtheit des Reisetermins r\u00e4t es sich m\u00f6glichst fr\u00fch Reisen zu buchen, um sich die besten Verf\u00fcgbarkeiten und die besten Preise zu sichern.\n<\/div>\n<hr>\n<p><a href=\"https:\/\/www.ihr-ferienpartner.de\/mobil\/dl-pauschal2\/?departures=CGN,DUS&amp;from=28.03.2026&amp;to=12.04.2026&amp;duration=7-7&amp;minRecommrate=80\"><strong>Hier geht es zu allen verf\u00fcgbaren Reisezielen, mit:<\/strong><\/a><br \/>\n&#8211; 1 Woche in den NRW-Osterferien<br \/>\n\u2013 ab NRW Flughafen, z.B. ab K\u00f6ln &#038; D\u00fcsseldorf<br \/>\n&#8211; Unterk\u00fcnfte mit mind. 80% Weiterempfehlungsrate<br \/>\n<strong><a href=\"https:\/\/www.ihr-ferienpartner.de\/mobil\/dl-pauschal2\/?departures=CGN,DUS&amp;from=28.03.2026&amp;to=12.04.2026&amp;duration=7-7&amp;minRecommrate=80\">zu den Angeboten &gt;&gt;<\/a><\/strong><\/p>\n<hr>\n<p><a href=\"https:\/\/www.ihr-ferienpartner.de\/mobil\/fuerteventura\/?departures=CGN,DUS&amp;from=28.03.2026&amp;to=12.04.2026&amp;duration=7-7&amp;minRecommrate=80\"><strong>Fuerteventura &gt;&gt;<\/strong><br \/>\n<img loading=\"lazy\" decoding=\"async\" src=\"https:\/\/www.ihr-ferienpartner.de\/Angebot\/Fuerteventura.jpg\" alt=\"Fuerteventura NRW Osterferien\" width=\"886\" height=\"147\"><\/a><\/p>\n<hr>\n<p><a href=\"https:\/\/www.ihr-ferienpartner.de\/mobil\/gran-canaria\/?departures=CGN,DUS&amp;from=28.03.2026&amp;to=12.04.2026&amp;duration=7-7&amp;minRecommrate=80\"><strong>Gran Canaria &gt;&gt;<\/strong><br \/>\n<img loading=\"lazy\" decoding=\"async\" src=\"https:\/\/www.ihr-ferienpartner.de\/Angebot\/GranCanaria.jpg\" alt=\"Gran Canaria NRW Osterferien\" width=\"886\" height=\"147\"><\/a><\/p>\n<hr>\n<p><a href=\"https:\/\/www.ihr-ferienpartner.de\/mobil\/teneriffa\/?departures=CGN,DUS&amp;from=28.03.2026&amp;to=12.04.2026&amp;duration=7-7&amp;minRecommrate=80\"><strong>Teneriffa &gt;&gt;<\/strong><br \/>\n<img loading=\"lazy\" decoding=\"async\" src=\"https:\/\/www.ihr-ferienpartner.de\/Angebot\/Teneriffa.jpg\" alt=\"Teneriffa NRW Osterferien\" width=\"886\" height=\"147\"><\/a><\/p>\n<hr>\n<p><a href=\"https:\/\/www.ihr-ferienpartner.de\/mobil\/tuerkei\/?departures=CGN,DUS&amp;from=28.03.2026&amp;to=12.04.2026&amp;duration=7-7&amp;minRecommrate=80&amp;category=3&amp;regionId=149,144\"><strong>Tuerkei &#8211; Riviera &amp; \u00c4g\u00e4is &gt;&gt;<\/strong><br \/>\n<img loading=\"lazy\" decoding=\"async\" src=\"https:\/\/www.ihr-ferienpartner.de\/Angebot\/Tuerkei.jpg\" alt=\"T\u00fcrkei NRW Osterferien\" width=\"886\" height=\"147\"><\/a><\/p>\n<hr>\n<p><a href=\"https:\/\/www.ihr-ferienpartner.de\/mobil\/dl-pauschal2\/?departures=CGN,DUS&amp;from=28.03.2026&amp;to=12.04.2026&amp;duration=7-7&amp;minRecommrate=70&amp;category=3&amp;regionId=100000\"><strong>Balearische Inseln &gt;&gt;<\/strong><br \/>\n<img loading=\"lazy\" decoding=\"async\" src=\"https:\/\/www.ihr-ferienpartner.de\/Angebot\/Mallorca.jpg\" alt=\"Balearen NRW Osterferien\" width=\"886\" height=\"147\"><\/a><\/p>\n<hr>\n<p><a href=\"https:\/\/www.ihr-ferienpartner.de\/mobil\/dl-pauschal2\/?departures=CGN,DUS&amp;from=28.03.2026&amp;to=12.04.2026&amp;duration=7-7&amp;minRecommrate=70&amp;category=3&amp;regionId=100002\"><strong>Griechische Inseln &gt;&gt;<\/strong><br \/>\n<img loading=\"lazy\" decoding=\"async\" src=\"https:\/\/www.ihr-ferienpartner.de\/Angebot\/Kreta.jpg\" alt=\"Griechenland - NRW Osterferien auf den griechischen Inseln\" width=\"886\" height=\"147\"><\/a><\/p>\n<hr>\n<p><strong><a href=\"https:\/\/www.ihr-ferienpartner.de\/mobil\/dl-pauschal2\/?departures=CGN,DUS&amp;from=28.03.2026&amp;to=12.04.2026&amp;duration=7-7&amp;minRecommrate=80\">alle Regionen &amp; Hotels mit Verf\u00fcgbarkeiten in den NRW Osterferien ab K\u00f6ln (CGN) oder D\u00fcsseldorf (DUS) &gt;&gt;<\/a><\/strong><\/p>\n<hr>\n<p><img decoding=\"async\" src=\"https:\/\/www.ihr-ferienpartner.de\/Reisen\/Schulferien3.jpg\" alt=\"NRW Osterferien Schulferien\"><\/p>\n<\/div>\n","protected":false},"excerpt":{"rendered":"<p>Osterferien 2026 \u2013 ab NRW Flughafen, z.B. ab K\u00f6ln &#038; D\u00fcsseldorf Urlaub in den Osterferien (Sa. 28.03.- So. 12.04.2026 f\u00fcr NRW) bedeutet nach dem Winter meist die erste W\u00e4rme genie\u00dfen zu k\u00f6nnen. Aufgrund der Beliebtheit des Reisetermins r\u00e4t es sich m\u00f6glichst fr\u00fch Reisen zu buchen, um sich die besten Verf\u00fcgbarkeiten und die besten Preise zu [&hellip;]<\/p>\n","protected":false},"author":1,"featured_media":0,"parent":0,"menu_order":0,"comment_status":"closed","ping_status":"closed","template":"","meta":{"footnotes":""},"yoast_head":"<!-- This site is optimized with the Yoast SEO plugin v22.8 - https:\/\/yoast.com\/wordpress\/plugins\/seo\/ -->\n<title>Osterferien 2026 - Urlaub ab NRW, z.B. DUS &amp; CGN<\/title>\n<meta name=\"description\" content=\"Reisen f\u00fcr die Osterferien clever buchen: Preisvergleich, Fr\u00fchbucher &amp; Last Minute, Hotelbewertungen, flexible Termine &amp; Abflughafen.\" \/>\n<meta name=\"robots\" content=\"index, follow, max-snippet:-1, max-image-preview:large, max-video-preview:-1\" \/>\n<link rel=\"canonical\" href=\"https:\/\/www.ihr-ferienpartner.de\/mobil\/osterferien-ab-nrw\/\" \/>\n<meta property=\"og:locale\" content=\"de_DE\" \/>\n<meta property=\"og:type\" content=\"article\" \/>\n<meta property=\"og:title\" content=\"Osterferien 2026 - Urlaub ab NRW, z.B. DUS &amp; CGN\" \/>\n<meta property=\"og:description\" content=\"Reisen f\u00fcr die Osterferien clever buchen: Preisvergleich, Fr\u00fchbucher &amp; Last Minute, Hotelbewertungen, flexible Termine &amp; Abflughafen.\" \/>\n<meta property=\"og:url\" content=\"https:\/\/www.ihr-ferienpartner.de\/mobil\/osterferien-ab-nrw\/\" \/>\n<meta property=\"og:site_name\" content=\"FINDE DEIN SPONTANIEN - Reisen g\u00fcnstig buchen\" \/>\n<meta property=\"article:modified_time\" content=\"2025-09-01T10:45:59+00:00\" \/>\n<meta property=\"og:image\" content=\"https:\/\/www.ihr-ferienpartner.de\/Angebot\/Fuerteventura.jpg\" \/>\n<meta name=\"twitter:card\" content=\"summary_large_image\" \/>\n<meta name=\"twitter:label1\" content=\"Gesch\u00e4tzte Lesezeit\" \/>\n\t<meta name=\"twitter:data1\" content=\"3\u00a0Minuten\" \/>\n<script type=\"application\/ld+json\" class=\"yoast-schema-graph\">{\"@context\":\"https:\/\/schema.org\",\"@graph\":[{\"@type\":\"WebPage\",\"@id\":\"https:\/\/www.ihr-ferienpartner.de\/mobil\/osterferien-ab-nrw\/\",\"url\":\"https:\/\/www.ihr-ferienpartner.de\/mobil\/osterferien-ab-nrw\/\",\"name\":\"Osterferien 2026 - Urlaub ab NRW, z.B. DUS & CGN\",\"isPartOf\":{\"@id\":\"https:\/\/www.ihr-ferienpartner.de\/mobil\/#website\"},\"primaryImageOfPage\":{\"@id\":\"https:\/\/www.ihr-ferienpartner.de\/mobil\/osterferien-ab-nrw\/#primaryimage\"},\"image\":{\"@id\":\"https:\/\/www.ihr-ferienpartner.de\/mobil\/osterferien-ab-nrw\/#primaryimage\"},\"thumbnailUrl\":\"https:\/\/www.ihr-ferienpartner.de\/Angebot\/Fuerteventura.jpg\",\"datePublished\":\"2025-09-01T10:45:53+00:00\",\"dateModified\":\"2025-09-01T10:45:59+00:00\",\"description\":\"Reisen f\u00fcr die Osterferien clever buchen: Preisvergleich, Fr\u00fchbucher & Last Minute, Hotelbewertungen, flexible Termine & Abflughafen.\",\"breadcrumb\":{\"@id\":\"https:\/\/www.ihr-ferienpartner.de\/mobil\/osterferien-ab-nrw\/#breadcrumb\"},\"inLanguage\":\"de\",\"potentialAction\":[{\"@type\":\"ReadAction\",\"target\":[\"https:\/\/www.ihr-ferienpartner.de\/mobil\/osterferien-ab-nrw\/\"]}]},{\"@type\":\"ImageObject\",\"inLanguage\":\"de\",\"@id\":\"https:\/\/www.ihr-ferienpartner.de\/mobil\/osterferien-ab-nrw\/#primaryimage\",\"url\":\"https:\/\/www.ihr-ferienpartner.de\/Angebot\/Fuerteventura.jpg\",\"contentUrl\":\"https:\/\/www.ihr-ferienpartner.de\/Angebot\/Fuerteventura.jpg\"},{\"@type\":\"BreadcrumbList\",\"@id\":\"https:\/\/www.ihr-ferienpartner.de\/mobil\/osterferien-ab-nrw\/#breadcrumb\",\"itemListElement\":[{\"@type\":\"ListItem\",\"position\":1,\"name\":\"Startseite\",\"item\":\"https:\/\/www.ihr-ferienpartner.de\/mobil\/\"},{\"@type\":\"ListItem\",\"position\":2,\"name\":\"Osterferien 2026 \u2013 ab NRW Flughafen, z.B. ab K\u00f6ln &amp; D\u00fcsseldorf\"}]},{\"@type\":\"WebSite\",\"@id\":\"https:\/\/www.ihr-ferienpartner.de\/mobil\/#website\",\"url\":\"https:\/\/www.ihr-ferienpartner.de\/mobil\/\",\"name\":\"FINDE DEIN SPONTANIEN - Reisen g\u00fcnstig buchen\",\"description\":\"Flugreisen im Preisvergleich mit flexiblen Terminen &amp; Abflughafen.\",\"publisher\":{\"@id\":\"https:\/\/www.ihr-ferienpartner.de\/mobil\/#organization\"},\"potentialAction\":[{\"@type\":\"SearchAction\",\"target\":{\"@type\":\"EntryPoint\",\"urlTemplate\":\"https:\/\/www.ihr-ferienpartner.de\/mobil\/?s={search_term_string}\"},\"query-input\":\"required name=search_term_string\"}],\"inLanguage\":\"de\"},{\"@type\":\"Organization\",\"@id\":\"https:\/\/www.ihr-ferienpartner.de\/mobil\/#organization\",\"name\":\"FINDE DEIN SPONTANIEN - Reisen g\u00fcnstig buchen\",\"url\":\"https:\/\/www.ihr-ferienpartner.de\/mobil\/\",\"logo\":{\"@type\":\"ImageObject\",\"inLanguage\":\"de\",\"@id\":\"https:\/\/www.ihr-ferienpartner.de\/mobil\/#\/schema\/logo\/image\/\",\"url\":\"https:\/\/www.ihr-ferienpartner.de\/mobil\/wp-content\/uploads\/2019\/10\/spontanien.jpg\",\"contentUrl\":\"https:\/\/www.ihr-ferienpartner.de\/mobil\/wp-content\/uploads\/2019\/10\/spontanien.jpg\",\"width\":818,\"height\":200,\"caption\":\"FINDE DEIN SPONTANIEN - Reisen g\u00fcnstig buchen\"},\"image\":{\"@id\":\"https:\/\/www.ihr-ferienpartner.de\/mobil\/#\/schema\/logo\/image\/\"}}]}<\/script>\n<!-- \/ Yoast SEO plugin. -->","yoast_head_json":{"title":"Osterferien 2026 - Urlaub ab NRW, z.B. DUS & CGN","description":"Reisen f\u00fcr die Osterferien clever buchen: Preisvergleich, Fr\u00fchbucher & Last Minute, Hotelbewertungen, flexible Termine & Abflughafen.","robots":{"index":"index","follow":"follow","max-snippet":"max-snippet:-1","max-image-preview":"max-image-preview:large","max-video-preview":"max-video-preview:-1"},"canonical":"https:\/\/www.ihr-ferienpartner.de\/mobil\/osterferien-ab-nrw\/","og_locale":"de_DE","og_type":"article","og_title":"Osterferien 2026 - Urlaub ab NRW, z.B. DUS & CGN","og_description":"Reisen f\u00fcr die Osterferien clever buchen: Preisvergleich, Fr\u00fchbucher & Last Minute, Hotelbewertungen, flexible Termine & Abflughafen.","og_url":"https:\/\/www.ihr-ferienpartner.de\/mobil\/osterferien-ab-nrw\/","og_site_name":"FINDE DEIN SPONTANIEN - Reisen g\u00fcnstig buchen","article_modified_time":"2025-09-01T10:45:59+00:00","og_image":[{"url":"https:\/\/www.ihr-ferienpartner.de\/Angebot\/Fuerteventura.jpg"}],"twitter_card":"summary_large_image","twitter_misc":{"Gesch\u00e4tzte Lesezeit":"3\u00a0Minuten"},"schema":{"@context":"https:\/\/schema.org","@graph":[{"@type":"WebPage","@id":"https:\/\/www.ihr-ferienpartner.de\/mobil\/osterferien-ab-nrw\/","url":"https:\/\/www.ihr-ferienpartner.de\/mobil\/osterferien-ab-nrw\/","name":"Osterferien 2026 - Urlaub ab NRW, z.B. DUS & CGN","isPartOf":{"@id":"https:\/\/www.ihr-ferienpartner.de\/mobil\/#website"},"primaryImageOfPage":{"@id":"https:\/\/www.ihr-ferienpartner.de\/mobil\/osterferien-ab-nrw\/#primaryimage"},"image":{"@id":"https:\/\/www.ihr-ferienpartner.de\/mobil\/osterferien-ab-nrw\/#primaryimage"},"thumbnailUrl":"https:\/\/www.ihr-ferienpartner.de\/Angebot\/Fuerteventura.jpg","datePublished":"2025-09-01T10:45:53+00:00","dateModified":"2025-09-01T10:45:59+00:00","description":"Reisen f\u00fcr die Osterferien clever buchen: Preisvergleich, Fr\u00fchbucher & Last Minute, Hotelbewertungen, flexible Termine & Abflughafen.","breadcrumb":{"@id":"https:\/\/www.ihr-ferienpartner.de\/mobil\/osterferien-ab-nrw\/#breadcrumb"},"inLanguage":"de","potentialAction":[{"@type":"ReadAction","target":["https:\/\/www.ihr-ferienpartner.de\/mobil\/osterferien-ab-nrw\/"]}]},{"@type":"ImageObject","inLanguage":"de","@id":"https:\/\/www.ihr-ferienpartner.de\/mobil\/osterferien-ab-nrw\/#primaryimage","url":"https:\/\/www.ihr-ferienpartner.de\/Angebot\/Fuerteventura.jpg","contentUrl":"https:\/\/www.ihr-ferienpartner.de\/Angebot\/Fuerteventura.jpg"},{"@type":"BreadcrumbList","@id":"https:\/\/www.ihr-ferienpartner.de\/mobil\/osterferien-ab-nrw\/#breadcrumb","itemListElement":[{"@type":"ListItem","position":1,"name":"Startseite","item":"https:\/\/www.ihr-ferienpartner.de\/mobil\/"},{"@type":"ListItem","position":2,"name":"Osterferien 2026 \u2013 ab NRW Flughafen, z.B. ab K\u00f6ln &amp; D\u00fcsseldorf"}]},{"@type":"WebSite","@id":"https:\/\/www.ihr-ferienpartner.de\/mobil\/#website","url":"https:\/\/www.ihr-ferienpartner.de\/mobil\/","name":"FINDE DEIN SPONTANIEN - Reisen g\u00fcnstig buchen","description":"Flugreisen im Preisvergleich mit flexiblen Terminen &amp; Abflughafen.","publisher":{"@id":"https:\/\/www.ihr-ferienpartner.de\/mobil\/#organization"},"potentialAction":[{"@type":"SearchAction","target":{"@type":"EntryPoint","urlTemplate":"https:\/\/www.ihr-ferienpartner.de\/mobil\/?s={search_term_string}"},"query-input":"required name=search_term_string"}],"inLanguage":"de"},{"@type":"Organization","@id":"https:\/\/www.ihr-ferienpartner.de\/mobil\/#organization","name":"FINDE DEIN SPONTANIEN - Reisen g\u00fcnstig buchen","url":"https:\/\/www.ihr-ferienpartner.de\/mobil\/","logo":{"@type":"ImageObject","inLanguage":"de","@id":"https:\/\/www.ihr-ferienpartner.de\/mobil\/#\/schema\/logo\/image\/","url":"https:\/\/www.ihr-ferienpartner.de\/mobil\/wp-content\/uploads\/2019\/10\/spontanien.jpg","contentUrl":"https:\/\/www.ihr-ferienpartner.de\/mobil\/wp-content\/uploads\/2019\/10\/spontanien.jpg","width":818,"height":200,"caption":"FINDE DEIN SPONTANIEN - Reisen g\u00fcnstig buchen"},"image":{"@id":"https:\/\/www.ihr-ferienpartner.de\/mobil\/#\/schema\/logo\/image\/"}}]}},"_links":{"self":[{"href":"https:\/\/www.ihr-ferienpartner.de\/mobil\/wp-json\/wp\/v2\/pages\/5513"}],"collection":[{"href":"https:\/\/www.ihr-ferienpartner.de\/mobil\/wp-json\/wp\/v2\/pages"}],"about":[{"href":"https:\/\/www.ihr-ferienpartner.de\/mobil\/wp-json\/wp\/v2\/types\/page"}],"author":[{"embeddable":true,"href":"https:\/\/www.ihr-ferienpartner.de\/mobil\/wp-json\/wp\/v2\/users\/1"}],"replies":[{"embeddable":true,"href":"https:\/\/www.ihr-ferienpartner.de\/mobil\/wp-json\/wp\/v2\/comments?post=5513"}],"version-history":[{"count":5,"href":"https:\/\/www.ihr-ferienpartner.de\/mobil\/wp-json\/wp\/v2\/pages\/5513\/revisions"}],"predecessor-version":[{"id":5801,"href":"https:\/\/www.ihr-ferienpartner.de\/mobil\/wp-json\/wp\/v2\/pages\/5513\/revisions\/5801"}],"wp:attachment":[{"href":"https:\/\/www.ihr-ferienpartner.de\/mobil\/wp-json\/wp\/v2\/media?parent=5513"}],"curies":[{"name":"wp","href":"https:\/\/api.w.org\/{rel}","templated":true}]}}