{"id":6,"date":"2015-07-12T16:30:50","date_gmt":"2015-07-12T14:30:50","guid":{"rendered":"http:\/\/www.ihr-ferienpartner.de\/mobil\/?page_id=6"},"modified":"2022-01-28T14:07:05","modified_gmt":"2022-01-28T13:07:05","slug":"oeffnungszeiten","status":"publish","type":"page","link":"https:\/\/www.ihr-ferienpartner.de\/mobil\/oeffnungszeiten\/","title":{"rendered":"\u00d6ffnungszeiten"},"content":{"rendered":"<div style=\"background-color: #ffffff; padding: 20px 20px 20px 20px\">\n<p><b>Erreichbarkeit &#8211; telefonisch &amp; per E-Mail:<\/b><\/p>\n<p>Unser touristischer Dienstleister <b>RMK Nurflug.de GmbH<\/b> ist gerne f\u00fcr Sie erreichbar:<\/p>\n<p><font size=\"+1\"><b>Telefon: 06109 \/ 505 45880<\/b><\/font>*<br \/>\n*zum normalen Telefontarif<br \/>\n<b>E-Mail: buchung@specials.de<\/b><br \/>\n<font size=\"-2\">Datenschutzerkl\u00e4rung von <a href=\"https:\/\/b2b.specials.de\/index\/jump\/78\/441\/991880\/\" target=\"blank\" rel=\"noopener noreferrer\">RMK Nurflug.de GmbH<\/a><\/font><\/p>\n<div align=\"left\"><img decoding=\"async\" src=\"https:\/\/www.ihr-ferienpartner.de\/mobil\/wp-content\/uploads\/2019\/10\/spontanien.jpg\" alt=\"spontanien.de\" width=\"180\"><\/div>\n<hr>\n<p><b>Online-Buchung &#8211; rund um die Uhr:<\/b><br \/>\nNeubuchungen sind online \u00fcber unserer Webseite jederzeit m\u00f6glich.<br \/>\n<a href=\"https:\/\/www.ihr-ferienpartner.de\/mobil\/pauschal\/\">Pauschalreisen &gt;&gt;<\/a> (Last Minute &amp; Fr\u00fchbucher) \/ <a href=\"https:\/\/www.ihr-ferienpartner.de\/mobil\/hotel-2\/\">Nur Hotel &gt;&gt;<\/a><br \/>\n<em>Unser Tipp: Profitieren Sie von den Erfahrungen anderer Urlauber &amp; nutzen Sie den Filter Weiterempfehlung<\/em>.<\/p>\n<hr>\n<p><font color=\"b62b31\"><b>!!! Bitte beachten Sie unsere aktuelle Information: <a href=\"https:\/\/www.ihr-ferienpartner.de\/mobil\/info-corona-virus\/\" title=\"Corona-Info\" alt=\"corona-info\">Reisen in Zeiten von Covid-19 &gt;&gt;<\/a> !!!<\/b><\/font><\/p>\n<p><img decoding=\"async\" src=\"https:\/\/www.ihr-ferienpartner.de\/mobil\/wp-content\/uploads\/2020\/03\/BleibtGesund.jpg\" title=\"Bleibt gesund\" alt=\"BleibtGesund-Corona\" width=\"300\"><img decoding=\"async\" src=\"https:\/\/www.ihr-ferienpartner.de\/mobil\/wp-content\/uploads\/2020\/03\/FCK_CRNA.png\" title=\"Fck Crna\" alt=\"FCK CRNA\" width=\"300\"><\/p>\n<hr>\n<p>Bei Fragen zur Webseite erreichen Sie uns als Webseitenbetreiber unter E-Mail: info@ihr-ferienpartner.de<\/p>\n<hr>\n<p><img decoding=\"async\" src=\"https:\/\/www.ihr-ferienpartner.de\/Angebot\/Anbietervergleich.jpg\" alt=\"Partner\"><\/p>\n<hr>\n<div align=\"right\"><img decoding=\"async\" src=\"https:\/\/www.ihr-ferienpartner.de\/mobil\/wp-content\/uploads\/2019\/10\/spontanien.jpg\" alt=\"spontanien.de\" width=\"250\"><\/div>\n<\/div>\n","protected":false},"excerpt":{"rendered":"<p>Erreichbarkeit &#8211; telefonisch &amp; per E-Mail: Unser touristischer Dienstleister RMK Nurflug.de GmbH ist gerne f\u00fcr Sie erreichbar: Telefon: 06109 \/ 505 45880* *zum normalen Telefontarif E-Mail: buchung@specials.de Datenschutzerkl\u00e4rung von RMK Nurflug.de GmbH Online-Buchung &#8211; rund um die Uhr: Neubuchungen sind online \u00fcber unserer Webseite jederzeit m\u00f6glich. Pauschalreisen &gt;&gt; (Last Minute &amp; Fr\u00fchbucher) \/ Nur Hotel [&hellip;]<\/p>\n","protected":false},"author":1,"featured_media":0,"parent":0,"menu_order":0,"comment_status":"closed","ping_status":"closed","template":"","meta":{"footnotes":""},"yoast_head":"<!-- This site is optimized with the Yoast SEO plugin v22.8 - https:\/\/yoast.com\/wordpress\/plugins\/seo\/ -->\n<title>\u00d6ffnungszeiten - FINDE DEIN SPONTANIEN - Reisen g\u00fcnstig buchen<\/title>\n<meta name=\"robots\" content=\"index, follow, max-snippet:-1, max-image-preview:large, max-video-preview:-1\" \/>\n<link rel=\"canonical\" href=\"https:\/\/www.ihr-ferienpartner.de\/mobil\/oeffnungszeiten\/\" \/>\n<meta property=\"og:locale\" content=\"de_DE\" \/>\n<meta property=\"og:type\" content=\"article\" \/>\n<meta property=\"og:title\" content=\"\u00d6ffnungszeiten - FINDE DEIN SPONTANIEN - Reisen g\u00fcnstig buchen\" \/>\n<meta property=\"og:description\" content=\"Erreichbarkeit &#8211; telefonisch &amp; per E-Mail: Unser touristischer Dienstleister RMK Nurflug.de GmbH ist gerne f\u00fcr Sie erreichbar: Telefon: 06109 \/ 505 45880* *zum normalen Telefontarif E-Mail: buchung@specials.de Datenschutzerkl\u00e4rung von RMK Nurflug.de GmbH Online-Buchung &#8211; rund um die Uhr: Neubuchungen sind online \u00fcber unserer Webseite jederzeit m\u00f6glich. Pauschalreisen &gt;&gt; (Last Minute &amp; Fr\u00fchbucher) \/ Nur Hotel [&hellip;]\" \/>\n<meta property=\"og:url\" content=\"https:\/\/www.ihr-ferienpartner.de\/mobil\/oeffnungszeiten\/\" \/>\n<meta property=\"og:site_name\" content=\"FINDE DEIN SPONTANIEN - Reisen g\u00fcnstig buchen\" \/>\n<meta property=\"article:modified_time\" content=\"2022-01-28T13:07:05+00:00\" \/>\n<meta property=\"og:image\" content=\"https:\/\/www.ihr-ferienpartner.de\/mobil\/wp-content\/uploads\/2019\/10\/spontanien.jpg\" \/>\n<meta name=\"twitter:card\" content=\"summary_large_image\" \/>\n<meta name=\"twitter:label1\" content=\"Gesch\u00e4tzte Lesezeit\" \/>\n\t<meta name=\"twitter:data1\" content=\"2\u00a0Minuten\" \/>\n<script type=\"application\/ld+json\" class=\"yoast-schema-graph\">{\"@context\":\"https:\/\/schema.org\",\"@graph\":[{\"@type\":\"WebPage\",\"@id\":\"https:\/\/www.ihr-ferienpartner.de\/mobil\/oeffnungszeiten\/\",\"url\":\"https:\/\/www.ihr-ferienpartner.de\/mobil\/oeffnungszeiten\/\",\"name\":\"\u00d6ffnungszeiten - FINDE DEIN SPONTANIEN - Reisen g\u00fcnstig buchen\",\"isPartOf\":{\"@id\":\"https:\/\/www.ihr-ferienpartner.de\/mobil\/#website\"},\"primaryImageOfPage\":{\"@id\":\"https:\/\/www.ihr-ferienpartner.de\/mobil\/oeffnungszeiten\/#primaryimage\"},\"image\":{\"@id\":\"https:\/\/www.ihr-ferienpartner.de\/mobil\/oeffnungszeiten\/#primaryimage\"},\"thumbnailUrl\":\"https:\/\/www.ihr-ferienpartner.de\/mobil\/wp-content\/uploads\/2019\/10\/spontanien.jpg\",\"datePublished\":\"2015-07-12T14:30:50+00:00\",\"dateModified\":\"2022-01-28T13:07:05+00:00\",\"breadcrumb\":{\"@id\":\"https:\/\/www.ihr-ferienpartner.de\/mobil\/oeffnungszeiten\/#breadcrumb\"},\"inLanguage\":\"de\",\"potentialAction\":[{\"@type\":\"ReadAction\",\"target\":[\"https:\/\/www.ihr-ferienpartner.de\/mobil\/oeffnungszeiten\/\"]}]},{\"@type\":\"ImageObject\",\"inLanguage\":\"de\",\"@id\":\"https:\/\/www.ihr-ferienpartner.de\/mobil\/oeffnungszeiten\/#primaryimage\",\"url\":\"https:\/\/www.ihr-ferienpartner.de\/mobil\/wp-content\/uploads\/2019\/10\/spontanien.jpg\",\"contentUrl\":\"https:\/\/www.ihr-ferienpartner.de\/mobil\/wp-content\/uploads\/2019\/10\/spontanien.jpg\",\"width\":818,\"height\":200,\"caption\":\"spontanien.de - FINE DEIN SPONTANIEN\"},{\"@type\":\"BreadcrumbList\",\"@id\":\"https:\/\/www.ihr-ferienpartner.de\/mobil\/oeffnungszeiten\/#breadcrumb\",\"itemListElement\":[{\"@type\":\"ListItem\",\"position\":1,\"name\":\"Startseite\",\"item\":\"https:\/\/www.ihr-ferienpartner.de\/mobil\/\"},{\"@type\":\"ListItem\",\"position\":2,\"name\":\"\u00d6ffnungszeiten\"}]},{\"@type\":\"WebSite\",\"@id\":\"https:\/\/www.ihr-ferienpartner.de\/mobil\/#website\",\"url\":\"https:\/\/www.ihr-ferienpartner.de\/mobil\/\",\"name\":\"FINDE DEIN SPONTANIEN - Reisen g\u00fcnstig buchen\",\"description\":\"Flugreisen im Preisvergleich mit flexiblen Terminen &amp; Abflughafen.\",\"publisher\":{\"@id\":\"https:\/\/www.ihr-ferienpartner.de\/mobil\/#organization\"},\"potentialAction\":[{\"@type\":\"SearchAction\",\"target\":{\"@type\":\"EntryPoint\",\"urlTemplate\":\"https:\/\/www.ihr-ferienpartner.de\/mobil\/?s={search_term_string}\"},\"query-input\":\"required name=search_term_string\"}],\"inLanguage\":\"de\"},{\"@type\":\"Organization\",\"@id\":\"https:\/\/www.ihr-ferienpartner.de\/mobil\/#organization\",\"name\":\"FINDE DEIN SPONTANIEN - Reisen g\u00fcnstig buchen\",\"url\":\"https:\/\/www.ihr-ferienpartner.de\/mobil\/\",\"logo\":{\"@type\":\"ImageObject\",\"inLanguage\":\"de\",\"@id\":\"https:\/\/www.ihr-ferienpartner.de\/mobil\/#\/schema\/logo\/image\/\",\"url\":\"https:\/\/www.ihr-ferienpartner.de\/mobil\/wp-content\/uploads\/2019\/10\/spontanien.jpg\",\"contentUrl\":\"https:\/\/www.ihr-ferienpartner.de\/mobil\/wp-content\/uploads\/2019\/10\/spontanien.jpg\",\"width\":818,\"height\":200,\"caption\":\"FINDE DEIN SPONTANIEN - Reisen g\u00fcnstig buchen\"},\"image\":{\"@id\":\"https:\/\/www.ihr-ferienpartner.de\/mobil\/#\/schema\/logo\/image\/\"}}]}<\/script>\n<!-- \/ Yoast SEO plugin. -->","yoast_head_json":{"title":"\u00d6ffnungszeiten - FINDE DEIN SPONTANIEN - Reisen g\u00fcnstig buchen","robots":{"index":"index","follow":"follow","max-snippet":"max-snippet:-1","max-image-preview":"max-image-preview:large","max-video-preview":"max-video-preview:-1"},"canonical":"https:\/\/www.ihr-ferienpartner.de\/mobil\/oeffnungszeiten\/","og_locale":"de_DE","og_type":"article","og_title":"\u00d6ffnungszeiten - FINDE DEIN SPONTANIEN - Reisen g\u00fcnstig buchen","og_description":"Erreichbarkeit &#8211; telefonisch &amp; per E-Mail: Unser touristischer Dienstleister RMK Nurflug.de GmbH ist gerne f\u00fcr Sie erreichbar: Telefon: 06109 \/ 505 45880* *zum normalen Telefontarif E-Mail: buchung@specials.de Datenschutzerkl\u00e4rung von RMK Nurflug.de GmbH Online-Buchung &#8211; rund um die Uhr: Neubuchungen sind online \u00fcber unserer Webseite jederzeit m\u00f6glich. Pauschalreisen &gt;&gt; (Last Minute &amp; Fr\u00fchbucher) \/ Nur Hotel [&hellip;]","og_url":"https:\/\/www.ihr-ferienpartner.de\/mobil\/oeffnungszeiten\/","og_site_name":"FINDE DEIN SPONTANIEN - Reisen g\u00fcnstig buchen","article_modified_time":"2022-01-28T13:07:05+00:00","og_image":[{"url":"https:\/\/www.ihr-ferienpartner.de\/mobil\/wp-content\/uploads\/2019\/10\/spontanien.jpg"}],"twitter_card":"summary_large_image","twitter_misc":{"Gesch\u00e4tzte Lesezeit":"2\u00a0Minuten"},"schema":{"@context":"https:\/\/schema.org","@graph":[{"@type":"WebPage","@id":"https:\/\/www.ihr-ferienpartner.de\/mobil\/oeffnungszeiten\/","url":"https:\/\/www.ihr-ferienpartner.de\/mobil\/oeffnungszeiten\/","name":"\u00d6ffnungszeiten - FINDE DEIN SPONTANIEN - Reisen g\u00fcnstig buchen","isPartOf":{"@id":"https:\/\/www.ihr-ferienpartner.de\/mobil\/#website"},"primaryImageOfPage":{"@id":"https:\/\/www.ihr-ferienpartner.de\/mobil\/oeffnungszeiten\/#primaryimage"},"image":{"@id":"https:\/\/www.ihr-ferienpartner.de\/mobil\/oeffnungszeiten\/#primaryimage"},"thumbnailUrl":"https:\/\/www.ihr-ferienpartner.de\/mobil\/wp-content\/uploads\/2019\/10\/spontanien.jpg","datePublished":"2015-07-12T14:30:50+00:00","dateModified":"2022-01-28T13:07:05+00:00","breadcrumb":{"@id":"https:\/\/www.ihr-ferienpartner.de\/mobil\/oeffnungszeiten\/#breadcrumb"},"inLanguage":"de","potentialAction":[{"@type":"ReadAction","target":["https:\/\/www.ihr-ferienpartner.de\/mobil\/oeffnungszeiten\/"]}]},{"@type":"ImageObject","inLanguage":"de","@id":"https:\/\/www.ihr-ferienpartner.de\/mobil\/oeffnungszeiten\/#primaryimage","url":"https:\/\/www.ihr-ferienpartner.de\/mobil\/wp-content\/uploads\/2019\/10\/spontanien.jpg","contentUrl":"https:\/\/www.ihr-ferienpartner.de\/mobil\/wp-content\/uploads\/2019\/10\/spontanien.jpg","width":818,"height":200,"caption":"spontanien.de - FINE DEIN SPONTANIEN"},{"@type":"BreadcrumbList","@id":"https:\/\/www.ihr-ferienpartner.de\/mobil\/oeffnungszeiten\/#breadcrumb","itemListElement":[{"@type":"ListItem","position":1,"name":"Startseite","item":"https:\/\/www.ihr-ferienpartner.de\/mobil\/"},{"@type":"ListItem","position":2,"name":"\u00d6ffnungszeiten"}]},{"@type":"WebSite","@id":"https:\/\/www.ihr-ferienpartner.de\/mobil\/#website","url":"https:\/\/www.ihr-ferienpartner.de\/mobil\/","name":"FINDE DEIN SPONTANIEN - Reisen g\u00fcnstig buchen","description":"Flugreisen im Preisvergleich mit flexiblen Terminen &amp; Abflughafen.","publisher":{"@id":"https:\/\/www.ihr-ferienpartner.de\/mobil\/#organization"},"potentialAction":[{"@type":"SearchAction","target":{"@type":"EntryPoint","urlTemplate":"https:\/\/www.ihr-ferienpartner.de\/mobil\/?s={search_term_string}"},"query-input":"required name=search_term_string"}],"inLanguage":"de"},{"@type":"Organization","@id":"https:\/\/www.ihr-ferienpartner.de\/mobil\/#organization","name":"FINDE DEIN SPONTANIEN - Reisen g\u00fcnstig buchen","url":"https:\/\/www.ihr-ferienpartner.de\/mobil\/","logo":{"@type":"ImageObject","inLanguage":"de","@id":"https:\/\/www.ihr-ferienpartner.de\/mobil\/#\/schema\/logo\/image\/","url":"https:\/\/www.ihr-ferienpartner.de\/mobil\/wp-content\/uploads\/2019\/10\/spontanien.jpg","contentUrl":"https:\/\/www.ihr-ferienpartner.de\/mobil\/wp-content\/uploads\/2019\/10\/spontanien.jpg","width":818,"height":200,"caption":"FINDE DEIN SPONTANIEN - Reisen g\u00fcnstig buchen"},"image":{"@id":"https:\/\/www.ihr-ferienpartner.de\/mobil\/#\/schema\/logo\/image\/"}}]}},"_links":{"self":[{"href":"https:\/\/www.ihr-ferienpartner.de\/mobil\/wp-json\/wp\/v2\/pages\/6"}],"collection":[{"href":"https:\/\/www.ihr-ferienpartner.de\/mobil\/wp-json\/wp\/v2\/pages"}],"about":[{"href":"https:\/\/www.ihr-ferienpartner.de\/mobil\/wp-json\/wp\/v2\/types\/page"}],"author":[{"embeddable":true,"href":"https:\/\/www.ihr-ferienpartner.de\/mobil\/wp-json\/wp\/v2\/users\/1"}],"replies":[{"embeddable":true,"href":"https:\/\/www.ihr-ferienpartner.de\/mobil\/wp-json\/wp\/v2\/comments?post=6"}],"version-history":[{"count":218,"href":"https:\/\/www.ihr-ferienpartner.de\/mobil\/wp-json\/wp\/v2\/pages\/6\/revisions"}],"predecessor-version":[{"id":4491,"href":"https:\/\/www.ihr-ferienpartner.de\/mobil\/wp-json\/wp\/v2\/pages\/6\/revisions\/4491"}],"wp:attachment":[{"href":"https:\/\/www.ihr-ferienpartner.de\/mobil\/wp-json\/wp\/v2\/media?parent=6"}],"curies":[{"name":"wp","href":"https:\/\/api.w.org\/{rel}","templated":true}]}}