{"id":74,"date":"2015-08-05T12:51:42","date_gmt":"2015-08-05T10:51:42","guid":{"rendered":"http:\/\/www.ihr-ferienpartner.de\/mobil\/newsletter\/"},"modified":"2023-01-11T08:55:53","modified_gmt":"2023-01-11T07:55:53","slug":"newsletter","status":"publish","type":"page","link":"https:\/\/www.ihr-ferienpartner.de\/mobil\/newsletter\/","title":{"rendered":"Newsletter-Anmeldung"},"content":{"rendered":"<div style=\"background-color: #ffffff; padding:20px 20px 20px 20px;\">\n<h1>Newsletter<\/h1>\n<hr>\n<p>Hier k\u00f6nnen Sie sich schnell und unkompliziert f\u00fcr unseren Newsletter anmelden.<\/p>\n<hr>\n<p><div class=\"tnp tnp-subscription \">\n<form method=\"post\" action=\"https:\/\/www.ihr-ferienpartner.de\/mobil\/wp-admin\/admin-ajax.php?action=tnp&amp;na=s\">\n<input type=\"hidden\" name=\"nlang\" value=\"\">\n<div class=\"tnp-field tnp-field-firstname\"><label for=\"tnp-1\">Vorname<\/label>\n<input class=\"tnp-name\" type=\"text\" name=\"nn\" id=\"tnp-1\" value=\"\" placeholder=\"\"><\/div>\n<div class=\"tnp-field tnp-field-surname\"><label for=\"tnp-2\">Nachname<\/label>\n<input class=\"tnp-surname\" type=\"text\" name=\"ns\" id=\"tnp-2\" value=\"\" placeholder=\"\"><\/div><div class=\"tnp-field tnp-field-email\"><label for=\"tnp-3\">Email-Adresse<\/label>\n<input class=\"tnp-email\" type=\"email\" name=\"ne\" id=\"tnp-3\" value=\"\" placeholder=\"\" required><\/div>\n<div class=\"tnp-field tnp-field-profile\"><label for=\"tnp-4\">Wohnort<\/label>\n<input class=\"tnp-profile tnp-profile-1\" id=\"tnp-profile_1\" type=\"text\" size=\"\" name=\"np1\" placeholder=\"optional\"><\/div>\n<div class=\"tnp-field tnp-field-profile\"><label for=\"tnp-5\">Lieblingsreiseziele<\/label>\n<input class=\"tnp-profile tnp-profile-2\" id=\"tnp-profile_2\" type=\"text\" size=\"\" name=\"np2\" placeholder=\"optional\"><\/div>\n<div class=\"tnp-field tnp-field-profile\"><label for=\"tnp-6\">Pr\u00e4ferierte Urlaubsart<\/label>\n<select class=\"tnp-profile tnp-profile-3\" id=\"tnp-profile_3\" name=\"np3\"><option value=\"\" selected disabled>optional<\/option><option>keine Angabe<\/option><option>Badeurlaub<\/option><option>Rundreisen<\/option><option>Kreuzfahrten<\/option><option>St\u00e4dtereisen<\/option><option>Golfurlaub<\/option><\/select>\n<\/div>\n<div class=\"tnp-field tnp-field-button\" style=\"text-align: left\"><input class=\"tnp-submit\" type=\"submit\" value=\"anmelden\" style=\"\">\n<\/div>\n<\/form>\n<\/div>\n<\/p>\n<hr>\n<p>Der Schutz Ihrer pers\u00f6nlichen Daten ist uns sehr wichtig. Wir geben Ihre Daten nicht an Dritte weiter. Au\u00dferdem k\u00f6nnen Sie sich selbstverst\u00e4ndlich jederzeit wieder von unserem Newsletter abmelden und Ihre Daten l\u00f6schen.<\/p>\n<p><font size=\"-1\">Nach Eingabe Ihrer Daten werden diese in einer gesicherten Datenbank bei unserem Hosting-Partner Strato gespeichert. Zugriff auf diese Datenbank hat ausschlie\u00dflich der Webseiten-Betreiber. Die Daten werden ausnahmslos zum Zweck des Newsletterversands erfasst und verwendet.<\/font><\/p>\n<hr>\n<div align=\"right\"><img decoding=\"async\" src=\"https:\/\/www.ihr-ferienpartner.de\/mobil\/wp-content\/uploads\/2019\/10\/spontanien.jpg\" alt=\"spontanien.de\" width=\"250\"><\/div>\n<\/div>\n","protected":false},"excerpt":{"rendered":"<p>Newsletter Hier k\u00f6nnen Sie sich schnell und unkompliziert f\u00fcr unseren Newsletter anmelden. Der Schutz Ihrer pers\u00f6nlichen Daten ist uns sehr wichtig. Wir geben Ihre Daten nicht an Dritte weiter. Au\u00dferdem k\u00f6nnen Sie sich selbstverst\u00e4ndlich jederzeit wieder von unserem Newsletter abmelden und Ihre Daten l\u00f6schen. Nach Eingabe Ihrer Daten werden diese in einer gesicherten Datenbank bei [&hellip;]<\/p>\n","protected":false},"author":1,"featured_media":0,"parent":0,"menu_order":0,"comment_status":"closed","ping_status":"closed","template":"","meta":{"footnotes":""},"yoast_head":"<!-- This site is optimized with the Yoast SEO plugin v22.8 - https:\/\/yoast.com\/wordpress\/plugins\/seo\/ -->\n<title>Newsletter-Anmeldung - FINDE DEIN SPONTANIEN - Reisen g\u00fcnstig buchen<\/title>\n<meta name=\"robots\" content=\"index, follow, max-snippet:-1, max-image-preview:large, max-video-preview:-1\" \/>\n<link rel=\"canonical\" href=\"https:\/\/www.ihr-ferienpartner.de\/mobil\/newsletter\/\" \/>\n<meta property=\"og:locale\" content=\"de_DE\" \/>\n<meta property=\"og:type\" content=\"article\" \/>\n<meta property=\"og:title\" content=\"Newsletter-Anmeldung - FINDE DEIN SPONTANIEN - Reisen g\u00fcnstig buchen\" \/>\n<meta property=\"og:description\" content=\"Newsletter Hier k\u00f6nnen Sie sich schnell und unkompliziert f\u00fcr unseren Newsletter anmelden. Der Schutz Ihrer pers\u00f6nlichen Daten ist uns sehr wichtig. Wir geben Ihre Daten nicht an Dritte weiter. Au\u00dferdem k\u00f6nnen Sie sich selbstverst\u00e4ndlich jederzeit wieder von unserem Newsletter abmelden und Ihre Daten l\u00f6schen. Nach Eingabe Ihrer Daten werden diese in einer gesicherten Datenbank bei [&hellip;]\" \/>\n<meta property=\"og:url\" content=\"https:\/\/www.ihr-ferienpartner.de\/mobil\/newsletter\/\" \/>\n<meta property=\"og:site_name\" content=\"FINDE DEIN SPONTANIEN - Reisen g\u00fcnstig buchen\" \/>\n<meta property=\"article:modified_time\" content=\"2023-01-11T07:55:53+00:00\" \/>\n<meta property=\"og:image\" content=\"https:\/\/www.ihr-ferienpartner.de\/mobil\/wp-content\/uploads\/2019\/10\/spontanien.jpg\" \/>\n<meta name=\"twitter:card\" content=\"summary_large_image\" \/>\n<meta name=\"twitter:label1\" content=\"Gesch\u00e4tzte Lesezeit\" \/>\n\t<meta name=\"twitter:data1\" content=\"1\u00a0Minute\" \/>\n<script type=\"application\/ld+json\" class=\"yoast-schema-graph\">{\"@context\":\"https:\/\/schema.org\",\"@graph\":[{\"@type\":\"WebPage\",\"@id\":\"https:\/\/www.ihr-ferienpartner.de\/mobil\/newsletter\/\",\"url\":\"https:\/\/www.ihr-ferienpartner.de\/mobil\/newsletter\/\",\"name\":\"Newsletter-Anmeldung - FINDE DEIN SPONTANIEN - Reisen g\u00fcnstig buchen\",\"isPartOf\":{\"@id\":\"https:\/\/www.ihr-ferienpartner.de\/mobil\/#website\"},\"primaryImageOfPage\":{\"@id\":\"https:\/\/www.ihr-ferienpartner.de\/mobil\/newsletter\/#primaryimage\"},\"image\":{\"@id\":\"https:\/\/www.ihr-ferienpartner.de\/mobil\/newsletter\/#primaryimage\"},\"thumbnailUrl\":\"https:\/\/www.ihr-ferienpartner.de\/mobil\/wp-content\/uploads\/2019\/10\/spontanien.jpg\",\"datePublished\":\"2015-08-05T10:51:42+00:00\",\"dateModified\":\"2023-01-11T07:55:53+00:00\",\"breadcrumb\":{\"@id\":\"https:\/\/www.ihr-ferienpartner.de\/mobil\/newsletter\/#breadcrumb\"},\"inLanguage\":\"de\",\"potentialAction\":[{\"@type\":\"ReadAction\",\"target\":[\"https:\/\/www.ihr-ferienpartner.de\/mobil\/newsletter\/\"]}]},{\"@type\":\"ImageObject\",\"inLanguage\":\"de\",\"@id\":\"https:\/\/www.ihr-ferienpartner.de\/mobil\/newsletter\/#primaryimage\",\"url\":\"https:\/\/www.ihr-ferienpartner.de\/mobil\/wp-content\/uploads\/2019\/10\/spontanien.jpg\",\"contentUrl\":\"https:\/\/www.ihr-ferienpartner.de\/mobil\/wp-content\/uploads\/2019\/10\/spontanien.jpg\",\"width\":818,\"height\":200,\"caption\":\"spontanien.de - FINE DEIN SPONTANIEN\"},{\"@type\":\"BreadcrumbList\",\"@id\":\"https:\/\/www.ihr-ferienpartner.de\/mobil\/newsletter\/#breadcrumb\",\"itemListElement\":[{\"@type\":\"ListItem\",\"position\":1,\"name\":\"Startseite\",\"item\":\"https:\/\/www.ihr-ferienpartner.de\/mobil\/\"},{\"@type\":\"ListItem\",\"position\":2,\"name\":\"Newsletter-Anmeldung\"}]},{\"@type\":\"WebSite\",\"@id\":\"https:\/\/www.ihr-ferienpartner.de\/mobil\/#website\",\"url\":\"https:\/\/www.ihr-ferienpartner.de\/mobil\/\",\"name\":\"FINDE DEIN SPONTANIEN - Reisen g\u00fcnstig buchen\",\"description\":\"Flugreisen im Preisvergleich mit flexiblen Terminen &amp; Abflughafen.\",\"publisher\":{\"@id\":\"https:\/\/www.ihr-ferienpartner.de\/mobil\/#organization\"},\"potentialAction\":[{\"@type\":\"SearchAction\",\"target\":{\"@type\":\"EntryPoint\",\"urlTemplate\":\"https:\/\/www.ihr-ferienpartner.de\/mobil\/?s={search_term_string}\"},\"query-input\":\"required name=search_term_string\"}],\"inLanguage\":\"de\"},{\"@type\":\"Organization\",\"@id\":\"https:\/\/www.ihr-ferienpartner.de\/mobil\/#organization\",\"name\":\"FINDE DEIN SPONTANIEN - Reisen g\u00fcnstig buchen\",\"url\":\"https:\/\/www.ihr-ferienpartner.de\/mobil\/\",\"logo\":{\"@type\":\"ImageObject\",\"inLanguage\":\"de\",\"@id\":\"https:\/\/www.ihr-ferienpartner.de\/mobil\/#\/schema\/logo\/image\/\",\"url\":\"https:\/\/www.ihr-ferienpartner.de\/mobil\/wp-content\/uploads\/2019\/10\/spontanien.jpg\",\"contentUrl\":\"https:\/\/www.ihr-ferienpartner.de\/mobil\/wp-content\/uploads\/2019\/10\/spontanien.jpg\",\"width\":818,\"height\":200,\"caption\":\"FINDE DEIN SPONTANIEN - Reisen g\u00fcnstig buchen\"},\"image\":{\"@id\":\"https:\/\/www.ihr-ferienpartner.de\/mobil\/#\/schema\/logo\/image\/\"}}]}<\/script>\n<!-- \/ Yoast SEO plugin. -->","yoast_head_json":{"title":"Newsletter-Anmeldung - FINDE DEIN SPONTANIEN - Reisen g\u00fcnstig buchen","robots":{"index":"index","follow":"follow","max-snippet":"max-snippet:-1","max-image-preview":"max-image-preview:large","max-video-preview":"max-video-preview:-1"},"canonical":"https:\/\/www.ihr-ferienpartner.de\/mobil\/newsletter\/","og_locale":"de_DE","og_type":"article","og_title":"Newsletter-Anmeldung - FINDE DEIN SPONTANIEN - Reisen g\u00fcnstig buchen","og_description":"Newsletter Hier k\u00f6nnen Sie sich schnell und unkompliziert f\u00fcr unseren Newsletter anmelden. Der Schutz Ihrer pers\u00f6nlichen Daten ist uns sehr wichtig. Wir geben Ihre Daten nicht an Dritte weiter. Au\u00dferdem k\u00f6nnen Sie sich selbstverst\u00e4ndlich jederzeit wieder von unserem Newsletter abmelden und Ihre Daten l\u00f6schen. Nach Eingabe Ihrer Daten werden diese in einer gesicherten Datenbank bei [&hellip;]","og_url":"https:\/\/www.ihr-ferienpartner.de\/mobil\/newsletter\/","og_site_name":"FINDE DEIN SPONTANIEN - Reisen g\u00fcnstig buchen","article_modified_time":"2023-01-11T07:55:53+00:00","og_image":[{"url":"https:\/\/www.ihr-ferienpartner.de\/mobil\/wp-content\/uploads\/2019\/10\/spontanien.jpg"}],"twitter_card":"summary_large_image","twitter_misc":{"Gesch\u00e4tzte Lesezeit":"1\u00a0Minute"},"schema":{"@context":"https:\/\/schema.org","@graph":[{"@type":"WebPage","@id":"https:\/\/www.ihr-ferienpartner.de\/mobil\/newsletter\/","url":"https:\/\/www.ihr-ferienpartner.de\/mobil\/newsletter\/","name":"Newsletter-Anmeldung - FINDE DEIN SPONTANIEN - Reisen g\u00fcnstig buchen","isPartOf":{"@id":"https:\/\/www.ihr-ferienpartner.de\/mobil\/#website"},"primaryImageOfPage":{"@id":"https:\/\/www.ihr-ferienpartner.de\/mobil\/newsletter\/#primaryimage"},"image":{"@id":"https:\/\/www.ihr-ferienpartner.de\/mobil\/newsletter\/#primaryimage"},"thumbnailUrl":"https:\/\/www.ihr-ferienpartner.de\/mobil\/wp-content\/uploads\/2019\/10\/spontanien.jpg","datePublished":"2015-08-05T10:51:42+00:00","dateModified":"2023-01-11T07:55:53+00:00","breadcrumb":{"@id":"https:\/\/www.ihr-ferienpartner.de\/mobil\/newsletter\/#breadcrumb"},"inLanguage":"de","potentialAction":[{"@type":"ReadAction","target":["https:\/\/www.ihr-ferienpartner.de\/mobil\/newsletter\/"]}]},{"@type":"ImageObject","inLanguage":"de","@id":"https:\/\/www.ihr-ferienpartner.de\/mobil\/newsletter\/#primaryimage","url":"https:\/\/www.ihr-ferienpartner.de\/mobil\/wp-content\/uploads\/2019\/10\/spontanien.jpg","contentUrl":"https:\/\/www.ihr-ferienpartner.de\/mobil\/wp-content\/uploads\/2019\/10\/spontanien.jpg","width":818,"height":200,"caption":"spontanien.de - FINE DEIN SPONTANIEN"},{"@type":"BreadcrumbList","@id":"https:\/\/www.ihr-ferienpartner.de\/mobil\/newsletter\/#breadcrumb","itemListElement":[{"@type":"ListItem","position":1,"name":"Startseite","item":"https:\/\/www.ihr-ferienpartner.de\/mobil\/"},{"@type":"ListItem","position":2,"name":"Newsletter-Anmeldung"}]},{"@type":"WebSite","@id":"https:\/\/www.ihr-ferienpartner.de\/mobil\/#website","url":"https:\/\/www.ihr-ferienpartner.de\/mobil\/","name":"FINDE DEIN SPONTANIEN - Reisen g\u00fcnstig buchen","description":"Flugreisen im Preisvergleich mit flexiblen Terminen &amp; Abflughafen.","publisher":{"@id":"https:\/\/www.ihr-ferienpartner.de\/mobil\/#organization"},"potentialAction":[{"@type":"SearchAction","target":{"@type":"EntryPoint","urlTemplate":"https:\/\/www.ihr-ferienpartner.de\/mobil\/?s={search_term_string}"},"query-input":"required name=search_term_string"}],"inLanguage":"de"},{"@type":"Organization","@id":"https:\/\/www.ihr-ferienpartner.de\/mobil\/#organization","name":"FINDE DEIN SPONTANIEN - Reisen g\u00fcnstig buchen","url":"https:\/\/www.ihr-ferienpartner.de\/mobil\/","logo":{"@type":"ImageObject","inLanguage":"de","@id":"https:\/\/www.ihr-ferienpartner.de\/mobil\/#\/schema\/logo\/image\/","url":"https:\/\/www.ihr-ferienpartner.de\/mobil\/wp-content\/uploads\/2019\/10\/spontanien.jpg","contentUrl":"https:\/\/www.ihr-ferienpartner.de\/mobil\/wp-content\/uploads\/2019\/10\/spontanien.jpg","width":818,"height":200,"caption":"FINDE DEIN SPONTANIEN - Reisen g\u00fcnstig buchen"},"image":{"@id":"https:\/\/www.ihr-ferienpartner.de\/mobil\/#\/schema\/logo\/image\/"}}]}},"_links":{"self":[{"href":"https:\/\/www.ihr-ferienpartner.de\/mobil\/wp-json\/wp\/v2\/pages\/74"}],"collection":[{"href":"https:\/\/www.ihr-ferienpartner.de\/mobil\/wp-json\/wp\/v2\/pages"}],"about":[{"href":"https:\/\/www.ihr-ferienpartner.de\/mobil\/wp-json\/wp\/v2\/types\/page"}],"author":[{"embeddable":true,"href":"https:\/\/www.ihr-ferienpartner.de\/mobil\/wp-json\/wp\/v2\/users\/1"}],"replies":[{"embeddable":true,"href":"https:\/\/www.ihr-ferienpartner.de\/mobil\/wp-json\/wp\/v2\/comments?post=74"}],"version-history":[{"count":20,"href":"https:\/\/www.ihr-ferienpartner.de\/mobil\/wp-json\/wp\/v2\/pages\/74\/revisions"}],"predecessor-version":[{"id":5020,"href":"https:\/\/www.ihr-ferienpartner.de\/mobil\/wp-json\/wp\/v2\/pages\/74\/revisions\/5020"}],"wp:attachment":[{"href":"https:\/\/www.ihr-ferienpartner.de\/mobil\/wp-json\/wp\/v2\/media?parent=74"}],"curies":[{"name":"wp","href":"https:\/\/api.w.org\/{rel}","templated":true}]}}