{"id":805,"date":"2018-05-25T10:41:23","date_gmt":"2018-05-25T08:41:23","guid":{"rendered":"http:\/\/www.ihr-ferienpartner.de\/mobil\/?page_id=805"},"modified":"2026-02-02T14:06:18","modified_gmt":"2026-02-02T13:06:18","slug":"datenschutz","status":"publish","type":"page","link":"https:\/\/www.ihr-ferienpartner.de\/mobil\/datenschutz\/","title":{"rendered":"Datenschutzerkl\u00e4rung"},"content":{"rendered":"<div style=\"background-color: #ffffff; padding: 20px 20px 20px 20px;\">\n<h1>Datenschutzerkl\u00e4rung<\/h1>\n<hr>\n<h2>1. Genereller Hinweis<\/h2>\n<p>Den Schutz von personenbezogenen Daten und somit Ihre Privatsph\u00e4re nehmen wir sehr ernst. Mit dieser Datenschutzerkl\u00e4rung kl\u00e4ren wir unter anderem \u00fcber die Art, den Umfang und den Zweck der Erhebung und Verwendung von personenbezogenen Daten auf dieser Webseite auf.<\/p>\n<p>Insbesondere informieren wir Sie \u00fcber die Erfassung personenbezogener Daten bei der Nutzung unserer Webseiten sowie der Kontaktaufnahme per E-Mail oder per Telefon. Personenbezogene Daten sind alle auf Sie pers\u00f6nlich beziehbare Daten, z.B. Name, Adresse, E-Mail-Adressen, Nutzerverhalten.<\/p>\n<h2>2. Kontaktdaten des Verantwortlichen<\/h2>\n<p>Reiseb\u00fcro Selzer<br \/>\nInhaber: Michael Selzer<br \/>\nHaslacher Str. 52<br \/>\n79115 Freiburg<br \/>\nTel: 0761-442000<br \/>\nMail: info@ihr-ferienpartner.de<br \/>\nUmsatzsteuer ID: DE 142069942<\/p>\n<h2>3. Information \u00fcber die Erfassung, Weitergabe und Speicherdauer personenbezogener Daten<\/h2>\n<p>Wir verarbeiten personenbezogene Daten unter Beachtung der Bestimmungen der DSGVO, des Bundesdatenschutzgesetzes (BDSG) sowie aller weiteren ma\u00dfgeblichen Gesetze.<br \/>\nIn erster Linie dient die Datenverarbeitung dem Zweck ein Vertragsverh\u00e4ltnis zu erf\u00fcllen. Bei Kontaktaufnahme per E-Mail oder per Telefon werden die von Ihnen mitgeteilten Daten (z.B. E-Mail-Adresse, Name und Telefonnummer) von uns gespeichert, damit wir Ihre Anfrage bearbeiten k\u00f6nnen. Vorrangig ist hierf\u00fcr Art. 6 Abs. 1 b) DSGVO die rechtsgrundlage. Unter Umst\u00e4nden wird Ihre gesonderte Einwilligung gem. Art. 6 Abs. 1 lit. a), 7 DSGVO als datenschutzrechtliche Erlaubnisvorschrift herangezogen. Die Verarbeitung Ihrer Daten erfolgt um unsere rechtlichen Pflichten (u.a. im Handels- und Steuerrecht) auf Grundlage von Art. 6 Abs. 1 lit. c) DSGVO zu erf\u00fcllen. Au\u00dferdem kann die Datenverarbeitung auf Grundlage von Art. 6 Abs. 1 lit. f) DSGVO erfolgenden, sofern dies erforderlich ist um berechtigte Interessen von uns oder von Dritten zu wahren.<\/p>\n<p>Eine \u00dcbermittlung Ihrer pers\u00f6nlichen Daten an Dritte erfolgt ausschlie\u00dflich zu den folgenden Zwecken. Ihre pers\u00f6nlichen Daten werden nur an Dritte weitergegeben, wenn Sie Ihre nach Art. 6 Abs. 1 lit. a) DSGVO ausdr\u00fcckliche Einwilligung dazu erteilt haben, die Weitergabe nach Art. 6 Abs. 1 lit. f) DSGVO zur Geltendmachung, Aus\u00fcbung oder Verteidigung von Rechtsanspr\u00fcchen erforderlich ist und kein Grund zur Annahme besteht, dass Sie ein \u00fcberwiegendes schutzw\u00fcrdiges Interesse an der Nichtweitergabe Ihrer Daten haben, f\u00fcr den Fall, dass f\u00fcr die Weitergabe nach Art. 6 Abs. 1 lit. c) DSGVO eine gesetzliche Verpflichtung besteht sowie dies gesetzlich zul\u00e4ssig und nach Art. 6 Abs. 1 lit. b) DSGVO f\u00fcr die Abwicklung von Vertragsverh\u00e4ltnissen mit Ihnen erforderlich ist. F\u00fcr einzelne Bereiche unseres Angebots wurden Dienstleister beauftragt, \u00fcber die wir Sie unten stehend in Abschnitt 4 im Detail informieren.<\/p>\n<p>Wir l\u00f6schen Ihre personenbezogenen Daten, sobald sie f\u00fcr die folgenden Zwecke nicht mehr erforderlich sind. Nach Beendigung eines Vertragsverh\u00e4ltnisses werden Ihre personenbezogenen Daten gespeichert, solange wir dazu gesetzlich verpflichtet sind. Dies ergibt sich regelm\u00e4\u00dfig durch rechtliche Nachweis- und Aufbewahrungspflichten, die unter anderem im Handelsgesetzbuch und der Abgabenordnung geregelt sind. Die Speicherfristen betragen danach bis zu zehn Jahre. Au\u00dferdem kann es vorkommen, dass personenbezogene Daten f\u00fcr die Zeit aufbewahrt werden, in der Anspr\u00fcche gegen uns geltend gemacht werden k\u00f6nnen (gesetzliche Verj\u00e4hrungsfrist von drei oder bis zu drei\u00dfig Jahren).<\/p>\n<h2>4.) Erfassung und Verarbeitung personenbezogener Daten auf unserer Website<\/h2>\n<p>In den folgenden Abschnitten stellen wir Ihnen dar, welche personenbezogene Daten wir f\u00fcr welchen Zweck und welcher Grundlage erfassen und verarbeiten.<\/p>\n<h3>a.) Logfiles<\/h3>\n<p>Ohne Ihr eigenes Zutun \u00fcbermittelt Ihr Internet-Browser aus technischen Gr\u00fcnden die nachfolgenden Daten an uns, auch wenn Sie die Webseite nur informativ nutzen, d.h. Sie keine Buchung oder Newsletter-Registrierung durchf\u00fchren. \u00dcbermittelt werden: Browsertyp und -version, verwendetes Betriebssystem, Referrer-URL (Webseite, von der aus Sie uns besuchen), Webseite, die Sie besuchen,&nbsp; Datum und Uhrzeit Ihres Zugriffs und Ihre IP-Adresse (Internet Protokoll). Das Erheben dieser Daten ist erforderlich, um Ihnen die Webseite anzeigen zu k\u00f6nnen und die Stabilit\u00e4t und Sicherheit zu gew\u00e4hrleisten. Die Daten werden au\u00dferdem in sogenannten Logfiles gespeichert.<\/p>\n<p>Die Speicherung und Verarbeitung dieser Daten geschieht auf der Rechtsgrundlage von Art. 6 Abs. 1 lit. f) DSGVO. Die vor\u00fcbergehende Speicherung der IP-Adresse durch das System ist notwendig, um eine Auslieferung der Website an Ihren Browser zu erm\u00f6glichen. Hierf\u00fcr muss Ihre IP-Adresse f\u00fcr die Dauer der Sitzung gespeichert bleiben. Die Speicherung in Logfiles erfolgt, um die Funktionsf\u00e4higkeit der Website sicherzustellen und die Website zu optimieren. Au\u00dferdem sind sie zur Sicherstellung der Sicherheit unserer informationstechnischen Systeme notwendig. In diesen Zwecken liegt auch unser berechtigtes Interesse an der Datenverarbeitung nach Art. 6 Abs. 1 lit. f) DSGVO. Diese Daten werden getrennt von Ihren eventuell sonstig angegebenen personenbezogenen Daten gespeichert, so dass keine R\u00fcckschl\u00fcsse auf eine bestimmte Person gezogen werden k\u00f6nnen. Diese Daten werden weder f\u00fcr Werbem\u00dfnahmen genutzt noch an Dritte weitergegeben und sp\u00e4testens nach f\u00fcnf Tagen, soweit sie die Logfiles betreffen, gel\u00f6scht. Im \u00dcbrigen werden die Daten gel\u00f6scht, sobald sie f\u00fcr die Erreichung des Zweckes ihrer Erhebung nicht mehr erforderlich sind. Im Falle der Erfassung der Daten zur Bereitstellung der Website ist dies der Fall, wenn die jeweilige Sitzung beendet ist. Die Erhebung der Daten beim Besuch der Website und die Speicherung der Daten in Logfiles ist f\u00fcr den Betrieb der Internetseite zwingend erforderlich. Es besteht folglich Ihrerseits keine Widerspruchsm\u00f6glichkeit.<\/p>\n<h3>b.) Buchung\/Vermittlung von Reiseleistungen<\/h3>\n<p>\u00dcber unsere Webseite ist es m\u00f6glich Reiseleistungen zu buchen, u.a. Pauschalreisen, Hotelaufenthalte und Mietwagen. Bitte beachten Sie hierzu auch unsere AGB sowie die AGV der jeweiligen Leistungstr\u00e4ger. Die f\u00fcr den Zweck der Leistungsvermittlung erforderlichen Daten werden bei der Buchung abgefragt, sowohl Ihre Daten als auch die Daten eventueller Reiseteilnehmer. Folgende Daten werden erhoben:<br \/>\nVom Reiseanmelder: Anrede, Vorname, Nachname, Stra\u00dfe, Hausnummer, Land, PLZ, Ort, Telefonnummer, E-Mail-Adresse, Nationalit\u00e4t<br \/>\nReiseteilnehmer: Anrede, Vorname, Nachname, Geburtsdatum, Nationalit\u00e4t<br \/>\nBei der Auswahl der Zahlungsart Kreditkarte: Karteninhaber, Kartentyp (Visa, Mastecard, Amex, Diners), G\u00fcltigkeit, CVC-Code<br \/>\nBei der Auswahl der Zahlungsart Lastschrift: Kontoinhaber, Bank, IBAN, BIC<\/p>\n<p>Zwischen Ihnen und uns bzw. unserem touristischen Dienstleister RMK Nurflug.de GmbH wird in der Regel ein Vertrag \u00fcber die Vermittlung von (Reise)Leistungen geschlossen. Deshalb werden die oben genannten Daten auf der Rechtsgrundlage von Art. 6 Abs. 1 lit. b) DSGVO sowie von Art. 6 Abs. 1 lit. f) DSGVO gespeichert. Das berechtigte Interesse nach Art. 6 Abs. 1 lit. f) DSGVO in sonstigen F\u00e4llen stellt die Erf\u00fcllung eigener Gesch\u00e4ftszwecke: die Vermittlung der jeweiligen Leistung auf Basis der Vereinbarung mit dem Leistungstr\u00e4ger und unseren Anspr\u00fcchen gegen\u00fcber diesen Leistungserbringern. Zur Erbringung kostenpflichtiger Leistungen werden die genannten Zahlungsdaten erfragt, um Ihre Bestellung ausf\u00fchren zu k\u00f6nnen. Diese Daten werden ausschlie\u00dflich tokenisiert gem. PCI DSS gespeichert und verarbeitet. Diese Daten werden in den Systemen der Leistungserbringer gespeichert bis die gesetzlichen Aufbewahrungsfristen abgelaufen sind.<\/p>\n<p>Diese Daten werden zur Abwicklung der Buchung und Erf\u00fcllung der oben genannten Zwecke an die jeweiligen Leistungserbringer (insbesondere Reiseveranstalter, Fluggesellschaften, Hotels, Versicherungsunternehmen, Mietwagen-Broker) \u00fcbermittelt. Die \u00dcbermittlung erfolgt durch sogenannte Computerreservierungssysteme (CRS) und Internet Booking Engines (IBE), so dass auch an die Anbieter dieser Systeme, die unsere Auftragsverarbeiter (Art. 28 DSGVO) sind, eine Daten\u00fcbermittlung erfolgt.<\/p>\n<p>Eine \u00dcbermittlung der Daten in ein Land au\u00dferhalb der EU, des EWR (Island, Norwegen, Lichtenstein) oder der Schweiz (Drittl\u00e4nder) findet nur im Rahmen der oben genannten Zwecke, dies gesetzlich vorgeschrieben ist oder Sie uns Ihre Einwilligung hierzu erteilt haben, statt. So z.B. bei der Vermittlung von Leistungen in Drittl\u00e4ndern. Teilweise verarbeiten die CRS-Anbieter die Daten in einem Drittland.<\/p>\n<p>Enstprechend der steuer- und handelsrechtlichen Aufbewahrungspflichten werden die Daten f\u00fcr eine Dauer von zehn Jahren gespeichert und dann gel\u00f6scht, soweit Sie nicht in eine dar\u00fcberhinausgehende Speicherung eingewilligt haben oder die weitere Verarbeitung der Daten f\u00fcr die Geltendmachung, Aus\u00fcbung oder Verteidigung von Rechtsanspr\u00fcchen erforderlich ist. Die rechtliche Grundlage f\u00fcr die Verarbeitung personenbezogener Daten zu Zwecken der Erf\u00fcllung der gesetzlichen Archivierungs- und Aufbewahrungspflichten stellt Art. 6 Abs. 1 lit. c) DSGVO dar.<\/p>\n<p>Online-Buchungen werden \u00fcber den touristischen Fulfillmentdienstleister RMK Nurflug.de GmbH abgewickelt, der daf\u00fcr ein Reiseb\u00fcro betreibt. Die Datenschutzerkl\u00e4rung von RMK Nurflug.de GmbH finden Sie <a href=\"https:\/\/b2b.specials.de\/index\/jump\/78\/441\/991880\/\" target=\"blank\" rel=\"noopener noreferrer\"><strong>hier<\/strong><\/a><\/p>\n<h3>c.) Cookies<\/h3>\n<p>Wie viele andere Webseiten verwenden wir auch so genannte \u201eCookies\u201c. Cookies sind kleine Textdateien, die von einem Websiteserver auf Ihre Festplatte \u00fcbertragen werden. Hierdurch erhalten wir automatisch bestimmte Daten wie z. B. Browser, Betriebssystem und Internetprovider.<\/p>\n<p>Cookies k\u00f6nnen nicht verwendet werden, um Programme zu starten oder Viren auf einen Computer zu \u00fcbertragen. Anhand der in Cookies enthaltenen Informationen k\u00f6nnen wir Ihnen die Navigation erleichtern und die korrekte Anzeige unserer Webseiten erm\u00f6glichen. In keinem Fall werden die von uns erfassten Daten an Dritte weitergegeben oder eine Verkn\u00fcpfung mit personenbezogenen Daten hergestellt.<\/p>\n<p>Nat\u00fcrlich k\u00f6nnen Sie unsere Website grunds\u00e4tzlich auch ohne Cookies betrachten. Internet-Browser sind regelm\u00e4\u00dfig so eingestellt, dass sie Cookies akzeptieren. Im Allgemeinen k\u00f6nnen Sie die Verwendung von Cookies jederzeit \u00fcber die Einstellungen Ihres Browsers deaktivieren. Bitte verwenden Sie die Hilfefunktionen Ihres Internetbrowsers, um zu erfahren, wie Sie diese Einstellungen \u00e4ndern k\u00f6nnen. Bitte beachten Sie, dass einzelne Funktionen unserer Website m\u00f6glicherweise nicht funktionieren, wenn Sie die Verwendung von Cookies deaktiviert haben.<\/p>\n<p>Wir verwenden sogenannte transiente Cookies, die f\u00fcr den tempor\u00e4ren Einsatz geeignet sind. Diese transienten Cookies werden automatisiert gel\u00f6scht, wenn Sie den Browser schlie\u00dfen. Zu ihnen z\u00e4hlen insbesondere Session-Cookies. Diese Cookies speichern die sogenannte Session-ID, mit der sich verschiedene Anfragen Ihres Browsers der Sitzung zuordnen lassen. Dadurch kann Ihr Rechner wiedererkannt werden, wenn Sie auf unsere Website zur\u00fcckkehren. Die Session-Cookies werden gel\u00f6scht, wenn Sie den Browser schlie\u00dfen bzw. die Browsercookies l\u00f6schen. Die Rechtsgrundlage f\u00fcr die Verarbeitung personenbezogener Daten unter Verwendung von transienten Cookies ist Art. 6 Abs. 1 lit. f) DSGVO. Der Zweck der Verwendung dieser Cookies ist es, die Nutzung von Websites zu vereinfachen.<\/p>\n<h3>d.) Newsletter<\/h3>\n<p>Auf Grundlage Ihrer ausdr\u00fccklich erteilten Einwilligung, \u00fcbersenden wir Ihnen regelm\u00e4\u00dfig unseren Newsletter bzw. vergleichbare Informationen per E-Mail an Ihre angegebene E-Mail-Adresse.<\/p>\n<p>F\u00fcr den Empfang des Newsletters ist die Angabe Ihrer E-Mail-Adresse ausreichend, optional fragen wir Name, Vorname, Wohnort, Lieblingsreisziele und pr\u00e4ferierte Urlaubsart ab, damit wir Sie gem. Ihrem Interesse ansprechen k\u00f6nnen. Die von Ihnen bei der Anmeldung zu unserem Newsletter angegebenen Daten werden ausschlie\u00dflich zu diesem Zweck (Newsletterversand) verwendet und nicht an Dritte weitergegeben. Abonnenten k\u00f6nnen auch \u00fcber Umst\u00e4nde per E-Mail informiert werden, die f\u00fcr den Dienst oder die Registrierung relevant sind (Beispielsweise \u00c4nderungen des Newsletterangebots oder technische Gegebenheiten).<\/p>\n<p>F\u00fcr eine wirksame Registrierung ben\u00f6tigen wir eine valide E-Mail-Adresse. Um zu \u00fcberpr\u00fcfen, dass eine Anmeldung tats\u00e4chlich durch den Inhaber einer E-Mail-Adresse erfolgt, setzen wir das \u201eDouble-opt-in\u201c-Verfahren ein. Hierzu protokollieren wir die Bestellung des Newsletters, den Versand einer Best\u00e4tigungsmail und den Eingang der hiermit angeforderten Antwort. Weitere Daten werden nicht validiert.<\/p>\n<p>Die Einwilligung zur Speicherung Ihrer pers\u00f6nlichen Daten und ihrer Nutzung f\u00fcr den Newsletterversand k\u00f6nnen Sie jederzeit widerrufen. In jedem Newsletter findet sich dazu ein entsprechender Link. Alternativ k\u00f6nnen Sie uns Ihren entsprechenden Wunsch zur \u00c4nderung oder L\u00f6schung Ihrer Daten auch per Mail an newsletter@ihr-ferienpartner.de mitteilen.<\/p>\n<h2>5.) Datensicherheit \/ Verschl\u00fcsselung<\/h2>\n<p>Um die Sicherheit Ihrer Daten bei der \u00dcbertragung zu sch\u00fctzen, verwenden wir dem aktuellen Stand der Technik entsprechende Verschl\u00fcsselungsverfahren (z. B. SSL) \u00fcber HTTPS zur \u00dcbermittlung Ihrer Daten. Eine verschl\u00fcsselte Verbindung erkennen Sie daran, dass die Adresszeile des Browsers von \u201chttp:\/\/\u201d auf \u201chttps:\/\/\u201d wechselt und an dem Schloss-Symbol in Ihrer Browserzeile, teils erfolgt dies lediglich innerhalb des Frames mit der Buchungsmaschine.<\/p>\n<h2>6.) Betroffenenrechte \/ Auskunfts- und L\u00f6schungsrecht<\/h2>\n<p>Als Nutzer haben Sie das Recht, auf Antrag und unentgeltlich, Auskunft \u00fcber Ihre eigenen von uns gespeicherten Daten zu erhalten. Sollten wider erwarten falsche Informationen gespeichert wurden, werden wir diese auf Ihre Anforderung hin berichtigen. Dar\u00fcber hinaus k\u00f6nnen Sie jederzeit die L\u00f6schung Ihrer gespeicherten Daten verlangen, sofern die Daten nicht mehr f\u00fcr die Abwicklung Ihrer Reiseleistung ben\u00f6tigt werden.<\/p>\n<h2><strong>7.) \u00c4nderung \/ Aktualit\u00e4t unserer Datenschutzbestimmungen<\/strong><\/h2>\n<p>Wir behalten uns vor, diese Datenschutzerkl\u00e4rung anzupassen, damit sie stets den aktuellen rechtlichen Anforderungen entspricht oder um \u00c4nderungen unserer Leistungen in der Datenschutzerkl\u00e4rung umzusetzen, z.B. bei der Einf\u00fchrung neuer Services. F\u00fcr Ihren erneuten Besuch gilt dann die neue Datenschutzerkl\u00e4rung. Diese datenschutzerkl\u00f6rung ist aktuell g\u00fcltig und hat den Stand Juli 2020.<\/p>\n<h2><strong>8.) Fragen zum Datenschutz<br \/>\n<\/strong><\/h2>\n<p>Wenn Sie Fragen zum Datenschutz haben, schreiben Sie uns bitte eine E-Mail an: info@ihr-ferienpartner.de<\/p>\n<\/div>\n","protected":false},"excerpt":{"rendered":"<p>Datenschutzerkl\u00e4rung 1. Genereller Hinweis Den Schutz von personenbezogenen Daten und somit Ihre Privatsph\u00e4re nehmen wir sehr ernst. Mit dieser Datenschutzerkl\u00e4rung kl\u00e4ren wir unter anderem \u00fcber die Art, den Umfang und den Zweck der Erhebung und Verwendung von personenbezogenen Daten auf dieser Webseite auf. Insbesondere informieren wir Sie \u00fcber die Erfassung personenbezogener Daten bei der Nutzung [&hellip;]<\/p>\n","protected":false},"author":1,"featured_media":0,"parent":0,"menu_order":0,"comment_status":"closed","ping_status":"closed","template":"","meta":{"footnotes":""},"yoast_head":"<!-- This site is optimized with the Yoast SEO plugin v22.8 - https:\/\/yoast.com\/wordpress\/plugins\/seo\/ -->\n<title>Datenschutzerkl\u00e4rung - FINDE DEIN SPONTANIEN - Reisen g\u00fcnstig buchen<\/title>\n<meta name=\"robots\" content=\"index, follow, max-snippet:-1, max-image-preview:large, max-video-preview:-1\" \/>\n<link rel=\"canonical\" href=\"https:\/\/www.ihr-ferienpartner.de\/mobil\/datenschutz\/\" \/>\n<meta property=\"og:locale\" content=\"de_DE\" \/>\n<meta property=\"og:type\" content=\"article\" \/>\n<meta property=\"og:title\" content=\"Datenschutzerkl\u00e4rung - FINDE DEIN SPONTANIEN - Reisen g\u00fcnstig buchen\" \/>\n<meta property=\"og:description\" content=\"Datenschutzerkl\u00e4rung 1. Genereller Hinweis Den Schutz von personenbezogenen Daten und somit Ihre Privatsph\u00e4re nehmen wir sehr ernst. Mit dieser Datenschutzerkl\u00e4rung kl\u00e4ren wir unter anderem \u00fcber die Art, den Umfang und den Zweck der Erhebung und Verwendung von personenbezogenen Daten auf dieser Webseite auf. Insbesondere informieren wir Sie \u00fcber die Erfassung personenbezogener Daten bei der Nutzung [&hellip;]\" \/>\n<meta property=\"og:url\" content=\"https:\/\/www.ihr-ferienpartner.de\/mobil\/datenschutz\/\" \/>\n<meta property=\"og:site_name\" content=\"FINDE DEIN SPONTANIEN - Reisen g\u00fcnstig buchen\" \/>\n<meta property=\"article:modified_time\" content=\"2026-02-02T13:06:18+00:00\" \/>\n<meta name=\"twitter:card\" content=\"summary_large_image\" \/>\n<meta name=\"twitter:label1\" content=\"Gesch\u00e4tzte Lesezeit\" \/>\n\t<meta name=\"twitter:data1\" content=\"11\u00a0Minuten\" \/>\n<script type=\"application\/ld+json\" class=\"yoast-schema-graph\">{\"@context\":\"https:\/\/schema.org\",\"@graph\":[{\"@type\":\"WebPage\",\"@id\":\"https:\/\/www.ihr-ferienpartner.de\/mobil\/datenschutz\/\",\"url\":\"https:\/\/www.ihr-ferienpartner.de\/mobil\/datenschutz\/\",\"name\":\"Datenschutzerkl\u00e4rung - FINDE DEIN SPONTANIEN - Reisen g\u00fcnstig buchen\",\"isPartOf\":{\"@id\":\"https:\/\/www.ihr-ferienpartner.de\/mobil\/#website\"},\"datePublished\":\"2018-05-25T08:41:23+00:00\",\"dateModified\":\"2026-02-02T13:06:18+00:00\",\"breadcrumb\":{\"@id\":\"https:\/\/www.ihr-ferienpartner.de\/mobil\/datenschutz\/#breadcrumb\"},\"inLanguage\":\"de\",\"potentialAction\":[{\"@type\":\"ReadAction\",\"target\":[\"https:\/\/www.ihr-ferienpartner.de\/mobil\/datenschutz\/\"]}]},{\"@type\":\"BreadcrumbList\",\"@id\":\"https:\/\/www.ihr-ferienpartner.de\/mobil\/datenschutz\/#breadcrumb\",\"itemListElement\":[{\"@type\":\"ListItem\",\"position\":1,\"name\":\"Startseite\",\"item\":\"https:\/\/www.ihr-ferienpartner.de\/mobil\/\"},{\"@type\":\"ListItem\",\"position\":2,\"name\":\"Datenschutzerkl\u00e4rung\"}]},{\"@type\":\"WebSite\",\"@id\":\"https:\/\/www.ihr-ferienpartner.de\/mobil\/#website\",\"url\":\"https:\/\/www.ihr-ferienpartner.de\/mobil\/\",\"name\":\"FINDE DEIN SPONTANIEN - Reisen g\u00fcnstig buchen\",\"description\":\"Flugreisen im Preisvergleich mit flexiblen Terminen &amp; Abflughafen.\",\"publisher\":{\"@id\":\"https:\/\/www.ihr-ferienpartner.de\/mobil\/#organization\"},\"potentialAction\":[{\"@type\":\"SearchAction\",\"target\":{\"@type\":\"EntryPoint\",\"urlTemplate\":\"https:\/\/www.ihr-ferienpartner.de\/mobil\/?s={search_term_string}\"},\"query-input\":\"required name=search_term_string\"}],\"inLanguage\":\"de\"},{\"@type\":\"Organization\",\"@id\":\"https:\/\/www.ihr-ferienpartner.de\/mobil\/#organization\",\"name\":\"FINDE DEIN SPONTANIEN - Reisen g\u00fcnstig buchen\",\"url\":\"https:\/\/www.ihr-ferienpartner.de\/mobil\/\",\"logo\":{\"@type\":\"ImageObject\",\"inLanguage\":\"de\",\"@id\":\"https:\/\/www.ihr-ferienpartner.de\/mobil\/#\/schema\/logo\/image\/\",\"url\":\"https:\/\/www.ihr-ferienpartner.de\/mobil\/wp-content\/uploads\/2019\/10\/spontanien.jpg\",\"contentUrl\":\"https:\/\/www.ihr-ferienpartner.de\/mobil\/wp-content\/uploads\/2019\/10\/spontanien.jpg\",\"width\":818,\"height\":200,\"caption\":\"FINDE DEIN SPONTANIEN - Reisen g\u00fcnstig buchen\"},\"image\":{\"@id\":\"https:\/\/www.ihr-ferienpartner.de\/mobil\/#\/schema\/logo\/image\/\"}}]}<\/script>\n<!-- \/ Yoast SEO plugin. -->","yoast_head_json":{"title":"Datenschutzerkl\u00e4rung - FINDE DEIN SPONTANIEN - Reisen g\u00fcnstig buchen","robots":{"index":"index","follow":"follow","max-snippet":"max-snippet:-1","max-image-preview":"max-image-preview:large","max-video-preview":"max-video-preview:-1"},"canonical":"https:\/\/www.ihr-ferienpartner.de\/mobil\/datenschutz\/","og_locale":"de_DE","og_type":"article","og_title":"Datenschutzerkl\u00e4rung - FINDE DEIN SPONTANIEN - Reisen g\u00fcnstig buchen","og_description":"Datenschutzerkl\u00e4rung 1. Genereller Hinweis Den Schutz von personenbezogenen Daten und somit Ihre Privatsph\u00e4re nehmen wir sehr ernst. Mit dieser Datenschutzerkl\u00e4rung kl\u00e4ren wir unter anderem \u00fcber die Art, den Umfang und den Zweck der Erhebung und Verwendung von personenbezogenen Daten auf dieser Webseite auf. Insbesondere informieren wir Sie \u00fcber die Erfassung personenbezogener Daten bei der Nutzung [&hellip;]","og_url":"https:\/\/www.ihr-ferienpartner.de\/mobil\/datenschutz\/","og_site_name":"FINDE DEIN SPONTANIEN - Reisen g\u00fcnstig buchen","article_modified_time":"2026-02-02T13:06:18+00:00","twitter_card":"summary_large_image","twitter_misc":{"Gesch\u00e4tzte Lesezeit":"11\u00a0Minuten"},"schema":{"@context":"https:\/\/schema.org","@graph":[{"@type":"WebPage","@id":"https:\/\/www.ihr-ferienpartner.de\/mobil\/datenschutz\/","url":"https:\/\/www.ihr-ferienpartner.de\/mobil\/datenschutz\/","name":"Datenschutzerkl\u00e4rung - FINDE DEIN SPONTANIEN - Reisen g\u00fcnstig buchen","isPartOf":{"@id":"https:\/\/www.ihr-ferienpartner.de\/mobil\/#website"},"datePublished":"2018-05-25T08:41:23+00:00","dateModified":"2026-02-02T13:06:18+00:00","breadcrumb":{"@id":"https:\/\/www.ihr-ferienpartner.de\/mobil\/datenschutz\/#breadcrumb"},"inLanguage":"de","potentialAction":[{"@type":"ReadAction","target":["https:\/\/www.ihr-ferienpartner.de\/mobil\/datenschutz\/"]}]},{"@type":"BreadcrumbList","@id":"https:\/\/www.ihr-ferienpartner.de\/mobil\/datenschutz\/#breadcrumb","itemListElement":[{"@type":"ListItem","position":1,"name":"Startseite","item":"https:\/\/www.ihr-ferienpartner.de\/mobil\/"},{"@type":"ListItem","position":2,"name":"Datenschutzerkl\u00e4rung"}]},{"@type":"WebSite","@id":"https:\/\/www.ihr-ferienpartner.de\/mobil\/#website","url":"https:\/\/www.ihr-ferienpartner.de\/mobil\/","name":"FINDE DEIN SPONTANIEN - Reisen g\u00fcnstig buchen","description":"Flugreisen im Preisvergleich mit flexiblen Terminen &amp; Abflughafen.","publisher":{"@id":"https:\/\/www.ihr-ferienpartner.de\/mobil\/#organization"},"potentialAction":[{"@type":"SearchAction","target":{"@type":"EntryPoint","urlTemplate":"https:\/\/www.ihr-ferienpartner.de\/mobil\/?s={search_term_string}"},"query-input":"required name=search_term_string"}],"inLanguage":"de"},{"@type":"Organization","@id":"https:\/\/www.ihr-ferienpartner.de\/mobil\/#organization","name":"FINDE DEIN SPONTANIEN - Reisen g\u00fcnstig buchen","url":"https:\/\/www.ihr-ferienpartner.de\/mobil\/","logo":{"@type":"ImageObject","inLanguage":"de","@id":"https:\/\/www.ihr-ferienpartner.de\/mobil\/#\/schema\/logo\/image\/","url":"https:\/\/www.ihr-ferienpartner.de\/mobil\/wp-content\/uploads\/2019\/10\/spontanien.jpg","contentUrl":"https:\/\/www.ihr-ferienpartner.de\/mobil\/wp-content\/uploads\/2019\/10\/spontanien.jpg","width":818,"height":200,"caption":"FINDE DEIN SPONTANIEN - Reisen g\u00fcnstig buchen"},"image":{"@id":"https:\/\/www.ihr-ferienpartner.de\/mobil\/#\/schema\/logo\/image\/"}}]}},"_links":{"self":[{"href":"https:\/\/www.ihr-ferienpartner.de\/mobil\/wp-json\/wp\/v2\/pages\/805"}],"collection":[{"href":"https:\/\/www.ihr-ferienpartner.de\/mobil\/wp-json\/wp\/v2\/pages"}],"about":[{"href":"https:\/\/www.ihr-ferienpartner.de\/mobil\/wp-json\/wp\/v2\/types\/page"}],"author":[{"embeddable":true,"href":"https:\/\/www.ihr-ferienpartner.de\/mobil\/wp-json\/wp\/v2\/users\/1"}],"replies":[{"embeddable":true,"href":"https:\/\/www.ihr-ferienpartner.de\/mobil\/wp-json\/wp\/v2\/comments?post=805"}],"version-history":[{"count":35,"href":"https:\/\/www.ihr-ferienpartner.de\/mobil\/wp-json\/wp\/v2\/pages\/805\/revisions"}],"predecessor-version":[{"id":5857,"href":"https:\/\/www.ihr-ferienpartner.de\/mobil\/wp-json\/wp\/v2\/pages\/805\/revisions\/5857"}],"wp:attachment":[{"href":"https:\/\/www.ihr-ferienpartner.de\/mobil\/wp-json\/wp\/v2\/media?parent=805"}],"curies":[{"name":"wp","href":"https:\/\/api.w.org\/{rel}","templated":true}]}}